{"id":78563,"date":"2023-05-18T11:55:31","date_gmt":"2023-05-18T15:55:31","guid":{"rendered":"https:\/\/www.muralunique.com\/?post_type=product&#038;p=78563"},"modified":"2023-05-18T12:11:57","modified_gmt":"2023-05-18T16:11:57","slug":"toile-de-roses-sauvages","status":"publish","type":"product","link":"https:\/\/www.muralunique.com\/fr\/produit\/toile-de-roses-sauvages\/","title":{"rendered":"Toile de Roses Sauvages"},"content":{"rendered":"<p>-Spectaculaire murale en papier peint d&#8217;une toile de roses sauvages. Une murale vive et color\u00e9e, id\u00e9ale pour cr\u00e9er un mur d&#8217;accent unique et \u00e9clatant.<\/p>\n<p>-La murale comprend des laizes de 18\u2033 (45cm) de largeur. Par exemple, une murale de 6\u2032 (1,83m) de largeur a 4 laizes et une murale de 12\u2032 (3,66m) de largeur a 8 laizes.<\/p>\n<p>-Murale en papier\u00a0peint pr\u00e9encoll\u00e9e, lavable, s\u2019enl\u00e8ve \u00e0 sec et r\u00e9utilisable. Facile \u00e0 installer, se pose comme du papier\u00a0peint (tapisserie).<\/p>\n<p>-murale toile de roses sauvages, murale en papier peint toile de roses sauvages, papier peint toile de roses sauvages, tapisserie toile de roses sauvages, tapisserie murale toile de roses sauvages<\/p>\n","protected":false},"excerpt":{"rendered":"<p>-Spectaculaire murale en papier peint d&#8217;une toile de roses sauvages. Une murale vive et color\u00e9e, id\u00e9ale pour cr\u00e9er un mur d&#8217;accent unique et \u00e9clatant. -La murale comprend des laizes de 18\u2033 (45cm) de largeur. Par exemple, une murale de 6\u2032 (1,83m) de largeur a 4 laizes et une murale de 12\u2032 (3,66m) de largeur a [&hellip;]<\/p>\n","protected":false},"featured_media":78562,"template":"","meta":{"_acf_changed":false},"product_brand":[],"product_cat":[125,150,401],"product_tag":[8751,9010,9006,9340,9341,9524,9239],"class_list":{"0":"post-78563","1":"product","2":"type-product","3":"status-publish","4":"has-post-thumbnail","6":"artist-artistes-varies","7":"product_cat-abstrait-et-geometrie","8":"product_cat-fleurs-et-feuillages","9":"product_cat-tous-nos-produits","10":"product_tag-abstrait","11":"product_tag-fleurs","12":"product_tag-floral-fr","13":"product_tag-rose","14":"product_tag-roses-fr","15":"product_tag-sauvage","16":"product_tag-toile","18":"first","19":"instock","20":"taxable","21":"shipping-taxable","22":"purchasable","23":"product-type-variable","24":"has-default-attributes"},"acf":[],"_links":{"self":[{"href":"https:\/\/www.muralunique.com\/fr\/wp-json\/wp\/v2\/product\/78563","targetHints":{"allow":["GET"]}}],"collection":[{"href":"https:\/\/www.muralunique.com\/fr\/wp-json\/wp\/v2\/product"}],"about":[{"href":"https:\/\/www.muralunique.com\/fr\/wp-json\/wp\/v2\/types\/product"}],"wp:featuredmedia":[{"embeddable":true,"href":"https:\/\/www.muralunique.com\/fr\/wp-json\/wp\/v2\/media\/78562"}],"wp:attachment":[{"href":"https:\/\/www.muralunique.com\/fr\/wp-json\/wp\/v2\/media?parent=78563"}],"wp:term":[{"taxonomy":"product_brand","embeddable":true,"href":"https:\/\/www.muralunique.com\/fr\/wp-json\/wp\/v2\/product_brand?post=78563"},{"taxonomy":"product_cat","embeddable":true,"href":"https:\/\/www.muralunique.com\/fr\/wp-json\/wp\/v2\/product_cat?post=78563"},{"taxonomy":"product_tag","embeddable":true,"href":"https:\/\/www.muralunique.com\/fr\/wp-json\/wp\/v2\/product_tag?post=78563"}],"curies":[{"name":"wp","href":"https:\/\/api.w.org\/{rel}","templated":true}]}}