{"id":78698,"date":"2023-05-24T11:11:50","date_gmt":"2023-05-24T15:11:50","guid":{"rendered":"https:\/\/www.muralunique.com\/?post_type=product&#038;p=78698"},"modified":"2025-09-30T16:18:02","modified_gmt":"2025-09-30T20:18:02","slug":"phare","status":"publish","type":"product","link":"https:\/\/www.muralunique.com\/fr\/produit\/phare\/","title":{"rendered":"Phare"},"content":{"rendered":"<p id=\"tw-target-text\" class=\"tw-data-text tw-text-large tw-ta\" dir=\"ltr\" data-placeholder=\"Translation\"><span class=\"Y2IQFc\" lang=\"fr\">-Murale du phare Heceta Head Light. Ce phare est situ\u00e9 sur la c\u00f4te de l&#8217;Oregon aux \u00c9tats-Unis. Construit en 1894, le phare \u00e9met un faisceau visible \u00e0 21 milles marins (39 kilom\u00e8tres ou 24 milles), ce qui en fait la lumi\u00e8re la plus puissante de la c\u00f4te de l&#8217;Oregon (<a href=\"https:\/\/en.wikipedia.org\/wiki\/Heceta_Head_Light\" rel=\"nofollow noopener\" target=\"_blank\">wikipedia.org<\/a>).\u00a0<\/span><\/p>\n<p>-La murale comprend des laizes de 18\u2033 (45cm) de largeur. Par exemple, une murale de 6\u2032 (1,83m) de largeur a 4 laizes et une murale de 12\u2032 (3,66m) de largeur a 8 laizes.<\/p>\n<p>-Murale en papier\u00a0peint pr\u00e9encoll\u00e9e, lavable, s\u2019enl\u00e8ve \u00e0 sec et r\u00e9utilisable. Facile \u00e0 installer, se pose comme du papier\u00a0peint (tapisserie).<\/p>\n<p>-murale d&#8217;un phare, tapisserie d&#8217;un phare, papier peint d&#8217;un phare, m<span class=\"Y2IQFc\" lang=\"fr\">urale du phare Heceta Head Light, tapisserie murale du phare Heceta Head Light, papier peint\u00a0du phare Heceta Head Light<\/span><\/p>\n","protected":false},"excerpt":{"rendered":"<p>-Murale du phare Heceta Head Light. Ce phare est situ\u00e9 sur la c\u00f4te de l&#8217;Oregon aux \u00c9tats-Unis. Construit en 1894, le phare \u00e9met un faisceau visible \u00e0 21 milles marins (39 kilom\u00e8tres ou 24 milles), ce qui en fait la lumi\u00e8re la plus puissante de la c\u00f4te de l&#8217;Oregon (wikipedia.org).\u00a0 -La murale comprend des laizes [&hellip;]<\/p>\n","protected":false},"featured_media":78697,"template":"","meta":{"_acf_changed":false},"product_brand":[],"product_cat":[153,141,401],"product_tag":[8910,9517,9499,10105,9151,10118,9352,9231,10107,9137,10116,9456,8741],"class_list":{"0":"post-78698","1":"product","2":"type-product","3":"status-publish","4":"has-post-thumbnail","6":"artist-artistes-varies","7":"product_cat-eau-et-plages","8":"product_cat-nature-et-paysages","9":"product_cat-tous-nos-produits","10":"product_tag-cote","11":"product_tag-eau","12":"product_tag-etats-unis","13":"product_tag-heceta-head-fr","14":"product_tag-lumiere","15":"product_tag-maritime-fr","16":"product_tag-mer","17":"product_tag-ocean-fr-2","18":"product_tag-oregon-fr","19":"product_tag-paysage","20":"product_tag-phare","21":"product_tag-tour","22":"product_tag-usa-fr","24":"first","25":"instock","26":"taxable","27":"shipping-taxable","28":"purchasable","29":"product-type-variable","30":"has-default-attributes"},"acf":[],"_links":{"self":[{"href":"https:\/\/www.muralunique.com\/fr\/wp-json\/wp\/v2\/product\/78698","targetHints":{"allow":["GET"]}}],"collection":[{"href":"https:\/\/www.muralunique.com\/fr\/wp-json\/wp\/v2\/product"}],"about":[{"href":"https:\/\/www.muralunique.com\/fr\/wp-json\/wp\/v2\/types\/product"}],"wp:featuredmedia":[{"embeddable":true,"href":"https:\/\/www.muralunique.com\/fr\/wp-json\/wp\/v2\/media\/78697"}],"wp:attachment":[{"href":"https:\/\/www.muralunique.com\/fr\/wp-json\/wp\/v2\/media?parent=78698"}],"wp:term":[{"taxonomy":"product_brand","embeddable":true,"href":"https:\/\/www.muralunique.com\/fr\/wp-json\/wp\/v2\/product_brand?post=78698"},{"taxonomy":"product_cat","embeddable":true,"href":"https:\/\/www.muralunique.com\/fr\/wp-json\/wp\/v2\/product_cat?post=78698"},{"taxonomy":"product_tag","embeddable":true,"href":"https:\/\/www.muralunique.com\/fr\/wp-json\/wp\/v2\/product_tag?post=78698"}],"curies":[{"name":"wp","href":"https:\/\/api.w.org\/{rel}","templated":true}]}}