{"id":78719,"date":"2023-05-24T11:55:55","date_gmt":"2023-05-24T15:55:55","guid":{"rendered":"https:\/\/www.muralunique.com\/?post_type=product&#038;p=78719"},"modified":"2023-05-24T12:12:33","modified_gmt":"2023-05-24T16:12:33","slug":"vieil-atelier-de-menuisiers","status":"publish","type":"product","link":"https:\/\/www.muralunique.com\/fr\/produit\/vieil-atelier-de-menuisiers\/","title":{"rendered":"Vieil Atelier de Menuisiers"},"content":{"rendered":"<p>-Murale en papier peint d&#8217;un vieil atelier de menuisiers rempli d&#8217;outils. Une murale vintage originale, parfaite pour cr\u00e9er un d\u00e9cor unique et pittoresque.<\/p>\n<p>-La murale comprend des laizes de 18\u2033 (45cm) de largeur. Par exemple, une murale de 6\u2032 (1,83m) de largeur a 4 laizes et une murale de 12\u2032 (3,66m) de largeur a 8 laizes.<\/p>\n<p>-Murale en papier\u00a0peint pr\u00e9encoll\u00e9e, lavable, s\u2019enl\u00e8ve \u00e0 sec et r\u00e9utilisable. Facile \u00e0 installer, se pose comme du papier\u00a0peint (tapisserie).<\/p>\n<p>-murale vieil atelier de menuisiers, tapisserie murale vieil atelier de menuisiers, tapisserie vieil atelier de menuisiers, papier peint vieil atelier de menuisiers, murale en papier peint vieil atelier de menuisiers<\/p>\n","protected":false},"excerpt":{"rendered":"<p>-Murale en papier peint d&#8217;un vieil atelier de menuisiers rempli d&#8217;outils. Une murale vintage originale, parfaite pour cr\u00e9er un d\u00e9cor unique et pittoresque. -La murale comprend des laizes de 18\u2033 (45cm) de largeur. Par exemple, une murale de 6\u2032 (1,83m) de largeur a 4 laizes et une murale de 12\u2032 (3,66m) de largeur a 8 [&hellip;]<\/p>\n","protected":false},"featured_media":78718,"template":"","meta":{"_acf_changed":false},"product_brand":[],"product_cat":[401,163],"product_tag":[10124,10126,10117,10112,10113,10121,10122,9326,9483,9482,9485,9234,9512],"class_list":{"0":"post-78719","1":"product","2":"type-product","3":"status-publish","4":"has-post-thumbnail","6":"artist-artistes-varies","7":"product_cat-tous-nos-produits","8":"product_cat-trompe-loeil","9":"product_tag-atelier-de-travail","10":"product_tag-atelier-de-travail-fr","11":"product_tag-machinerie","12":"product_tag-menuisier","13":"product_tag-menuisiers","14":"product_tag-outil","15":"product_tag-outils","16":"product_tag-retro","17":"product_tag-trompe-l-oeil","18":"product_tag-trompe-loeil","19":"product_tag-trompe-oeil-fr","20":"product_tag-vieux","21":"product_tag-vintage-fr","23":"first","24":"instock","25":"taxable","26":"shipping-taxable","27":"purchasable","28":"product-type-variable","29":"has-default-attributes"},"acf":[],"_links":{"self":[{"href":"https:\/\/www.muralunique.com\/fr\/wp-json\/wp\/v2\/product\/78719","targetHints":{"allow":["GET"]}}],"collection":[{"href":"https:\/\/www.muralunique.com\/fr\/wp-json\/wp\/v2\/product"}],"about":[{"href":"https:\/\/www.muralunique.com\/fr\/wp-json\/wp\/v2\/types\/product"}],"wp:featuredmedia":[{"embeddable":true,"href":"https:\/\/www.muralunique.com\/fr\/wp-json\/wp\/v2\/media\/78718"}],"wp:attachment":[{"href":"https:\/\/www.muralunique.com\/fr\/wp-json\/wp\/v2\/media?parent=78719"}],"wp:term":[{"taxonomy":"product_brand","embeddable":true,"href":"https:\/\/www.muralunique.com\/fr\/wp-json\/wp\/v2\/product_brand?post=78719"},{"taxonomy":"product_cat","embeddable":true,"href":"https:\/\/www.muralunique.com\/fr\/wp-json\/wp\/v2\/product_cat?post=78719"},{"taxonomy":"product_tag","embeddable":true,"href":"https:\/\/www.muralunique.com\/fr\/wp-json\/wp\/v2\/product_tag?post=78719"}],"curies":[{"name":"wp","href":"https:\/\/api.w.org\/{rel}","templated":true}]}}