{"id":7878,"date":"2015-10-23T17:38:07","date_gmt":"2015-10-23T17:38:07","guid":{"rendered":"https:\/\/muralunique.com\/?post_type=product&#038;p=7878"},"modified":"2021-07-30T13:31:56","modified_gmt":"2021-07-30T17:31:56","slug":"londres-a-lappareil","status":"publish","type":"product","link":"https:\/\/www.muralunique.com\/fr\/produit\/londres-a-lappareil\/","title":{"rendered":"Londres \u00e0 l&#8217;Appareil"},"content":{"rendered":"<p>-Murale en papier peint trompe l&#8217;oeil d&#8217;une cabine de t\u00e9l\u00e9phone rouge \u00e0 Londres en Angleterre.<\/p>\n<p>-La murale comprend des laizes de 18&#8243; (45cm) de largeur. Par exemple, une murale de 6&#8242; (1,83m) de largeur a 4 laizes et une murale de 12&#8242; (3,66m) de largeur a 8 laizes.<\/p>\n<p>-Murale en papier\u00a0peint pr\u00e9encoll\u00e9e, lavable, s&#8217;enl\u00e8ve \u00e0 sec et r\u00e9utilisable. Facile \u00e0 installer, se pose comme du papier\u00a0peint (tapisserie).<\/p>\n<p>-murale cabine de t\u00e9l\u00e9phone, murale cabine de t\u00e9l\u00e9phone rouge, murale Londres, papier peint Londres, photo murale Londres<\/p>\n","protected":false},"excerpt":{"rendered":"<p>-Murale en papier peint trompe l&#8217;oeil d&#8217;une cabine de t\u00e9l\u00e9phone rouge \u00e0 Londres en Angleterre. -La murale comprend des laizes de 18&#8243; (45cm) de largeur. Par exemple, une murale de 6&#8242; (1,83m) de largeur a 4 laizes et une murale de 12&#8242; (3,66m) de largeur a 8 laizes. -Murale en papier\u00a0peint pr\u00e9encoll\u00e9e, lavable, s&#8217;enl\u00e8ve \u00e0 [&hellip;]<\/p>\n","protected":false},"featured_media":7879,"template":"","meta":{"_acf_changed":false},"product_brand":[],"product_cat":[166,401,163],"product_tag":[8968,8691,9161,8902,9498,9612,9485,9500],"class_list":{"0":"post-7878","1":"product","2":"type-product","3":"status-publish","4":"has-post-thumbnail","6":"product_cat-scenes-urbaines-villes","7":"product_cat-tous-nos-produits","8":"product_cat-trompe-loeil","9":"product_tag-angleterre","10":"product_tag-europe-fr","11":"product_tag-londres","12":"product_tag-paysage-urbain","13":"product_tag-royaume-uni","14":"product_tag-trompe-loeil-fr","15":"product_tag-trompe-oeil-fr","16":"product_tag-urbain","18":"first","19":"instock","20":"taxable","21":"shipping-taxable","22":"purchasable","23":"product-type-variable","24":"has-default-attributes"},"acf":[],"_links":{"self":[{"href":"https:\/\/www.muralunique.com\/fr\/wp-json\/wp\/v2\/product\/7878","targetHints":{"allow":["GET"]}}],"collection":[{"href":"https:\/\/www.muralunique.com\/fr\/wp-json\/wp\/v2\/product"}],"about":[{"href":"https:\/\/www.muralunique.com\/fr\/wp-json\/wp\/v2\/types\/product"}],"wp:featuredmedia":[{"embeddable":true,"href":"https:\/\/www.muralunique.com\/fr\/wp-json\/wp\/v2\/media\/7879"}],"wp:attachment":[{"href":"https:\/\/www.muralunique.com\/fr\/wp-json\/wp\/v2\/media?parent=7878"}],"wp:term":[{"taxonomy":"product_brand","embeddable":true,"href":"https:\/\/www.muralunique.com\/fr\/wp-json\/wp\/v2\/product_brand?post=7878"},{"taxonomy":"product_cat","embeddable":true,"href":"https:\/\/www.muralunique.com\/fr\/wp-json\/wp\/v2\/product_cat?post=7878"},{"taxonomy":"product_tag","embeddable":true,"href":"https:\/\/www.muralunique.com\/fr\/wp-json\/wp\/v2\/product_tag?post=7878"}],"curies":[{"name":"wp","href":"https:\/\/api.w.org\/{rel}","templated":true}]}}