{"id":7884,"date":"2015-11-05T09:06:20","date_gmt":"2015-11-05T09:06:20","guid":{"rendered":"https:\/\/muralunique.com\/?post_type=product&#038;p=7884"},"modified":"2023-02-01T09:52:39","modified_gmt":"2023-02-01T14:52:39","slug":"mur-de-pierres","status":"publish","type":"product","link":"https:\/\/www.muralunique.com\/fr\/produit\/mur-de-pierres\/","title":{"rendered":"Mur de Pierres"},"content":{"rendered":"<p>-Photo murale en papier peint en haute r\u00e9solution d&#8217;un mur de pierres grises. La\u00a0qualit\u00e9 (r\u00e9solution) de cette image est exceptionnelle (600 M\u00e9gaPixels).<\/p>\n<p>-La murale comprend des laizes de 18\u2033 (45cm) de largeur. Par exemple, une murale de 6\u2032 (1,83m) de largeur a 4 laizes et une murale de 12\u2032 (3,66m) de largeur a 8 laizes.<\/p>\n<p>-Murale en papier\u00a0peint pr\u00e9encoll\u00e9e, lavable, s\u2019enl\u00e8ve \u00e0 sec et r\u00e9utilisable. Facile \u00e0 installer, se pose comme du papier\u00a0peint (tapisserie).<\/p>\n<p>-Photographie de Donn Petelka. Vous pouvez obtenir plus d&#8217;informations \u00e0 cette adresse:\u00a0<a href=\"mailto:donnpetelka@gmail.com\" target=\"_blank\" rel=\"noopener noreferrer\">donnpetelka@gmail.com<\/a>.<\/p>\n<p>-murale mur de pierres, photo murale mur de pierres, murale en papier peint mur de pierres, murale texture pierres, tapisserie pierres<\/p>\n","protected":false},"excerpt":{"rendered":"<p>-Photo murale en papier peint en haute r\u00e9solution d&#8217;un mur de pierres grises. La\u00a0qualit\u00e9 (r\u00e9solution) de cette image est exceptionnelle (600 M\u00e9gaPixels). -La murale comprend des laizes de 18\u2033 (45cm) de largeur. Par exemple, une murale de 6\u2032 (1,83m) de largeur a 4 laizes et une murale de 12\u2032 (3,66m) de largeur a 8 laizes. [&hellip;]<\/p>\n","protected":false},"featured_media":7885,"template":"","meta":{"_acf_changed":false},"product_brand":[197],"product_cat":[10434,305,169,401,427],"product_tag":[9515,9416,9417,9447,9448,9482,9485],"class_list":{"0":"post-7884","1":"product","2":"type-product","3":"status-publish","4":"has-post-thumbnail","6":"artist-donn-petelka-fr","7":"product_brand-donn-petelka-2","8":"product_cat-images-panoramiques","9":"product_cat-produits-vedettes","10":"product_cat-textures-2","11":"product_cat-tous-nos-produits","12":"product_cat-ultra-haute-d-finition-photos","13":"product_tag-mur","14":"product_tag-pierre","15":"product_tag-pierres","16":"product_tag-texture-fr","17":"product_tag-texture-fr-2","18":"product_tag-trompe-loeil","19":"product_tag-trompe-oeil-fr","21":"first","22":"instock","23":"taxable","24":"shipping-taxable","25":"purchasable","26":"product-type-variable","27":"has-default-attributes"},"acf":[],"_links":{"self":[{"href":"https:\/\/www.muralunique.com\/fr\/wp-json\/wp\/v2\/product\/7884","targetHints":{"allow":["GET"]}}],"collection":[{"href":"https:\/\/www.muralunique.com\/fr\/wp-json\/wp\/v2\/product"}],"about":[{"href":"https:\/\/www.muralunique.com\/fr\/wp-json\/wp\/v2\/types\/product"}],"wp:featuredmedia":[{"embeddable":true,"href":"https:\/\/www.muralunique.com\/fr\/wp-json\/wp\/v2\/media\/7885"}],"wp:attachment":[{"href":"https:\/\/www.muralunique.com\/fr\/wp-json\/wp\/v2\/media?parent=7884"}],"wp:term":[{"taxonomy":"product_brand","embeddable":true,"href":"https:\/\/www.muralunique.com\/fr\/wp-json\/wp\/v2\/product_brand?post=7884"},{"taxonomy":"product_cat","embeddable":true,"href":"https:\/\/www.muralunique.com\/fr\/wp-json\/wp\/v2\/product_cat?post=7884"},{"taxonomy":"product_tag","embeddable":true,"href":"https:\/\/www.muralunique.com\/fr\/wp-json\/wp\/v2\/product_tag?post=7884"}],"curies":[{"name":"wp","href":"https:\/\/api.w.org\/{rel}","templated":true}]}}