{"id":7914,"date":"2015-11-11T10:05:31","date_gmt":"2015-11-11T10:05:31","guid":{"rendered":"https:\/\/muralunique.com\/?post_type=product&#038;p=7914"},"modified":"2021-07-30T13:32:02","modified_gmt":"2021-07-30T17:32:02","slug":"petite-grange","status":"publish","type":"product","link":"https:\/\/www.muralunique.com\/fr\/produit\/petite-grange\/","title":{"rendered":"Petite Grange"},"content":{"rendered":"<p>-Murale en papier peint d&#8217;une petite grange. Cette photo murale est un parfait trompe l&#8217;oeil pour cr\u00e9er une ambiance cowboy\/far ouest\/country.<\/p>\n<p>-La murale comprend des laizes de 18\u2033 (45cm) de largeur. Par exemple, une murale de 6\u2032 (1,83m) de largeur a 4 laizes et une murale de 12\u2032 (3,66m) de largeur a 8 laizes.<\/p>\n<p>-Murale en papier\u00a0peint pr\u00e9encoll\u00e9e, lavable, s\u2019enl\u00e8ve \u00e0 sec et r\u00e9utilisable. Facile \u00e0 installer, se pose comme du papier\u00a0peint (tapisserie).<\/p>\n<p>-murale petite grange, papier peint grange, murale trompe l&#8217;oeil grange, murale grange, tapisserie grange<\/p>\n","protected":false},"excerpt":{"rendered":"<p>-Murale en papier peint d&#8217;une petite grange. Cette photo murale est un parfait trompe l&#8217;oeil pour cr\u00e9er une ambiance cowboy\/far ouest\/country. -La murale comprend des laizes de 18\u2033 (45cm) de largeur. Par exemple, une murale de 6\u2032 (1,83m) de largeur a 4 laizes et une murale de 12\u2032 (3,66m) de largeur a 8 laizes. -Murale [&hellip;]<\/p>\n","protected":false},"featured_media":7915,"template":"","meta":{"_acf_changed":false},"product_brand":[203],"product_cat":[401,163],"product_tag":[8801,8747,8925,9524,9612,9485,9234],"class_list":{"0":"post-7914","1":"product","2":"type-product","3":"status-publish","4":"has-post-thumbnail","6":"product_brand-muralunique-com","7":"product_cat-tous-nos-produits","8":"product_cat-trompe-loeil","9":"product_tag-grange","10":"product_tag-occidental","11":"product_tag-pays-fr","12":"product_tag-sauvage","13":"product_tag-trompe-loeil-fr","14":"product_tag-trompe-oeil-fr","15":"product_tag-vieux","17":"first","18":"instock","19":"taxable","20":"shipping-taxable","21":"purchasable","22":"product-type-variable","23":"has-default-attributes"},"acf":[],"_links":{"self":[{"href":"https:\/\/www.muralunique.com\/fr\/wp-json\/wp\/v2\/product\/7914","targetHints":{"allow":["GET"]}}],"collection":[{"href":"https:\/\/www.muralunique.com\/fr\/wp-json\/wp\/v2\/product"}],"about":[{"href":"https:\/\/www.muralunique.com\/fr\/wp-json\/wp\/v2\/types\/product"}],"wp:featuredmedia":[{"embeddable":true,"href":"https:\/\/www.muralunique.com\/fr\/wp-json\/wp\/v2\/media\/7915"}],"wp:attachment":[{"href":"https:\/\/www.muralunique.com\/fr\/wp-json\/wp\/v2\/media?parent=7914"}],"wp:term":[{"taxonomy":"product_brand","embeddable":true,"href":"https:\/\/www.muralunique.com\/fr\/wp-json\/wp\/v2\/product_brand?post=7914"},{"taxonomy":"product_cat","embeddable":true,"href":"https:\/\/www.muralunique.com\/fr\/wp-json\/wp\/v2\/product_cat?post=7914"},{"taxonomy":"product_tag","embeddable":true,"href":"https:\/\/www.muralunique.com\/fr\/wp-json\/wp\/v2\/product_tag?post=7914"}],"curies":[{"name":"wp","href":"https:\/\/api.w.org\/{rel}","templated":true}]}}