{"id":79180,"date":"2023-06-14T18:49:07","date_gmt":"2023-06-14T22:49:07","guid":{"rendered":"https:\/\/www.muralunique.com\/?post_type=product&#038;p=79180"},"modified":"2024-08-26T11:45:14","modified_gmt":"2024-08-26T15:45:14","slug":"mur-texture-de-pierres-couleur-fumee-grise","status":"publish","type":"product","link":"https:\/\/www.muralunique.com\/fr\/produit\/mur-texture-de-pierres-couleur-fumee-grise\/","title":{"rendered":"Mur Texture de Pierres (Couleur Fum\u00e9e Grise)"},"content":{"rendered":"<p><span lang=\"fr\">-Murale d&#8217;une texture de pierres de couleur fum\u00e9e grise en ultra haute r\u00e9solution. Un mur de pierres peut ajouter beaucoup de charme \u00e0 une maison. Cependant, un vrai mur de pierre peut \u00eatre tr\u00e8s cher et poussi\u00e9reux; c&#8217;est pourquoi une murale de texture de pierre en haute r\u00e9solution est l&#8217;alternative parfaite. <\/span><\/p>\n<p>-La murale comprend des laizes de 18\u2033 (45cm) de largeur. Par exemple, une murale de 6\u2032 (1,83m) de largeur a 4 laizes et une murale de 12\u2032 (3,66m) de largeur a 8 laizes.<\/p>\n<p>-Murale en papier\u00a0peint pr\u00e9encoll\u00e9e, lavable, s\u2019enl\u00e8ve \u00e0 sec et r\u00e9utilisable. Facile \u00e0 installer, se pose comme du papier\u00a0peint (tapisserie).<\/p>\n<p>-Photographie de Donn Petelka. Vous pouvez obtenir plus d\u2019informations \u00e0 cette adresse:\u00a0<a href=\"mailto:donnpetelka@gmail.com\" target=\"_blank\" rel=\"noopener noreferrer\">donnpetelka@gmail.com<\/a>.<\/p>\n<p>-murale <span lang=\"fr\">texture de pierres de couleur fum\u00e9e grise, papier peint texture de pierres de couleur fum\u00e9e grise, tapisserie murale texture de pierres de couleur fum\u00e9e grise, murale texture, papier peint texture<\/span><\/p>\n","protected":false},"excerpt":{"rendered":"<p>-Murale d&#8217;une texture de pierres de couleur fum\u00e9e grise en ultra haute r\u00e9solution. Un mur de pierres peut ajouter beaucoup de charme \u00e0 une maison. Cependant, un vrai mur de pierre peut \u00eatre tr\u00e8s cher et poussi\u00e9reux; c&#8217;est pourquoi une murale de texture de pierre en haute r\u00e9solution est l&#8217;alternative parfaite. -La murale comprend des [&hellip;]<\/p>\n","protected":false},"featured_media":94535,"template":"","meta":{"_acf_changed":false},"product_brand":[],"product_cat":[10434,169,401,427],"product_tag":[9515,9416,9417,9447,9448,9449],"class_list":{"0":"post-79180","1":"product","2":"type-product","3":"status-publish","4":"has-post-thumbnail","6":"artist-donn-petelka-fr","7":"product_cat-images-panoramiques","8":"product_cat-textures-2","9":"product_cat-tous-nos-produits","10":"product_cat-ultra-haute-d-finition-photos","11":"product_tag-mur","12":"product_tag-pierre","13":"product_tag-pierres","14":"product_tag-texture-fr","15":"product_tag-texture-fr-2","16":"product_tag-textures","18":"first","19":"instock","20":"taxable","21":"shipping-taxable","22":"purchasable","23":"product-type-variable","24":"has-default-attributes"},"acf":[],"_links":{"self":[{"href":"https:\/\/www.muralunique.com\/fr\/wp-json\/wp\/v2\/product\/79180","targetHints":{"allow":["GET"]}}],"collection":[{"href":"https:\/\/www.muralunique.com\/fr\/wp-json\/wp\/v2\/product"}],"about":[{"href":"https:\/\/www.muralunique.com\/fr\/wp-json\/wp\/v2\/types\/product"}],"wp:featuredmedia":[{"embeddable":true,"href":"https:\/\/www.muralunique.com\/fr\/wp-json\/wp\/v2\/media\/94535"}],"wp:attachment":[{"href":"https:\/\/www.muralunique.com\/fr\/wp-json\/wp\/v2\/media?parent=79180"}],"wp:term":[{"taxonomy":"product_brand","embeddable":true,"href":"https:\/\/www.muralunique.com\/fr\/wp-json\/wp\/v2\/product_brand?post=79180"},{"taxonomy":"product_cat","embeddable":true,"href":"https:\/\/www.muralunique.com\/fr\/wp-json\/wp\/v2\/product_cat?post=79180"},{"taxonomy":"product_tag","embeddable":true,"href":"https:\/\/www.muralunique.com\/fr\/wp-json\/wp\/v2\/product_tag?post=79180"}],"curies":[{"name":"wp","href":"https:\/\/api.w.org\/{rel}","templated":true}]}}