{"id":7924,"date":"2015-11-18T13:36:30","date_gmt":"2015-11-18T13:36:30","guid":{"rendered":"https:\/\/muralunique.com\/?post_type=product&#038;p=7924"},"modified":"2022-05-24T11:13:36","modified_gmt":"2022-05-24T15:13:36","slug":"mur-de-beton-hd","status":"publish","type":"product","link":"https:\/\/www.muralunique.com\/fr\/produit\/mur-de-beton-hd\/","title":{"rendered":"Mur de B\u00e9ton (HD)"},"content":{"rendered":"<p>-Murale en papier peint d&#8217;un mur de b\u00e9ton textur\u00e9.\u00a0La qualit\u00e9 (r\u00e9solution) de cette image est exceptionnelle (850\u00a0M\u00e9gaPixels).<\/p>\n<p>-La murale comprend des laizes de 18&#8243; (45cm) de largeur. Par exemple, une murale de 6&#8242; (1,83m) de largeur a 4 laizes et une murale de 12&#8242; (3,66m) de largeur a 8 laizes.<\/p>\n<p>-Murale en papier\u00a0peint pr\u00e9encoll\u00e9e, lavable, s&#8217;enl\u00e8ve \u00e0 sec et r\u00e9utilisable. Facile \u00e0 installer, se pose comme du papier\u00a0peint (tapisserie).<\/p>\n<p>-Photographie de Donn Petelka. Vous pouvez obtenir plus d&#8217;informations \u00e0 cette adresse:\u00a0<a href=\"mailto:donnpetelka@gmail.com\" target=\"_blank\" rel=\"noopener noreferrer\">donnpetelka@gmail.com<\/a>.<\/p>\n<p>-murale mur de b\u00e9ton, papier peint mur de b\u00e9ton, tapisserie mur de b\u00e9ton, murale b\u00e9ton, papier peint b\u00e9ton<\/p>\n","protected":false},"excerpt":{"rendered":"<p>-Murale en papier peint d&#8217;un mur de b\u00e9ton textur\u00e9.\u00a0La qualit\u00e9 (r\u00e9solution) de cette image est exceptionnelle (850\u00a0M\u00e9gaPixels). -La murale comprend des laizes de 18&#8243; (45cm) de largeur. Par exemple, une murale de 6&#8242; (1,83m) de largeur a 4 laizes et une murale de 12&#8242; (3,66m) de largeur a 8 laizes. -Murale en papier\u00a0peint pr\u00e9encoll\u00e9e, lavable, [&hellip;]<\/p>\n","protected":false},"featured_media":9674,"template":"","meta":{"_acf_changed":false},"product_brand":[197],"product_cat":[10434,305,169,401,427],"product_tag":[8919,8882,9515,9447,9448],"class_list":{"0":"post-7924","1":"product","2":"type-product","3":"status-publish","4":"has-post-thumbnail","6":"artist-donn-petelka-fr","7":"product_brand-donn-petelka-2","8":"product_cat-images-panoramiques","9":"product_cat-produits-vedettes","10":"product_cat-textures-2","11":"product_cat-tous-nos-produits","12":"product_cat-ultra-haute-d-finition-photos","13":"product_tag-beton","14":"product_tag-ciment","15":"product_tag-mur","16":"product_tag-texture-fr","17":"product_tag-texture-fr-2","19":"first","20":"instock","21":"taxable","22":"shipping-taxable","23":"purchasable","24":"product-type-variable"},"acf":[],"_links":{"self":[{"href":"https:\/\/www.muralunique.com\/fr\/wp-json\/wp\/v2\/product\/7924","targetHints":{"allow":["GET"]}}],"collection":[{"href":"https:\/\/www.muralunique.com\/fr\/wp-json\/wp\/v2\/product"}],"about":[{"href":"https:\/\/www.muralunique.com\/fr\/wp-json\/wp\/v2\/types\/product"}],"wp:featuredmedia":[{"embeddable":true,"href":"https:\/\/www.muralunique.com\/fr\/wp-json\/wp\/v2\/media\/9674"}],"wp:attachment":[{"href":"https:\/\/www.muralunique.com\/fr\/wp-json\/wp\/v2\/media?parent=7924"}],"wp:term":[{"taxonomy":"product_brand","embeddable":true,"href":"https:\/\/www.muralunique.com\/fr\/wp-json\/wp\/v2\/product_brand?post=7924"},{"taxonomy":"product_cat","embeddable":true,"href":"https:\/\/www.muralunique.com\/fr\/wp-json\/wp\/v2\/product_cat?post=7924"},{"taxonomy":"product_tag","embeddable":true,"href":"https:\/\/www.muralunique.com\/fr\/wp-json\/wp\/v2\/product_tag?post=7924"}],"curies":[{"name":"wp","href":"https:\/\/api.w.org\/{rel}","templated":true}]}}