{"id":79344,"date":"2023-06-16T14:08:58","date_gmt":"2023-06-16T18:08:58","guid":{"rendered":"https:\/\/www.muralunique.com\/?post_type=product&#038;p=79344"},"modified":"2023-06-16T14:26:41","modified_gmt":"2023-06-16T18:26:41","slug":"pissenlit-au-vent","status":"publish","type":"product","link":"https:\/\/www.muralunique.com\/fr\/produit\/pissenlit-au-vent\/","title":{"rendered":"Pissenlit au Vent"},"content":{"rendered":"<p>-Murale d&#8217;une image en gros plan d&#8217;un pissenlit qui s&#8217;envole au vent sur un fond noir. Une image int\u00e9ressante pour habiller un petit mur tout en \u00e9l\u00e9gance. Convient parfaitement pour un petit mur de salle de bain, de chambre \u00e0 coucher, de salon, ou n&#8217;importe quelle autre pi\u00e8ce.<\/p>\n<p>-La murale comprend des laizes de 18\u2033 (45cm) de largeur. Par exemple, une murale de 6\u2032 (1,83m) de largeur a 4 laizes et une murale de 12\u2032 (3,66m) de largeur a 8 laizes.<\/p>\n<p>-Murale en papier\u00a0peint pr\u00e9encoll\u00e9e, lavable, s\u2019enl\u00e8ve \u00e0 sec et r\u00e9utilisable. Facile \u00e0 installer, se pose comme du papier\u00a0peint (tapisserie).<\/p>\n<p>-murale pissenlit au vent, tapisserie pissenlit au vent, tapisserie murale pissenlit au vent, papier peint pissenlit au vent, murale pissenlit au vent, tapisserie murale pissenlit au vent<\/p>\n","protected":false},"excerpt":{"rendered":"<p>-Murale d&#8217;une image en gros plan d&#8217;un pissenlit qui s&#8217;envole au vent sur un fond noir. Une image int\u00e9ressante pour habiller un petit mur tout en \u00e9l\u00e9gance. Convient parfaitement pour un petit mur de salle de bain, de chambre \u00e0 coucher, de salon, ou n&#8217;importe quelle autre pi\u00e8ce. -La murale comprend des laizes de 18\u2033 [&hellip;]<\/p>\n","protected":false},"featured_media":79341,"template":"","meta":{"_acf_changed":false},"product_brand":[],"product_cat":[150,401],"product_tag":[9009,9010,9006,10154,10155,9167,9810,8937,8905,10152,10153,9413,9414,9527],"class_list":{"0":"post-79344","1":"product","2":"type-product","3":"status-publish","4":"has-post-thumbnail","6":"artist-artistes-varies","7":"product_cat-fleurs-et-feuillages","8":"product_cat-tous-nos-produits","9":"product_tag-fleur","10":"product_tag-fleurs","11":"product_tag-floral-fr","12":"product_tag-graine","13":"product_tag-graines","14":"product_tag-macro-fr","15":"product_tag-pissenlit","16":"product_tag-pissenlits","17":"product_tag-plan-rapproche","18":"product_tag-souffle","19":"product_tag-souffler","20":"product_tag-tige","21":"product_tag-tiges","22":"product_tag-vent","24":"first","25":"instock","26":"taxable","27":"shipping-taxable","28":"purchasable","29":"product-type-variable","30":"has-default-attributes"},"acf":[],"_links":{"self":[{"href":"https:\/\/www.muralunique.com\/fr\/wp-json\/wp\/v2\/product\/79344","targetHints":{"allow":["GET"]}}],"collection":[{"href":"https:\/\/www.muralunique.com\/fr\/wp-json\/wp\/v2\/product"}],"about":[{"href":"https:\/\/www.muralunique.com\/fr\/wp-json\/wp\/v2\/types\/product"}],"wp:featuredmedia":[{"embeddable":true,"href":"https:\/\/www.muralunique.com\/fr\/wp-json\/wp\/v2\/media\/79341"}],"wp:attachment":[{"href":"https:\/\/www.muralunique.com\/fr\/wp-json\/wp\/v2\/media?parent=79344"}],"wp:term":[{"taxonomy":"product_brand","embeddable":true,"href":"https:\/\/www.muralunique.com\/fr\/wp-json\/wp\/v2\/product_brand?post=79344"},{"taxonomy":"product_cat","embeddable":true,"href":"https:\/\/www.muralunique.com\/fr\/wp-json\/wp\/v2\/product_cat?post=79344"},{"taxonomy":"product_tag","embeddable":true,"href":"https:\/\/www.muralunique.com\/fr\/wp-json\/wp\/v2\/product_tag?post=79344"}],"curies":[{"name":"wp","href":"https:\/\/api.w.org\/{rel}","templated":true}]}}