{"id":79480,"date":"2023-06-21T14:37:44","date_gmt":"2023-06-21T18:37:44","guid":{"rendered":"https:\/\/www.muralunique.com\/?post_type=product&#038;p=79480"},"modified":"2023-06-21T15:12:36","modified_gmt":"2023-06-21T19:12:36","slug":"fleurs-sauvages-ocre","status":"publish","type":"product","link":"https:\/\/www.muralunique.com\/fr\/produit\/fleurs-sauvages-ocre\/","title":{"rendered":"Fleurs Sauvages Ocre"},"content":{"rendered":"<p>-Murale d&#8217;une toile de fleurs sauvages de couleur ocre. Un design \u00e9l\u00e9gant et sophistiqu\u00e9, id\u00e9al pour cr\u00e9er un mur d&#8217;accent \u00e9poustouflant et un d\u00e9cor unique dans votre int\u00e9rieur.<\/p>\n<p>-La murale comprend des laizes de 18\u2033 (45cm) de largeur. Par exemple, une murale de 6\u2032 (1,83m) de largeur a 4 laizes et une murale de 12\u2032 (3,66m) de largeur a 8 laizes.<\/p>\n<p>-Murale en papier\u00a0peint pr\u00e9encoll\u00e9e, lavable, s\u2019enl\u00e8ve \u00e0 sec et r\u00e9utilisable. Facile \u00e0 installer, se pose comme du papier\u00a0peint (tapisserie).<\/p>\n<p>-murale fleurs sauvages ocre, tapisserie murale fleurs sauvages ocre, tapisserie fleurs sauvages ocre, tapisserie murale fleurs sauvages ocre<\/p>\n","protected":false},"excerpt":{"rendered":"<p>-Murale d&#8217;une toile de fleurs sauvages de couleur ocre. Un design \u00e9l\u00e9gant et sophistiqu\u00e9, id\u00e9al pour cr\u00e9er un mur d&#8217;accent \u00e9poustouflant et un d\u00e9cor unique dans votre int\u00e9rieur. -La murale comprend des laizes de 18\u2033 (45cm) de largeur. Par exemple, une murale de 6\u2032 (1,83m) de largeur a 4 laizes et une murale de 12\u2032 [&hellip;]<\/p>\n","protected":false},"featured_media":88346,"template":"","meta":{"_acf_changed":false},"product_brand":[],"product_cat":[125,150,401],"product_tag":[8751,9653,9142,9144,9009,10146,9010,10147,9006,10157,9611,9844,9269,9270,9524,9239],"class_list":{"0":"post-79480","1":"product","2":"type-product","3":"status-publish","4":"has-post-thumbnail","6":"artist-artistes-varies","7":"product_cat-abstrait-et-geometrie","8":"product_cat-fleurs-et-feuillages","9":"product_cat-tous-nos-produits","10":"product_tag-abstrait","11":"product_tag-aquarelle","12":"product_tag-feuille","13":"product_tag-feuilles","14":"product_tag-fleur","15":"product_tag-fleur-sauvage","16":"product_tag-fleurs","17":"product_tag-fleurs-sauvages","18":"product_tag-floral-fr","19":"product_tag-ocre","20":"product_tag-pastel-fr","21":"product_tag-peinture-a-lhuile","22":"product_tag-petale","23":"product_tag-petales","24":"product_tag-sauvage","25":"product_tag-toile","27":"first","28":"instock","29":"taxable","30":"shipping-taxable","31":"purchasable","32":"product-type-variable","33":"has-default-attributes"},"acf":[],"_links":{"self":[{"href":"https:\/\/www.muralunique.com\/fr\/wp-json\/wp\/v2\/product\/79480","targetHints":{"allow":["GET"]}}],"collection":[{"href":"https:\/\/www.muralunique.com\/fr\/wp-json\/wp\/v2\/product"}],"about":[{"href":"https:\/\/www.muralunique.com\/fr\/wp-json\/wp\/v2\/types\/product"}],"wp:featuredmedia":[{"embeddable":true,"href":"https:\/\/www.muralunique.com\/fr\/wp-json\/wp\/v2\/media\/88346"}],"wp:attachment":[{"href":"https:\/\/www.muralunique.com\/fr\/wp-json\/wp\/v2\/media?parent=79480"}],"wp:term":[{"taxonomy":"product_brand","embeddable":true,"href":"https:\/\/www.muralunique.com\/fr\/wp-json\/wp\/v2\/product_brand?post=79480"},{"taxonomy":"product_cat","embeddable":true,"href":"https:\/\/www.muralunique.com\/fr\/wp-json\/wp\/v2\/product_cat?post=79480"},{"taxonomy":"product_tag","embeddable":true,"href":"https:\/\/www.muralunique.com\/fr\/wp-json\/wp\/v2\/product_tag?post=79480"}],"curies":[{"name":"wp","href":"https:\/\/api.w.org\/{rel}","templated":true}]}}