{"id":7986,"date":"2016-01-11T11:16:00","date_gmt":"2016-01-11T11:16:00","guid":{"rendered":"https:\/\/muralunique.com\/?post_type=product&#038;p=7986"},"modified":"2025-10-23T14:05:28","modified_gmt":"2025-10-23T18:05:28","slug":"jeu-de-blocs","status":"publish","type":"product","link":"https:\/\/www.muralunique.com\/fr\/produit\/jeu-de-blocs\/","title":{"rendered":"Jeu de Blocs"},"content":{"rendered":"<p>-Magnifique murale en papier peint tr\u00e8s color\u00e9e de blocs de jeu de construction.<\/p>\n<p><strong>-1519 et 1519.02 peuvent \u00eatre r\u00e9p\u00e9t\u00e9s horizontalement.<\/strong><\/p>\n<p>-La murale comprend des laizes de 18\u2033 (45cm) de largeur. Par exemple, une murale de 6\u2032 (1,83m) de largeur a 4 laizes et une murale de 12\u2032 (3,66m) de largeur a 8 laizes.<\/p>\n<p>-Murale en papier\u00a0peint pr\u00e9encoll\u00e9e, lavable, s\u2019enl\u00e8ve \u00e0 sec et r\u00e9utilisable. Facile \u00e0 installer, se pose comme du papier\u00a0peint (tapisserie).<\/p>\n<p>-murale de l\u00e9gos, murale de l\u00e9go, murale en papier peint de l\u00e9go, tapisserie l\u00e9go, papier peint l\u00e9go, murale de l\u00e9go enfants<\/p>\n","protected":false},"excerpt":{"rendered":"<p>-Magnifique murale en papier peint tr\u00e8s color\u00e9e de blocs de jeu de construction. -1519 et 1519.02 peuvent \u00eatre r\u00e9p\u00e9t\u00e9s horizontalement. -La murale comprend des laizes de 18\u2033 (45cm) de largeur. Par exemple, une murale de 6\u2032 (1,83m) de largeur a 4 laizes et une murale de 12\u2032 (3,66m) de largeur a 8 laizes. -Murale en [&hellip;]<\/p>\n","protected":false},"featured_media":7987,"template":"","meta":{"_acf_changed":false},"product_brand":[203],"product_cat":[173,367,401,425],"product_tag":[8828,8920,8894,8895,9125],"class_list":{"0":"post-7986","1":"product","2":"type-product","3":"status-publish","4":"has-post-thumbnail","6":"product_brand-muralunique-com","7":"product_cat-enfants","8":"product_cat-murales-en-r-p-tition","9":"product_cat-tous-nos-produits","10":"product_cat-ultra-haute-d-finition-art","11":"product_tag-block-fr","12":"product_tag-construction-fr","13":"product_tag-enfant","14":"product_tag-enfants","15":"product_tag-gamins","17":"first","18":"instock","19":"taxable","20":"shipping-taxable","21":"purchasable","22":"product-type-variable","23":"has-default-attributes"},"acf":[],"_links":{"self":[{"href":"https:\/\/www.muralunique.com\/fr\/wp-json\/wp\/v2\/product\/7986","targetHints":{"allow":["GET"]}}],"collection":[{"href":"https:\/\/www.muralunique.com\/fr\/wp-json\/wp\/v2\/product"}],"about":[{"href":"https:\/\/www.muralunique.com\/fr\/wp-json\/wp\/v2\/types\/product"}],"wp:featuredmedia":[{"embeddable":true,"href":"https:\/\/www.muralunique.com\/fr\/wp-json\/wp\/v2\/media\/7987"}],"wp:attachment":[{"href":"https:\/\/www.muralunique.com\/fr\/wp-json\/wp\/v2\/media?parent=7986"}],"wp:term":[{"taxonomy":"product_brand","embeddable":true,"href":"https:\/\/www.muralunique.com\/fr\/wp-json\/wp\/v2\/product_brand?post=7986"},{"taxonomy":"product_cat","embeddable":true,"href":"https:\/\/www.muralunique.com\/fr\/wp-json\/wp\/v2\/product_cat?post=7986"},{"taxonomy":"product_tag","embeddable":true,"href":"https:\/\/www.muralunique.com\/fr\/wp-json\/wp\/v2\/product_tag?post=7986"}],"curies":[{"name":"wp","href":"https:\/\/api.w.org\/{rel}","templated":true}]}}