{"id":80023,"date":"2023-07-18T11:43:43","date_gmt":"2023-07-18T15:43:43","guid":{"rendered":"https:\/\/www.muralunique.com\/?post_type=product&#038;p=80023"},"modified":"2023-07-18T12:11:47","modified_gmt":"2023-07-18T16:11:47","slug":"stade-santiago-bernabeu","status":"publish","type":"product","link":"https:\/\/www.muralunique.com\/fr\/produit\/stade-santiago-bernabeu\/","title":{"rendered":"Stade Santiago Bernab\u00e9u"},"content":{"rendered":"<p id=\"tw-target-text\" class=\"tw-data-text tw-text-large tw-ta\" dir=\"ltr\" data-placeholder=\"Translation\"><span class=\"Y2IQFc\" lang=\"fr\">-Photo murale du stade de football Santiago Bernab\u00e9u. Le stade Santiago Bernab\u00e9u est un stade de football \u00e0 Madrid, en Espagne. Avec une capacit\u00e9 actuelle de 83 168 places assises, il a la deuxi\u00e8me plus grande capacit\u00e9 de si\u00e8ges en Espagne et c&#8217;est le stade du Real Madrid depuis son ach\u00e8vement en 1947 (<a href=\"https:\/\/en.wikipedia.org\/wiki\/Santiago_Bernab%C3%A9u_Stadium\" rel=\"nofollow noopener\" target=\"_blank\">wikipedia.org<\/a>).<\/span><\/p>\n<p>-La murale comprend des laizes de 18\u2033 (45cm) de largeur. Par exemple, une murale de 6\u2032 (1,83m) de largeur a 4 laizes et une murale de 12\u2032 (3,66m) de largeur a 8 laizes.<\/p>\n<p>-Murale en papier\u00a0peint pr\u00e9encoll\u00e9e, lavable, s\u2019enl\u00e8ve \u00e0 sec et r\u00e9utilisable. Facile \u00e0 installer, se pose comme du papier\u00a0peint (tapisserie).<\/p>\n<p>-murale stade Santiago Bernab\u00e9u, papier peint stade Santiago Bernab\u00e9u, tapisserie stade Santiago Bernab\u00e9u, murale stade de football, papier peint stade de football, tapisserie stade de football<\/p>\n","protected":false},"excerpt":{"rendered":"<p>-Photo murale du stade de football Santiago Bernab\u00e9u. Le stade Santiago Bernab\u00e9u est un stade de football \u00e0 Madrid, en Espagne. Avec une capacit\u00e9 actuelle de 83 168 places assises, il a la deuxi\u00e8me plus grande capacit\u00e9 de si\u00e8ges en Espagne et c&#8217;est le stade du Real Madrid depuis son ach\u00e8vement en 1947 (wikipedia.org). -La [&hellip;]<\/p>\n","protected":false},"featured_media":80022,"template":"","meta":{"_acf_changed":false},"product_brand":[],"product_cat":[131,145,401],"product_tag":[8780,8994,8731,8691,9017,9018,10162,10163,9042,10164,10165,9391,9399,9400,9405],"class_list":{"0":"post-80023","1":"product","2":"type-product","3":"status-publish","4":"has-post-thumbnail","6":"artist-artistes-varies","7":"product_cat-adolescents","8":"product_cat-sports-2","9":"product_cat-tous-nos-produits","10":"product_tag-architecture-fr","11":"product_tag-champ","12":"product_tag-espagne","13":"product_tag-europe-fr","14":"product_tag-foot-fr","15":"product_tag-football-fr","16":"product_tag-madrid-fr","17":"product_tag-match-fr","18":"product_tag-partie","19":"product_tag-real-madrid-fr","20":"product_tag-santiago-bernabeu-fr","21":"product_tag-soccer-fr","22":"product_tag-sport","23":"product_tag-sports","24":"product_tag-stade","26":"first","27":"instock","28":"taxable","29":"shipping-taxable","30":"purchasable","31":"product-type-variable","32":"has-default-attributes"},"acf":[],"_links":{"self":[{"href":"https:\/\/www.muralunique.com\/fr\/wp-json\/wp\/v2\/product\/80023","targetHints":{"allow":["GET"]}}],"collection":[{"href":"https:\/\/www.muralunique.com\/fr\/wp-json\/wp\/v2\/product"}],"about":[{"href":"https:\/\/www.muralunique.com\/fr\/wp-json\/wp\/v2\/types\/product"}],"wp:featuredmedia":[{"embeddable":true,"href":"https:\/\/www.muralunique.com\/fr\/wp-json\/wp\/v2\/media\/80022"}],"wp:attachment":[{"href":"https:\/\/www.muralunique.com\/fr\/wp-json\/wp\/v2\/media?parent=80023"}],"wp:term":[{"taxonomy":"product_brand","embeddable":true,"href":"https:\/\/www.muralunique.com\/fr\/wp-json\/wp\/v2\/product_brand?post=80023"},{"taxonomy":"product_cat","embeddable":true,"href":"https:\/\/www.muralunique.com\/fr\/wp-json\/wp\/v2\/product_cat?post=80023"},{"taxonomy":"product_tag","embeddable":true,"href":"https:\/\/www.muralunique.com\/fr\/wp-json\/wp\/v2\/product_tag?post=80023"}],"curies":[{"name":"wp","href":"https:\/\/api.w.org\/{rel}","templated":true}]}}