{"id":80082,"date":"2023-07-19T15:46:59","date_gmt":"2023-07-19T19:46:59","guid":{"rendered":"https:\/\/www.muralunique.com\/?post_type=product&#038;p=80082"},"modified":"2023-07-19T16:01:26","modified_gmt":"2023-07-19T20:01:26","slug":"fievre-du-samedi-soir-or","status":"publish","type":"product","link":"https:\/\/www.muralunique.com\/fr\/produit\/fievre-du-samedi-soir-or\/","title":{"rendered":"Fi\u00e8vre du Samedi Soir Or"},"content":{"rendered":"<p>-Murale en papier peint de paillettes or dans le style &#8221;disco&#8221;. Une murale originale, parfaite pour cr\u00e9er un d\u00e9cor unique et \u00e9clatant qui sort de l&#8217;ordinaire.<\/p>\n<p>-La murale comprend des laizes de 18\u2033 (45cm) de largeur. Par exemple, une murale de 6\u2032 (1,83m) de largeur a 4 laizes et une murale de 12\u2032 (3,66m) de largeur a 8 laizes.<\/p>\n<p>-Murale en papier\u00a0peint pr\u00e9encoll\u00e9e, lavable, s\u2019enl\u00e8ve \u00e0 sec et r\u00e9utilisable. Facile \u00e0 installer, se pose comme du papier\u00a0peint (tapisserie).<\/p>\n<p>-murale paillettes or, tapisserie murale paillettes or, papier peint paillettes or, murale fi\u00e8vre du samedi soir or, papier peint fi\u00e8vre du samedi soir or, tapisserie fi\u00e8vre du samedi soir or<\/p>\n<p>&nbsp;<\/p>\n","protected":false},"excerpt":{"rendered":"<p>-Murale en papier peint de paillettes or dans le style &#8221;disco&#8221;. Une murale originale, parfaite pour cr\u00e9er un d\u00e9cor unique et \u00e9clatant qui sort de l&#8217;ordinaire. -La murale comprend des laizes de 18\u2033 (45cm) de largeur. Par exemple, une murale de 6\u2032 (1,83m) de largeur a 4 laizes et une murale de 12\u2032 (3,66m) de [&hellip;]<\/p>\n","protected":false},"featured_media":80092,"template":"","meta":{"_acf_changed":false},"product_brand":[],"product_cat":[125,169,401,163],"product_tag":[8946,10170,9047,9049,9185,9202,9227,9356,9357,10171,9447,9448,9449,9483,9482,9485],"class_list":{"0":"post-80082","1":"product","2":"type-product","3":"status-publish","4":"has-post-thumbnail","6":"product_cat-abstrait-et-geometrie","7":"product_cat-textures-2","8":"product_cat-tous-nos-produits","9":"product_cat-trompe-loeil","10":"product_tag-disco-fr","11":"product_tag-fievre","12":"product_tag-geometrie","13":"product_tag-geometrique","14":"product_tag-miroir","15":"product_tag-mosaique","16":"product_tag-nuit","17":"product_tag-paillette","18":"product_tag-paillettes","19":"product_tag-samedi","20":"product_tag-texture-fr","21":"product_tag-texture-fr-2","22":"product_tag-textures","23":"product_tag-trompe-l-oeil","24":"product_tag-trompe-loeil","25":"product_tag-trompe-oeil-fr","27":"first","28":"instock","29":"taxable","30":"shipping-taxable","31":"purchasable","32":"product-type-variable","33":"has-default-attributes"},"acf":[],"_links":{"self":[{"href":"https:\/\/www.muralunique.com\/fr\/wp-json\/wp\/v2\/product\/80082","targetHints":{"allow":["GET"]}}],"collection":[{"href":"https:\/\/www.muralunique.com\/fr\/wp-json\/wp\/v2\/product"}],"about":[{"href":"https:\/\/www.muralunique.com\/fr\/wp-json\/wp\/v2\/types\/product"}],"wp:featuredmedia":[{"embeddable":true,"href":"https:\/\/www.muralunique.com\/fr\/wp-json\/wp\/v2\/media\/80092"}],"wp:attachment":[{"href":"https:\/\/www.muralunique.com\/fr\/wp-json\/wp\/v2\/media?parent=80082"}],"wp:term":[{"taxonomy":"product_brand","embeddable":true,"href":"https:\/\/www.muralunique.com\/fr\/wp-json\/wp\/v2\/product_brand?post=80082"},{"taxonomy":"product_cat","embeddable":true,"href":"https:\/\/www.muralunique.com\/fr\/wp-json\/wp\/v2\/product_cat?post=80082"},{"taxonomy":"product_tag","embeddable":true,"href":"https:\/\/www.muralunique.com\/fr\/wp-json\/wp\/v2\/product_tag?post=80082"}],"curies":[{"name":"wp","href":"https:\/\/api.w.org\/{rel}","templated":true}]}}