{"id":80574,"date":"2023-08-03T13:08:14","date_gmt":"2023-08-03T17:08:14","guid":{"rendered":"https:\/\/www.muralunique.com\/?post_type=product&#038;p=80574"},"modified":"2023-08-03T13:41:03","modified_gmt":"2023-08-03T17:41:03","slug":"marbre-rose-fume-dore-yanicko","status":"publish","type":"product","link":"https:\/\/www.muralunique.com\/fr\/produit\/marbre-rose-fume-dore-yanicko\/","title":{"rendered":"Marbre Rose Fum\u00e9 Dor\u00e9 Yanicko"},"content":{"rendered":"<p>-Murale d&#8217;un marbre dans les tons de rose et or. Un design original et \u00e9l\u00e9gant, parfait pour cr\u00e9er un mur d&#8217;accent chic et tendance. Une bonne id\u00e9e pour un mur de cuisine, de salle \u00e0 diner, de salon, de chambre \u00e0 coucher ou de une salle de bain.<\/p>\n<p>-La murale comprend des laizes de 18\u2033 (45cm) de largeur. Par exemple, une murale de 6\u2032 (1,83m) de largeur a 4 laizes et une murale de 12\u2032 (3,66m) de largeur a 8 laizes.<\/p>\n<p>-Murale en papier\u00a0peint pr\u00e9encoll\u00e9e, lavable, s\u2019enl\u00e8ve \u00e0 sec et r\u00e9utilisable. Facile \u00e0 installer, se pose comme du papier\u00a0peint (tapisserie).<\/p>\n<p>-papier peint marbre rose et or, murale marbre rose et or, tapisserie murale marbre rose et or, murale marbre, papier peint marbre, tapisserie pour mur marbre rose et or<\/p>\n","protected":false},"excerpt":{"rendered":"<p>-Murale d&#8217;un marbre dans les tons de rose et or. Un design original et \u00e9l\u00e9gant, parfait pour cr\u00e9er un mur d&#8217;accent chic et tendance. Une bonne id\u00e9e pour un mur de cuisine, de salle \u00e0 diner, de salon, de chambre \u00e0 coucher ou de une salle de bain. -La murale comprend des laizes de 18\u2033 [&hellip;]<\/p>\n","protected":false},"featured_media":80594,"template":"","meta":{"_acf_changed":false},"product_brand":[],"product_cat":[169,401],"product_tag":[10068,10069,9985,9174,9780,9447,9448,9449],"class_list":{"0":"post-80574","1":"product","2":"type-product","3":"status-publish","4":"has-post-thumbnail","6":"product_cat-textures-2","7":"product_cat-tous-nos-produits","8":"product_tag-dore","9":"product_tag-fume","10":"product_tag-fumee","11":"product_tag-marbre","12":"product_tag-or","13":"product_tag-texture-fr","14":"product_tag-texture-fr-2","15":"product_tag-textures","17":"first","18":"instock","19":"taxable","20":"shipping-taxable","21":"purchasable","22":"product-type-variable","23":"has-default-attributes"},"acf":[],"_links":{"self":[{"href":"https:\/\/www.muralunique.com\/fr\/wp-json\/wp\/v2\/product\/80574","targetHints":{"allow":["GET"]}}],"collection":[{"href":"https:\/\/www.muralunique.com\/fr\/wp-json\/wp\/v2\/product"}],"about":[{"href":"https:\/\/www.muralunique.com\/fr\/wp-json\/wp\/v2\/types\/product"}],"wp:featuredmedia":[{"embeddable":true,"href":"https:\/\/www.muralunique.com\/fr\/wp-json\/wp\/v2\/media\/80594"}],"wp:attachment":[{"href":"https:\/\/www.muralunique.com\/fr\/wp-json\/wp\/v2\/media?parent=80574"}],"wp:term":[{"taxonomy":"product_brand","embeddable":true,"href":"https:\/\/www.muralunique.com\/fr\/wp-json\/wp\/v2\/product_brand?post=80574"},{"taxonomy":"product_cat","embeddable":true,"href":"https:\/\/www.muralunique.com\/fr\/wp-json\/wp\/v2\/product_cat?post=80574"},{"taxonomy":"product_tag","embeddable":true,"href":"https:\/\/www.muralunique.com\/fr\/wp-json\/wp\/v2\/product_tag?post=80574"}],"curies":[{"name":"wp","href":"https:\/\/api.w.org\/{rel}","templated":true}]}}