{"id":80679,"date":"2023-08-07T11:16:01","date_gmt":"2023-08-07T15:16:01","guid":{"rendered":"https:\/\/www.muralunique.com\/?post_type=product&#038;p=80679"},"modified":"2023-08-07T11:46:43","modified_gmt":"2023-08-07T15:46:43","slug":"pivoines-sauvages-couleur-corail","status":"publish","type":"product","link":"https:\/\/www.muralunique.com\/fr\/produit\/pivoines-sauvages-couleur-corail\/","title":{"rendered":"Pivoines Sauvages Couleur Corail"},"content":{"rendered":"<p>-Tapisserie murale de pivoines sauvages de couleur corail. Une image florale parfaite pour les amateurs de fleurs et de botanique. Une bonne id\u00e9e d\u00e9co pour habiller un mur en un clin d&#8217;oeil.<\/p>\n<p>-La murale comprend des laizes de 18\u2033 (45cm) de largeur. Par exemple, une murale de 6\u2032 (1,83m) de largeur a 4 laizes et une murale de 12\u2032 (3,66m) de largeur a 8 laizes.<\/p>\n<p>-Murale en papier\u00a0peint pr\u00e9encoll\u00e9e, lavable, s\u2019enl\u00e8ve \u00e0 sec et r\u00e9utilisable. Facile \u00e0 installer, se pose comme du papier\u00a0peint (tapisserie).<\/p>\n<p>-murale pivoines sauvages couleur corail, murale florale, papier peint pivoines sauvages couleur corail, papier peint floral, tapisserie murale pivoines sauvages couleur corail, tapisserie murale florale<\/p>\n","protected":false},"excerpt":{"rendered":"<p>-Tapisserie murale de pivoines sauvages de couleur corail. Une image florale parfaite pour les amateurs de fleurs et de botanique. Une bonne id\u00e9e d\u00e9co pour habiller un mur en un clin d&#8217;oeil. -La murale comprend des laizes de 18\u2033 (45cm) de largeur. Par exemple, une murale de 6\u2032 (1,83m) de largeur a 4 laizes et [&hellip;]<\/p>\n","protected":false},"featured_media":80678,"template":"","meta":{"_acf_changed":false},"product_brand":[],"product_cat":[150,401],"product_tag":[9009,9010,9006,10195,9976],"class_list":{"0":"post-80679","1":"product","2":"type-product","3":"status-publish","4":"has-post-thumbnail","6":"artist-artistes-varies","7":"product_cat-fleurs-et-feuillages","8":"product_cat-tous-nos-produits","9":"product_tag-fleur","10":"product_tag-fleurs","11":"product_tag-floral-fr","12":"product_tag-pivoine","13":"product_tag-pivoines","15":"first","16":"instock","17":"taxable","18":"shipping-taxable","19":"purchasable","20":"product-type-variable","21":"has-default-attributes"},"acf":[],"_links":{"self":[{"href":"https:\/\/www.muralunique.com\/fr\/wp-json\/wp\/v2\/product\/80679","targetHints":{"allow":["GET"]}}],"collection":[{"href":"https:\/\/www.muralunique.com\/fr\/wp-json\/wp\/v2\/product"}],"about":[{"href":"https:\/\/www.muralunique.com\/fr\/wp-json\/wp\/v2\/types\/product"}],"wp:featuredmedia":[{"embeddable":true,"href":"https:\/\/www.muralunique.com\/fr\/wp-json\/wp\/v2\/media\/80678"}],"wp:attachment":[{"href":"https:\/\/www.muralunique.com\/fr\/wp-json\/wp\/v2\/media?parent=80679"}],"wp:term":[{"taxonomy":"product_brand","embeddable":true,"href":"https:\/\/www.muralunique.com\/fr\/wp-json\/wp\/v2\/product_brand?post=80679"},{"taxonomy":"product_cat","embeddable":true,"href":"https:\/\/www.muralunique.com\/fr\/wp-json\/wp\/v2\/product_cat?post=80679"},{"taxonomy":"product_tag","embeddable":true,"href":"https:\/\/www.muralunique.com\/fr\/wp-json\/wp\/v2\/product_tag?post=80679"}],"curies":[{"name":"wp","href":"https:\/\/api.w.org\/{rel}","templated":true}]}}