{"id":81081,"date":"2023-08-22T14:16:26","date_gmt":"2023-08-22T18:16:26","guid":{"rendered":"https:\/\/www.muralunique.com\/?post_type=product&#038;p=81081"},"modified":"2023-08-22T14:34:03","modified_gmt":"2023-08-22T18:34:03","slug":"traits-abstraits","status":"publish","type":"product","link":"https:\/\/www.muralunique.com\/fr\/produit\/traits-abstraits\/","title":{"rendered":"Traits Abstraits"},"content":{"rendered":"<p>-Murale en papier peint de traits abstraits. Une murale g\u00e9om\u00e9trique int\u00e9ressante qui donnera de l&#8217;originalit\u00e9 et de la personnalit\u00e9 \u00e0 n&#8217;importe quelle pi\u00e8ce de votre int\u00e9rieur.<\/p>\n<p>-La murale comprend des laizes de 18\u2033 (45cm) de largeur. Par exemple, une murale de 6\u2032 (1,83m) de largeur a 4 laizes et une murale de 12\u2032 (3,66m) de largeur a 8 laizes.<\/p>\n<p>-Murale en papier\u00a0peint pr\u00e9encoll\u00e9e, lavable, s\u2019enl\u00e8ve \u00e0 sec et r\u00e9utilisable. Facile \u00e0 installer, se pose comme du papier\u00a0peint (tapisserie).<\/p>\n<p>-murale traits abstraits, tapisserie traits abstraits, papier peint traits abstraits, murale lignes abstraites, papier peint lignes abstraites, tapisserie lignes abstraites, murale g\u00e9om\u00e9trique, papier peint g\u00e9om\u00e9trique, tapisserie g\u00e9om\u00e9trique<\/p>\n","protected":false},"excerpt":{"rendered":"<p>-Murale en papier peint de traits abstraits. Une murale g\u00e9om\u00e9trique int\u00e9ressante qui donnera de l&#8217;originalit\u00e9 et de la personnalit\u00e9 \u00e0 n&#8217;importe quelle pi\u00e8ce de votre int\u00e9rieur. -La murale comprend des laizes de 18\u2033 (45cm) de largeur. Par exemple, une murale de 6\u2032 (1,83m) de largeur a 4 laizes et une murale de 12\u2032 (3,66m) de [&hellip;]<\/p>\n","protected":false},"featured_media":81080,"template":"","meta":{"_acf_changed":false},"product_brand":[],"product_cat":[125,131,401],"product_tag":[8751,10193,8899,9047,9049,10194,9877,10196,10197],"class_list":{"0":"post-81081","1":"product","2":"type-product","3":"status-publish","4":"has-post-thumbnail","6":"artist-artistes-varies","7":"product_cat-abstrait-et-geometrie","8":"product_cat-adolescents","9":"product_cat-tous-nos-produits","10":"product_tag-abstrait","11":"product_tag-cercle","12":"product_tag-cercles","13":"product_tag-geometrie","14":"product_tag-geometrique","15":"product_tag-ligne","16":"product_tag-lignes","17":"product_tag-trait","18":"product_tag-traits","20":"first","21":"instock","22":"taxable","23":"shipping-taxable","24":"purchasable","25":"product-type-variable","26":"has-default-attributes"},"acf":[],"_links":{"self":[{"href":"https:\/\/www.muralunique.com\/fr\/wp-json\/wp\/v2\/product\/81081","targetHints":{"allow":["GET"]}}],"collection":[{"href":"https:\/\/www.muralunique.com\/fr\/wp-json\/wp\/v2\/product"}],"about":[{"href":"https:\/\/www.muralunique.com\/fr\/wp-json\/wp\/v2\/types\/product"}],"wp:featuredmedia":[{"embeddable":true,"href":"https:\/\/www.muralunique.com\/fr\/wp-json\/wp\/v2\/media\/81080"}],"wp:attachment":[{"href":"https:\/\/www.muralunique.com\/fr\/wp-json\/wp\/v2\/media?parent=81081"}],"wp:term":[{"taxonomy":"product_brand","embeddable":true,"href":"https:\/\/www.muralunique.com\/fr\/wp-json\/wp\/v2\/product_brand?post=81081"},{"taxonomy":"product_cat","embeddable":true,"href":"https:\/\/www.muralunique.com\/fr\/wp-json\/wp\/v2\/product_cat?post=81081"},{"taxonomy":"product_tag","embeddable":true,"href":"https:\/\/www.muralunique.com\/fr\/wp-json\/wp\/v2\/product_tag?post=81081"}],"curies":[{"name":"wp","href":"https:\/\/api.w.org\/{rel}","templated":true}]}}