{"id":81095,"date":"2023-08-22T16:09:10","date_gmt":"2023-08-22T20:09:10","guid":{"rendered":"https:\/\/www.muralunique.com\/?post_type=product&#038;p=81095"},"modified":"2023-08-22T16:27:51","modified_gmt":"2023-08-22T20:27:51","slug":"herbes-blanches-en-sepia","status":"publish","type":"product","link":"https:\/\/www.muralunique.com\/fr\/produit\/herbes-blanches-en-sepia\/","title":{"rendered":"Herbes Blanches en S\u00e9pia"},"content":{"rendered":"<p>-Murale en papier peint en couleur s\u00e9pia d&#8217;un plan rapproch\u00e9 d&#8217;herbes blanches balay\u00e9es par le vent. Une murale qui convient aussi bien \u00e0 un d\u00e9cor sophistiqu\u00e9 et \u00e9l\u00e9gant qu&#8217;\u00e0 un d\u00e9cor simple et rustique.<\/p>\n<p>-La murale comprend des laizes de 18\u2033 (45cm) de largeur. Par exemple, une murale de 6\u2032 (1,83m) de largeur a 4 laizes et une murale de 12\u2032 (3,66m) de largeur a 8 laizes.<\/p>\n<p>-Murale en papier\u00a0peint pr\u00e9encoll\u00e9e, lavable, s\u2019enl\u00e8ve \u00e0 sec et r\u00e9utilisable. Facile \u00e0 installer, se pose comme du papier\u00a0peint (tapisserie).<\/p>\n<p>-murale herbes blanches en couleur s\u00e9pia, tapisserie herbes blanches en couleur s\u00e9pia, papier peint herbes blanches en couleur s\u00e9pia, murale de feuillage, papier peint de feuillage, tapisserie de feuillage<\/p>\n","protected":false},"excerpt":{"rendered":"<p>-Murale en papier peint en couleur s\u00e9pia d&#8217;un plan rapproch\u00e9 d&#8217;herbes blanches balay\u00e9es par le vent. Une murale qui convient aussi bien \u00e0 un d\u00e9cor sophistiqu\u00e9 et \u00e9l\u00e9gant qu&#8217;\u00e0 un d\u00e9cor simple et rustique. -La murale comprend des laizes de 18\u2033 (45cm) de largeur. Par exemple, une murale de 6\u2032 (1,83m) de largeur a 4 [&hellip;]<\/p>\n","protected":false},"featured_media":81109,"template":"","meta":{"_acf_changed":false},"product_brand":[],"product_cat":[150,401],"product_tag":[9014,9063,9078,10065,10135,9167,8905,10034,10035,9413,9414],"class_list":{"0":"post-81095","1":"product","2":"type-product","3":"status-publish","4":"has-post-thumbnail","6":"product_cat-fleurs-et-feuillages","7":"product_cat-tous-nos-produits","8":"product_tag-feuillage","9":"product_tag-gazon","10":"product_tag-herbe","11":"product_tag-herbes","12":"product_tag-herbes-fr","13":"product_tag-macro-fr","14":"product_tag-plan-rapproche","15":"product_tag-roseau","16":"product_tag-roseaux","17":"product_tag-tige","18":"product_tag-tiges","20":"first","21":"instock","22":"taxable","23":"shipping-taxable","24":"purchasable","25":"product-type-variable","26":"has-default-attributes"},"acf":[],"_links":{"self":[{"href":"https:\/\/www.muralunique.com\/fr\/wp-json\/wp\/v2\/product\/81095","targetHints":{"allow":["GET"]}}],"collection":[{"href":"https:\/\/www.muralunique.com\/fr\/wp-json\/wp\/v2\/product"}],"about":[{"href":"https:\/\/www.muralunique.com\/fr\/wp-json\/wp\/v2\/types\/product"}],"wp:featuredmedia":[{"embeddable":true,"href":"https:\/\/www.muralunique.com\/fr\/wp-json\/wp\/v2\/media\/81109"}],"wp:attachment":[{"href":"https:\/\/www.muralunique.com\/fr\/wp-json\/wp\/v2\/media?parent=81095"}],"wp:term":[{"taxonomy":"product_brand","embeddable":true,"href":"https:\/\/www.muralunique.com\/fr\/wp-json\/wp\/v2\/product_brand?post=81095"},{"taxonomy":"product_cat","embeddable":true,"href":"https:\/\/www.muralunique.com\/fr\/wp-json\/wp\/v2\/product_cat?post=81095"},{"taxonomy":"product_tag","embeddable":true,"href":"https:\/\/www.muralunique.com\/fr\/wp-json\/wp\/v2\/product_tag?post=81095"}],"curies":[{"name":"wp","href":"https:\/\/api.w.org\/{rel}","templated":true}]}}