{"id":81179,"date":"2023-08-23T13:17:53","date_gmt":"2023-08-23T17:17:53","guid":{"rendered":"https:\/\/www.muralunique.com\/?post_type=product&#038;p=81179"},"modified":"2025-12-11T09:26:10","modified_gmt":"2025-12-11T14:26:10","slug":"feuillage-de-lierre","status":"publish","type":"product","link":"https:\/\/www.muralunique.com\/fr\/produit\/feuillage-de-lierre\/","title":{"rendered":"Feuillage de Lierre"},"content":{"rendered":"<p>-Tapisserie murale d&#8217;un feuillage de lierre en aquarelle. Une murale tout indiqu\u00e9e pour cr\u00e9er un d\u00e9cor rustique, chaleureux et unique.<\/p>\n<p><strong>-1971 et 1971.04 seulement peuvent \u00eatre r\u00e9p\u00e9t\u00e9es horizontalement (pas les autres dimensions).<\/strong><\/p>\n<p>-La murale comprend des laizes de 18\u2033 (45cm) de largeur. Par exemple, une murale de 6\u2032 (1,83m) de largeur a 4 laizes et une murale de 12\u2032 (3,66m) de largeur a 8 laizes.<\/p>\n<p>-Murale en papier\u00a0peint pr\u00e9encoll\u00e9e, lavable, s\u2019enl\u00e8ve \u00e0 sec et r\u00e9utilisable. Facile \u00e0 installer, se pose comme du papier\u00a0peint (tapisserie).<\/p>\n<p>-murale feuillage de lierre, tapisserie murale feuillage de lierre, papier peint feuillage de lierre, murale feuillage, tapisserie feuillage de lierre, papier peint feuillage de lierre<\/p>\n","protected":false},"excerpt":{"rendered":"<p>-Tapisserie murale d&#8217;un feuillage de lierre en aquarelle. Une murale tout indiqu\u00e9e pour cr\u00e9er un d\u00e9cor rustique, chaleureux et unique. -1971 et 1971.04 seulement peuvent \u00eatre r\u00e9p\u00e9t\u00e9es horizontalement (pas les autres dimensions). -La murale comprend des laizes de 18\u2033 (45cm) de largeur. Par exemple, une murale de 6\u2032 (1,83m) de largeur a 4 laizes et [&hellip;]<\/p>\n","protected":false},"featured_media":81189,"template":"","meta":{"_acf_changed":false},"product_brand":[],"product_cat":[150,367,303,305,401],"product_tag":[9653,10068,9014,10205,9144,10204,9780,9239],"class_list":{"0":"post-81179","1":"product","2":"type-product","3":"status-publish","4":"has-post-thumbnail","6":"product_cat-fleurs-et-feuillages","7":"product_cat-murales-en-r-p-tition","8":"product_cat-nouveautes","9":"product_cat-produits-vedettes","10":"product_cat-tous-nos-produits","11":"product_tag-aquarelle","12":"product_tag-dore","13":"product_tag-feuillage","14":"product_tag-feuille-fr-2","15":"product_tag-feuilles","16":"product_tag-lierre","17":"product_tag-or","18":"product_tag-toile","20":"first","21":"instock","22":"taxable","23":"shipping-taxable","24":"purchasable","25":"product-type-variable","26":"has-default-attributes"},"acf":[],"_links":{"self":[{"href":"https:\/\/www.muralunique.com\/fr\/wp-json\/wp\/v2\/product\/81179","targetHints":{"allow":["GET"]}}],"collection":[{"href":"https:\/\/www.muralunique.com\/fr\/wp-json\/wp\/v2\/product"}],"about":[{"href":"https:\/\/www.muralunique.com\/fr\/wp-json\/wp\/v2\/types\/product"}],"wp:featuredmedia":[{"embeddable":true,"href":"https:\/\/www.muralunique.com\/fr\/wp-json\/wp\/v2\/media\/81189"}],"wp:attachment":[{"href":"https:\/\/www.muralunique.com\/fr\/wp-json\/wp\/v2\/media?parent=81179"}],"wp:term":[{"taxonomy":"product_brand","embeddable":true,"href":"https:\/\/www.muralunique.com\/fr\/wp-json\/wp\/v2\/product_brand?post=81179"},{"taxonomy":"product_cat","embeddable":true,"href":"https:\/\/www.muralunique.com\/fr\/wp-json\/wp\/v2\/product_cat?post=81179"},{"taxonomy":"product_tag","embeddable":true,"href":"https:\/\/www.muralunique.com\/fr\/wp-json\/wp\/v2\/product_tag?post=81179"}],"curies":[{"name":"wp","href":"https:\/\/api.w.org\/{rel}","templated":true}]}}