{"id":8118,"date":"2016-01-26T13:48:51","date_gmt":"2016-01-26T13:48:51","guid":{"rendered":"https:\/\/muralunique.com\/?post_type=product&#038;p=8118"},"modified":"2021-07-30T13:31:53","modified_gmt":"2021-07-30T17:31:53","slug":"cerf-volants","status":"publish","type":"product","link":"https:\/\/www.muralunique.com\/fr\/produit\/cerf-volants\/","title":{"rendered":"Cerf-Volants"},"content":{"rendered":"<p>-Murale en papier peint pour enfants d&#8217;un ciel paisible avec des cerf-volants multicolores.<\/p>\n<p>-La murale comprend des laizes de 18&#8243; (45cm) de largeur. Par exemple, une murale de 6&#8242; (1,83m) de largeur a 4 laizes et une murale de 12&#8242; (3,66m) de largeur a 8 laizes.<\/p>\n<p>-Murale en papier\u00a0peint pr\u00e9encoll\u00e9e, lavable, s&#8217;enl\u00e8ve \u00e0 sec et r\u00e9utilisable. Facile \u00e0 installer, se pose comme du papier\u00a0peint (tapisserie).<\/p>\n<p>-Cr\u00e9ation originale de Barbara Brower. Vous pouvez obtenir plus d&#8217;informations \u00e0\u00a0<a href=\"http:\/\/www.barbarabrowerdesigns.com\/\" rel=\"nofollow noopener\" target=\"_blank\">www.barbarabrowerdesigns.com<\/a>.<\/p>\n<p>-murale de cerfs volants, murals en papier peint de cerfs volants, tapisserie pour enfants, papier peint pour chambres d&#8217;enfants, papier peint de cerfs volants<\/p>\n","protected":false},"excerpt":{"rendered":"<p>-Murale en papier peint pour enfants d&#8217;un ciel paisible avec des cerf-volants multicolores. -La murale comprend des laizes de 18&#8243; (45cm) de largeur. Par exemple, une murale de 6&#8242; (1,83m) de largeur a 4 laizes et une murale de 12&#8242; (3,66m) de largeur a 8 laizes. -Murale en papier\u00a0peint pr\u00e9encoll\u00e9e, lavable, s&#8217;enl\u00e8ve \u00e0 sec et [&hellip;]<\/p>\n","protected":false},"featured_media":8119,"template":"","meta":{"_acf_changed":false},"product_brand":[204],"product_cat":[173,401,425],"product_tag":[8791,8790,9126,9380,8894,8895,9125,8906,8907],"class_list":{"0":"post-8118","1":"product","2":"type-product","3":"status-publish","4":"has-post-thumbnail","6":"artist-barbara-brower-fr","7":"product_brand-barbara-brower-2","8":"product_cat-enfants","9":"product_cat-tous-nos-produits","10":"product_cat-ultra-haute-d-finition-art","11":"product_tag-bebe","12":"product_tag-bebes","13":"product_tag-cerf-volants","14":"product_tag-ciel","15":"product_tag-enfant","16":"product_tag-enfants","17":"product_tag-gamins","18":"product_tag-nuage","19":"product_tag-nuages","21":"first","22":"instock","23":"taxable","24":"shipping-taxable","25":"purchasable","26":"product-type-variable","27":"has-default-attributes"},"acf":[],"_links":{"self":[{"href":"https:\/\/www.muralunique.com\/fr\/wp-json\/wp\/v2\/product\/8118","targetHints":{"allow":["GET"]}}],"collection":[{"href":"https:\/\/www.muralunique.com\/fr\/wp-json\/wp\/v2\/product"}],"about":[{"href":"https:\/\/www.muralunique.com\/fr\/wp-json\/wp\/v2\/types\/product"}],"wp:featuredmedia":[{"embeddable":true,"href":"https:\/\/www.muralunique.com\/fr\/wp-json\/wp\/v2\/media\/8119"}],"wp:attachment":[{"href":"https:\/\/www.muralunique.com\/fr\/wp-json\/wp\/v2\/media?parent=8118"}],"wp:term":[{"taxonomy":"product_brand","embeddable":true,"href":"https:\/\/www.muralunique.com\/fr\/wp-json\/wp\/v2\/product_brand?post=8118"},{"taxonomy":"product_cat","embeddable":true,"href":"https:\/\/www.muralunique.com\/fr\/wp-json\/wp\/v2\/product_cat?post=8118"},{"taxonomy":"product_tag","embeddable":true,"href":"https:\/\/www.muralunique.com\/fr\/wp-json\/wp\/v2\/product_tag?post=8118"}],"curies":[{"name":"wp","href":"https:\/\/api.w.org\/{rel}","templated":true}]}}