{"id":81272,"date":"2023-08-24T14:31:26","date_gmt":"2023-08-24T18:31:26","guid":{"rendered":"https:\/\/www.muralunique.com\/?post_type=product&#038;p=81272"},"modified":"2023-08-24T15:47:58","modified_gmt":"2023-08-24T19:47:58","slug":"pivoines-couleur-rose","status":"publish","type":"product","link":"https:\/\/www.muralunique.com\/fr\/produit\/pivoines-couleur-rose\/","title":{"rendered":"Pivoines Couleur Rose"},"content":{"rendered":"<p>-\u00c9l\u00e9gante murale de pivoines de couleur rose. Ajoutez une touche d\u00e9corative \u00e0 une pi\u00e8ce qui serait autrement ordinaire et sans pr\u00e9tention. Le moyen id\u00e9al d\u2019ajouter de la personnalit\u00e9 et de la cr\u00e9ativit\u00e9 \u00e0 une pi\u00e8ce.<\/p>\n<p>-La murale comprend des laizes de 18\u2033 (45cm) de largeur. Par exemple, une murale de 6\u2032 (1,83m) de largeur a 4 laizes et une murale de 12\u2032 (3,66m) de largeur a 8 laizes.<\/p>\n<p>-Murale en papier\u00a0peint pr\u00e9encoll\u00e9e, lavable, s\u2019enl\u00e8ve \u00e0 sec et r\u00e9utilisable. Facile \u00e0 installer, se pose comme du papier\u00a0peint (tapisserie).<\/p>\n<p>-papier peint pivoines de couleur rose, tapisserie murale pivoines de couleur rose, murale pivoines de couleur rose, papier peint floral rose, murale florale rose, tapisserie murale florale rose<\/p>\n","protected":false},"excerpt":{"rendered":"<p>-\u00c9l\u00e9gante murale de pivoines de couleur rose. Ajoutez une touche d\u00e9corative \u00e0 une pi\u00e8ce qui serait autrement ordinaire et sans pr\u00e9tention. Le moyen id\u00e9al d\u2019ajouter de la personnalit\u00e9 et de la cr\u00e9ativit\u00e9 \u00e0 une pi\u00e8ce. -La murale comprend des laizes de 18\u2033 (45cm) de largeur. Par exemple, une murale de 6\u2032 (1,83m) de largeur a [&hellip;]<\/p>\n","protected":false},"featured_media":85894,"template":"","meta":{"_acf_changed":false},"product_brand":[],"product_cat":[150,401],"product_tag":[9009,9010,9006,10195,9976],"class_list":{"0":"post-81272","1":"product","2":"type-product","3":"status-publish","4":"has-post-thumbnail","6":"artist-artistes-varies","7":"product_cat-fleurs-et-feuillages","8":"product_cat-tous-nos-produits","9":"product_tag-fleur","10":"product_tag-fleurs","11":"product_tag-floral-fr","12":"product_tag-pivoine","13":"product_tag-pivoines","15":"first","16":"instock","17":"taxable","18":"shipping-taxable","19":"purchasable","20":"product-type-variable","21":"has-default-attributes"},"acf":[],"_links":{"self":[{"href":"https:\/\/www.muralunique.com\/fr\/wp-json\/wp\/v2\/product\/81272","targetHints":{"allow":["GET"]}}],"collection":[{"href":"https:\/\/www.muralunique.com\/fr\/wp-json\/wp\/v2\/product"}],"about":[{"href":"https:\/\/www.muralunique.com\/fr\/wp-json\/wp\/v2\/types\/product"}],"wp:featuredmedia":[{"embeddable":true,"href":"https:\/\/www.muralunique.com\/fr\/wp-json\/wp\/v2\/media\/85894"}],"wp:attachment":[{"href":"https:\/\/www.muralunique.com\/fr\/wp-json\/wp\/v2\/media?parent=81272"}],"wp:term":[{"taxonomy":"product_brand","embeddable":true,"href":"https:\/\/www.muralunique.com\/fr\/wp-json\/wp\/v2\/product_brand?post=81272"},{"taxonomy":"product_cat","embeddable":true,"href":"https:\/\/www.muralunique.com\/fr\/wp-json\/wp\/v2\/product_cat?post=81272"},{"taxonomy":"product_tag","embeddable":true,"href":"https:\/\/www.muralunique.com\/fr\/wp-json\/wp\/v2\/product_tag?post=81272"}],"curies":[{"name":"wp","href":"https:\/\/api.w.org\/{rel}","templated":true}]}}