{"id":81299,"date":"2023-08-24T16:21:02","date_gmt":"2023-08-24T20:21:02","guid":{"rendered":"https:\/\/www.muralunique.com\/?post_type=product&#038;p=81299"},"modified":"2023-08-24T16:35:45","modified_gmt":"2023-08-24T20:35:45","slug":"pivoines-couleur-bleu-lavande","status":"publish","type":"product","link":"https:\/\/www.muralunique.com\/fr\/produit\/pivoines-couleur-bleu-lavande\/","title":{"rendered":"Pivoines Couleur Bleu Lavande"},"content":{"rendered":"<p>-\u00c9l\u00e9gante murale de pivoines de couleur bleu lavande. Ajoutez une touche d\u00e9corative \u00e0 une pi\u00e8ce qui serait autrement ordinaire et sans pr\u00e9tention. Le moyen id\u00e9al d\u2019ajouter de la personnalit\u00e9 et de la cr\u00e9ativit\u00e9 \u00e0 une pi\u00e8ce.<\/p>\n<p>-La murale comprend des laizes de 18\u2033 (45cm) de largeur. Par exemple, une murale de 6\u2032 (1,83m) de largeur a 4 laizes et une murale de 12\u2032 (3,66m) de largeur a 8 laizes.<\/p>\n<p>-Murale en papier\u00a0peint pr\u00e9encoll\u00e9e, lavable, s\u2019enl\u00e8ve \u00e0 sec et r\u00e9utilisable. Facile \u00e0 installer, se pose comme du papier\u00a0peint (tapisserie).<\/p>\n<p>-murale en papier peint pivoines de couleur bleu lavande, tapisserie murale pivoines de couleur bleu lavande, murale pivoines de couleur bleu lavande, papier peint floral bleu, murale en papier peint florale bleu lavande<\/p>\n","protected":false},"excerpt":{"rendered":"<p>-\u00c9l\u00e9gante murale de pivoines de couleur bleu lavande. Ajoutez une touche d\u00e9corative \u00e0 une pi\u00e8ce qui serait autrement ordinaire et sans pr\u00e9tention. Le moyen id\u00e9al d\u2019ajouter de la personnalit\u00e9 et de la cr\u00e9ativit\u00e9 \u00e0 une pi\u00e8ce. -La murale comprend des laizes de 18\u2033 (45cm) de largeur. Par exemple, une murale de 6\u2032 (1,83m) de largeur [&hellip;]<\/p>\n","protected":false},"featured_media":85890,"template":"","meta":{"_acf_changed":false},"product_brand":[],"product_cat":[150,401],"product_tag":[9009,9010,9006,9141,10195,9976],"class_list":{"0":"post-81299","1":"product","2":"type-product","3":"status-publish","4":"has-post-thumbnail","6":"artist-artistes-varies","7":"product_cat-fleurs-et-feuillages","8":"product_cat-tous-nos-produits","9":"product_tag-fleur","10":"product_tag-fleurs","11":"product_tag-floral-fr","12":"product_tag-lavande-fr","13":"product_tag-pivoine","14":"product_tag-pivoines","16":"first","17":"instock","18":"taxable","19":"shipping-taxable","20":"purchasable","21":"product-type-variable","22":"has-default-attributes"},"acf":[],"_links":{"self":[{"href":"https:\/\/www.muralunique.com\/fr\/wp-json\/wp\/v2\/product\/81299","targetHints":{"allow":["GET"]}}],"collection":[{"href":"https:\/\/www.muralunique.com\/fr\/wp-json\/wp\/v2\/product"}],"about":[{"href":"https:\/\/www.muralunique.com\/fr\/wp-json\/wp\/v2\/types\/product"}],"wp:featuredmedia":[{"embeddable":true,"href":"https:\/\/www.muralunique.com\/fr\/wp-json\/wp\/v2\/media\/85890"}],"wp:attachment":[{"href":"https:\/\/www.muralunique.com\/fr\/wp-json\/wp\/v2\/media?parent=81299"}],"wp:term":[{"taxonomy":"product_brand","embeddable":true,"href":"https:\/\/www.muralunique.com\/fr\/wp-json\/wp\/v2\/product_brand?post=81299"},{"taxonomy":"product_cat","embeddable":true,"href":"https:\/\/www.muralunique.com\/fr\/wp-json\/wp\/v2\/product_cat?post=81299"},{"taxonomy":"product_tag","embeddable":true,"href":"https:\/\/www.muralunique.com\/fr\/wp-json\/wp\/v2\/product_tag?post=81299"}],"curies":[{"name":"wp","href":"https:\/\/api.w.org\/{rel}","templated":true}]}}