{"id":8164,"date":"2016-02-16T12:57:32","date_gmt":"2016-02-16T12:57:32","guid":{"rendered":"https:\/\/muralunique.com\/?post_type=product&#038;p=8164"},"modified":"2023-08-24T19:19:25","modified_gmt":"2023-08-24T23:19:25","slug":"beton-caillouteux","status":"publish","type":"product","link":"https:\/\/www.muralunique.com\/fr\/produit\/beton-caillouteux\/","title":{"rendered":"B\u00e9ton Caillouteux"},"content":{"rendered":"<p>-Murale en papier peint d&#8217;un grand mur de b\u00e9ton caillouteux.\u00a0La qualit\u00e9 (r\u00e9solution) de cette image est exceptionnelle\u00a0(2000\u00a0MegaPixels).<\/p>\n<p>-La murale comprend des laizes de 18&#8243; (45cm) de largeur. Par exemple, une murale de 6&#8242; (1,83m) de largeur a 4 laizes et une murale de 12&#8242; (3,66m) de largeur a 8 laizes.<\/p>\n<p>-Murale en papier\u00a0peint pr\u00e9encoll\u00e9e, lavable, s&#8217;enl\u00e8ve \u00e0 sec et r\u00e9utilisable. Facile \u00e0 installer, se pose comme du papier\u00a0peint (tapisserie).<\/p>\n<p>-Photographie de Donn Petelka. Vous pouvez obtenir plus d&#8217;informations \u00e0 cette adresse:\u00a0<a href=\"mailto:donnpetelka@gmail.com\" target=\"_blank\" rel=\"noopener noreferrer\">donnpetelka@gmail.com<\/a>.<\/p>\n<p>-murale b\u00e9ton caillouteux, murale texture b\u00e9ton, papier peint texture b\u00e9ton, tapisserie texture b\u00e9ton, murale de b\u00e9ton<\/p>\n","protected":false},"excerpt":{"rendered":"<p>-Murale en papier peint d&#8217;un grand mur de b\u00e9ton caillouteux.\u00a0La qualit\u00e9 (r\u00e9solution) de cette image est exceptionnelle\u00a0(2000\u00a0MegaPixels). -La murale comprend des laizes de 18&#8243; (45cm) de largeur. Par exemple, une murale de 6&#8242; (1,83m) de largeur a 4 laizes et une murale de 12&#8242; (3,66m) de largeur a 8 laizes. -Murale en papier\u00a0peint pr\u00e9encoll\u00e9e, lavable, [&hellip;]<\/p>\n","protected":false},"featured_media":81346,"template":"","meta":{"_acf_changed":false},"product_brand":[197],"product_cat":[169,401,427],"product_tag":[8919,8882,9515,9447,9448],"class_list":{"0":"post-8164","1":"product","2":"type-product","3":"status-publish","4":"has-post-thumbnail","6":"artist-donn-petelka-fr","7":"product_brand-donn-petelka-2","8":"product_cat-textures-2","9":"product_cat-tous-nos-produits","10":"product_cat-ultra-haute-d-finition-photos","11":"product_tag-beton","12":"product_tag-ciment","13":"product_tag-mur","14":"product_tag-texture-fr","15":"product_tag-texture-fr-2","17":"first","18":"instock","19":"taxable","20":"shipping-taxable","21":"purchasable","22":"product-type-variable","23":"has-default-attributes"},"acf":[],"_links":{"self":[{"href":"https:\/\/www.muralunique.com\/fr\/wp-json\/wp\/v2\/product\/8164","targetHints":{"allow":["GET"]}}],"collection":[{"href":"https:\/\/www.muralunique.com\/fr\/wp-json\/wp\/v2\/product"}],"about":[{"href":"https:\/\/www.muralunique.com\/fr\/wp-json\/wp\/v2\/types\/product"}],"wp:featuredmedia":[{"embeddable":true,"href":"https:\/\/www.muralunique.com\/fr\/wp-json\/wp\/v2\/media\/81346"}],"wp:attachment":[{"href":"https:\/\/www.muralunique.com\/fr\/wp-json\/wp\/v2\/media?parent=8164"}],"wp:term":[{"taxonomy":"product_brand","embeddable":true,"href":"https:\/\/www.muralunique.com\/fr\/wp-json\/wp\/v2\/product_brand?post=8164"},{"taxonomy":"product_cat","embeddable":true,"href":"https:\/\/www.muralunique.com\/fr\/wp-json\/wp\/v2\/product_cat?post=8164"},{"taxonomy":"product_tag","embeddable":true,"href":"https:\/\/www.muralunique.com\/fr\/wp-json\/wp\/v2\/product_tag?post=8164"}],"curies":[{"name":"wp","href":"https:\/\/api.w.org\/{rel}","templated":true}]}}