{"id":8172,"date":"2016-02-19T09:00:28","date_gmt":"2016-02-19T09:00:28","guid":{"rendered":"https:\/\/muralunique.com\/?post_type=product&#038;p=8172"},"modified":"2021-07-30T13:32:02","modified_gmt":"2021-07-30T17:32:02","slug":"une-journee-typique-a-manhattan","status":"publish","type":"product","link":"https:\/\/www.muralunique.com\/fr\/produit\/une-journee-typique-a-manhattan\/","title":{"rendered":"Une Journ\u00e9e Typique \u00e0 Manhattan"},"content":{"rendered":"<p>-Murale d&#8217;une\u00a0magnifique vue de la ville de Manhattan \u00e0\u00a0New York. Une id\u00e9e de d\u00e9coration moderne et tendance qui transformera facilement votre int\u00e9rieur.<\/p>\n<p>-La murale comprend des laizes de 18&#8243; (45cm) de largeur. Par exemple, une murale de 6&#8242; (1,83m) de largeur a 4 laizes et une murale de 12&#8242; (3,66m) de largeur a 8 laizes.<\/p>\n<p>-Murale en papier\u00a0peint pr\u00e9encoll\u00e9e, lavable, s&#8217;enl\u00e8ve \u00e0 sec et r\u00e9utilisable. Facile \u00e0 installer, se pose comme du papier\u00a0peint (tapisserie).<\/p>\n<p>-murale de Manhattan, tapisserie de Manhattan, papier peint de Manhattan, murale de New York, papier peint de New York<\/p>\n","protected":false},"excerpt":{"rendered":"<p>-Murale d&#8217;une\u00a0magnifique vue de la ville de Manhattan \u00e0\u00a0New York. Une id\u00e9e de d\u00e9coration moderne et tendance qui transformera facilement votre int\u00e9rieur. -La murale comprend des laizes de 18&#8243; (45cm) de largeur. Par exemple, une murale de 6&#8242; (1,83m) de largeur a 4 laizes et une murale de 12&#8242; (3,66m) de largeur a 8 laizes. [&hellip;]<\/p>\n","protected":false},"featured_media":8173,"template":"","meta":{"_acf_changed":false},"product_brand":[203],"product_cat":[166,401],"product_tag":[8921,9499,9381,9170,9226,9230,8902,8861,9500,8901],"class_list":{"0":"post-8172","1":"product","2":"type-product","3":"status-publish","4":"has-post-thumbnail","6":"product_brand-muralunique-com","7":"product_cat-scenes-urbaines-villes","8":"product_cat-tous-nos-produits","9":"product_tag-contemporain","10":"product_tag-etats-unis","11":"product_tag-horizon","12":"product_tag-manhattan-fr","13":"product_tag-new-york-fr","14":"product_tag-nyc-fr","15":"product_tag-paysage-urbain","16":"product_tag-taxis","17":"product_tag-urbain","18":"product_tag-ville","20":"first","21":"instock","22":"taxable","23":"shipping-taxable","24":"purchasable","25":"product-type-variable","26":"has-default-attributes"},"acf":[],"_links":{"self":[{"href":"https:\/\/www.muralunique.com\/fr\/wp-json\/wp\/v2\/product\/8172","targetHints":{"allow":["GET"]}}],"collection":[{"href":"https:\/\/www.muralunique.com\/fr\/wp-json\/wp\/v2\/product"}],"about":[{"href":"https:\/\/www.muralunique.com\/fr\/wp-json\/wp\/v2\/types\/product"}],"wp:featuredmedia":[{"embeddable":true,"href":"https:\/\/www.muralunique.com\/fr\/wp-json\/wp\/v2\/media\/8173"}],"wp:attachment":[{"href":"https:\/\/www.muralunique.com\/fr\/wp-json\/wp\/v2\/media?parent=8172"}],"wp:term":[{"taxonomy":"product_brand","embeddable":true,"href":"https:\/\/www.muralunique.com\/fr\/wp-json\/wp\/v2\/product_brand?post=8172"},{"taxonomy":"product_cat","embeddable":true,"href":"https:\/\/www.muralunique.com\/fr\/wp-json\/wp\/v2\/product_cat?post=8172"},{"taxonomy":"product_tag","embeddable":true,"href":"https:\/\/www.muralunique.com\/fr\/wp-json\/wp\/v2\/product_tag?post=8172"}],"curies":[{"name":"wp","href":"https:\/\/api.w.org\/{rel}","templated":true}]}}