{"id":81796,"date":"2023-09-07T13:50:31","date_gmt":"2023-09-07T17:50:31","guid":{"rendered":"https:\/\/www.muralunique.com\/?post_type=product&#038;p=81796"},"modified":"2023-09-07T14:01:49","modified_gmt":"2023-09-07T18:01:49","slug":"ballerine","status":"publish","type":"product","link":"https:\/\/www.muralunique.com\/fr\/produit\/ballerine\/","title":{"rendered":"Ballerine"},"content":{"rendered":"<p>-Murale en papier peint d&#8217;une ballerine. Une image douce et \u00e9l\u00e9gante pour habiller un mur de chambre ou n&#8217;importe quel autre mur de votre int\u00e9rieur. \u00c9galement une bonne id\u00e9e d\u00e9co pour une \u00e9cole ou une boutique de danse.<\/p>\n<p>-La murale comprend des laizes de 18\u2033 (45cm) de largeur. Par exemple, une murale de 6\u2032 (1,83m) de largeur a 4 laizes et une murale de 12\u2032 (3,66m) de largeur a 8 laizes.<\/p>\n<p>-Murale en papier\u00a0peint pr\u00e9encoll\u00e9e, lavable, s\u2019enl\u00e8ve \u00e0 sec et r\u00e9utilisable. Facile \u00e0 installer, se pose comme du papier\u00a0peint (tapisserie).<\/p>\n<p>-murale ballerine, tapisserie murale ballerine, tapisserie ballerine, murale en papier peint ballerine, murale danse, papier peint danse, tapisserie murale danse, murale en papier peint danse<\/p>\n","protected":false},"excerpt":{"rendered":"<p>-Murale en papier peint d&#8217;une ballerine. Une image douce et \u00e9l\u00e9gante pour habiller un mur de chambre ou n&#8217;importe quel autre mur de votre int\u00e9rieur. \u00c9galement une bonne id\u00e9e d\u00e9co pour une \u00e9cole ou une boutique de danse. -La murale comprend des laizes de 18\u2033 (45cm) de largeur. Par exemple, une murale de 6\u2032 (1,83m) [&hellip;]<\/p>\n","protected":false},"featured_media":81795,"template":"","meta":{"_acf_changed":false},"product_brand":[],"product_cat":[131,145,401],"product_tag":[9441,9901,9442,10210,10229,10211,10231,9528,9530,9399,9400],"class_list":{"0":"post-81796","1":"product","2":"type-product","3":"status-publish","4":"has-post-thumbnail","6":"artist-artistes-varies","7":"product_cat-adolescents","8":"product_cat-sports-2","9":"product_cat-tous-nos-produits","10":"product_tag-ado","11":"product_tag-adolescent","12":"product_tag-adolescents","13":"product_tag-ballerine","14":"product_tag-ballet-fr","15":"product_tag-danse","16":"product_tag-danseur","17":"product_tag-fenetre","18":"product_tag-fenetres","19":"product_tag-sport","20":"product_tag-sports","22":"first","23":"instock","24":"taxable","25":"shipping-taxable","26":"purchasable","27":"product-type-variable","28":"has-default-attributes"},"acf":[],"_links":{"self":[{"href":"https:\/\/www.muralunique.com\/fr\/wp-json\/wp\/v2\/product\/81796","targetHints":{"allow":["GET"]}}],"collection":[{"href":"https:\/\/www.muralunique.com\/fr\/wp-json\/wp\/v2\/product"}],"about":[{"href":"https:\/\/www.muralunique.com\/fr\/wp-json\/wp\/v2\/types\/product"}],"wp:featuredmedia":[{"embeddable":true,"href":"https:\/\/www.muralunique.com\/fr\/wp-json\/wp\/v2\/media\/81795"}],"wp:attachment":[{"href":"https:\/\/www.muralunique.com\/fr\/wp-json\/wp\/v2\/media?parent=81796"}],"wp:term":[{"taxonomy":"product_brand","embeddable":true,"href":"https:\/\/www.muralunique.com\/fr\/wp-json\/wp\/v2\/product_brand?post=81796"},{"taxonomy":"product_cat","embeddable":true,"href":"https:\/\/www.muralunique.com\/fr\/wp-json\/wp\/v2\/product_cat?post=81796"},{"taxonomy":"product_tag","embeddable":true,"href":"https:\/\/www.muralunique.com\/fr\/wp-json\/wp\/v2\/product_tag?post=81796"}],"curies":[{"name":"wp","href":"https:\/\/api.w.org\/{rel}","templated":true}]}}