{"id":81975,"date":"2023-09-12T10:05:43","date_gmt":"2023-09-12T14:05:43","guid":{"rendered":"https:\/\/www.muralunique.com\/?post_type=product&#038;p=81975"},"modified":"2025-10-24T10:00:35","modified_gmt":"2025-10-24T14:00:35","slug":"bouquet-floral-sur-fond-noir","status":"publish","type":"product","link":"https:\/\/www.muralunique.com\/fr\/produit\/bouquet-floral-sur-fond-noir\/","title":{"rendered":"Bouquet Floral sur Fond Noir"},"content":{"rendered":"<p>-Murale en papier peint de fleurs sur un fond noir. Les murales florales sont efficaces en plus d&#8217;\u00eatre abordables pour transformer drastiquement l\u2019apparence d\u2019une pi\u00e8ce (sans pour autant tout changer).<\/p>\n<p>-La murale comprend des laizes de 18\u2033 (45cm) de largeur. Par exemple, une murale de 6\u2032 (1,83m) de largeur a 4 laizes et une murale de 12\u2032 (3,66m) de largeur a 8 laizes.<\/p>\n<p><strong>-Peut \u00eatre r\u00e9p\u00e9t\u00e9 verticalement.<\/strong><\/p>\n<p>-Murale en papier\u00a0peint pr\u00e9encoll\u00e9e, lavable, s\u2019enl\u00e8ve \u00e0 sec et r\u00e9utilisable. Facile \u00e0 installer, se pose comme du papier\u00a0peint (tapisserie).<\/p>\n<p>-murale bouquet floral sur fond noir, tapisserie murale bouquet floral sur fond noir, papier peint bouquet floral sur fond noir, murale florale, papier peint floral, murale en papier peint bouquet floral sur fond noir<\/p>\n","protected":false},"excerpt":{"rendered":"<p>-Murale en papier peint de fleurs sur un fond noir. Les murales florales sont efficaces en plus d&#8217;\u00eatre abordables pour transformer drastiquement l\u2019apparence d\u2019une pi\u00e8ce (sans pour autant tout changer). -La murale comprend des laizes de 18\u2033 (45cm) de largeur. Par exemple, une murale de 6\u2032 (1,83m) de largeur a 4 laizes et une murale [&hellip;]<\/p>\n","protected":false},"featured_media":81974,"template":"","meta":{"_acf_changed":false},"product_brand":[],"product_cat":[150,401],"product_tag":[9944,9009,9010,9006],"class_list":{"0":"post-81975","1":"product","2":"type-product","3":"status-publish","4":"has-post-thumbnail","6":"product_cat-fleurs-et-feuillages","7":"product_cat-tous-nos-produits","8":"product_tag-bouquet-fr","9":"product_tag-fleur","10":"product_tag-fleurs","11":"product_tag-floral-fr","13":"first","14":"instock","15":"taxable","16":"shipping-taxable","17":"purchasable","18":"product-type-variable","19":"has-default-attributes"},"acf":[],"_links":{"self":[{"href":"https:\/\/www.muralunique.com\/fr\/wp-json\/wp\/v2\/product\/81975","targetHints":{"allow":["GET"]}}],"collection":[{"href":"https:\/\/www.muralunique.com\/fr\/wp-json\/wp\/v2\/product"}],"about":[{"href":"https:\/\/www.muralunique.com\/fr\/wp-json\/wp\/v2\/types\/product"}],"wp:featuredmedia":[{"embeddable":true,"href":"https:\/\/www.muralunique.com\/fr\/wp-json\/wp\/v2\/media\/81974"}],"wp:attachment":[{"href":"https:\/\/www.muralunique.com\/fr\/wp-json\/wp\/v2\/media?parent=81975"}],"wp:term":[{"taxonomy":"product_brand","embeddable":true,"href":"https:\/\/www.muralunique.com\/fr\/wp-json\/wp\/v2\/product_brand?post=81975"},{"taxonomy":"product_cat","embeddable":true,"href":"https:\/\/www.muralunique.com\/fr\/wp-json\/wp\/v2\/product_cat?post=81975"},{"taxonomy":"product_tag","embeddable":true,"href":"https:\/\/www.muralunique.com\/fr\/wp-json\/wp\/v2\/product_tag?post=81975"}],"curies":[{"name":"wp","href":"https:\/\/api.w.org\/{rel}","templated":true}]}}