{"id":8202,"date":"2016-02-22T10:23:58","date_gmt":"2016-02-22T10:23:58","guid":{"rendered":"https:\/\/muralunique.com\/?post_type=product&#038;p=8202"},"modified":"2022-04-16T19:43:51","modified_gmt":"2022-04-16T23:43:51","slug":"route-des-acacias","status":"publish","type":"product","link":"https:\/\/www.muralunique.com\/fr\/produit\/route-des-acacias\/","title":{"rendered":"Route des Acacias"},"content":{"rendered":"<p>-Photo murale\u00a0en papier peint d&#8217;une petite route dans une for\u00eat myst\u00e9rieuse d&#8217;Acacias. Un excellent choix pour donner de la profondeur et de la richesse \u00e0 une pi\u00e8ce.<\/p>\n<p>-La murale comprend des laizes de 18&#8243; (45cm) de largeur. Par exemple, une murale de 6&#8242; (1,83m) de largeur a 4 laizes et une murale de 12&#8242; (3,66m) de largeur a 8 laizes.<\/p>\n<p>-Murale en papier\u00a0peint pr\u00e9encoll\u00e9e, lavable, s&#8217;enl\u00e8ve \u00e0 sec et r\u00e9utilisable. Facile \u00e0 installer, se pose comme du papier\u00a0peint (tapisserie).<\/p>\n<p>-Photographie de Lars van de Goor. Vous pouvez obtenir plus d&#8217;informations \u00e0 <a href=\"http:\/\/www.larsvandegoor.com\" rel=\"nofollow noopener\" target=\"_blank\">www.larsvandegoor.com<\/a>.<\/p>\n<p>-murale en papier peint de paysages, photo murale de paysages, murale de for\u00eat, papier peint de for\u00eat, tapisserie de for\u00eat<\/p>\n","protected":false},"excerpt":{"rendered":"<p>-Photo murale\u00a0en papier peint d&#8217;une petite route dans une for\u00eat myst\u00e9rieuse d&#8217;Acacias. Un excellent choix pour donner de la profondeur et de la richesse \u00e0 une pi\u00e8ce. -La murale comprend des laizes de 18&#8243; (45cm) de largeur. Par exemple, une murale de 6&#8242; (1,83m) de largeur a 4 laizes et une murale de 12&#8242; (3,66m) [&hellip;]<\/p>\n","protected":false},"featured_media":31698,"template":"","meta":{"_acf_changed":false},"product_brand":[185],"product_cat":[141,401],"product_tag":[9478,9258,9019,9219,9137,9331],"class_list":{"0":"post-8202","1":"product","2":"type-product","3":"status-publish","4":"has-post-thumbnail","6":"artist-lars-van-de-goor-fr","7":"product_brand-lars-van-de-goor","8":"product_cat-nature-et-paysages","9":"product_cat-tous-nos-produits","10":"product_tag-arbres","11":"product_tag-chemin","12":"product_tag-foret","13":"product_tag-nature-fr","14":"product_tag-paysage","15":"product_tag-route","17":"first","18":"instock","19":"taxable","20":"shipping-taxable","21":"purchasable","22":"product-type-variable","23":"has-default-attributes"},"acf":[],"_links":{"self":[{"href":"https:\/\/www.muralunique.com\/fr\/wp-json\/wp\/v2\/product\/8202","targetHints":{"allow":["GET"]}}],"collection":[{"href":"https:\/\/www.muralunique.com\/fr\/wp-json\/wp\/v2\/product"}],"about":[{"href":"https:\/\/www.muralunique.com\/fr\/wp-json\/wp\/v2\/types\/product"}],"wp:featuredmedia":[{"embeddable":true,"href":"https:\/\/www.muralunique.com\/fr\/wp-json\/wp\/v2\/media\/31698"}],"wp:attachment":[{"href":"https:\/\/www.muralunique.com\/fr\/wp-json\/wp\/v2\/media?parent=8202"}],"wp:term":[{"taxonomy":"product_brand","embeddable":true,"href":"https:\/\/www.muralunique.com\/fr\/wp-json\/wp\/v2\/product_brand?post=8202"},{"taxonomy":"product_cat","embeddable":true,"href":"https:\/\/www.muralunique.com\/fr\/wp-json\/wp\/v2\/product_cat?post=8202"},{"taxonomy":"product_tag","embeddable":true,"href":"https:\/\/www.muralunique.com\/fr\/wp-json\/wp\/v2\/product_tag?post=8202"}],"curies":[{"name":"wp","href":"https:\/\/api.w.org\/{rel}","templated":true}]}}