{"id":8216,"date":"2016-02-22T11:38:32","date_gmt":"2016-02-22T11:38:32","guid":{"rendered":"https:\/\/muralunique.com\/?post_type=product&#038;p=8216"},"modified":"2022-04-16T19:43:57","modified_gmt":"2022-04-16T23:43:57","slug":"melodie-de-la-foret","status":"publish","type":"product","link":"https:\/\/www.muralunique.com\/fr\/produit\/melodie-de-la-foret\/","title":{"rendered":"M\u00e9lodie de la For\u00eat"},"content":{"rendered":"<p>-Magnifique murale en papier peint d&#8217;une for\u00eat enchant\u00e9e. Les contrastes de couleur et les jeux de lumi\u00e8re pr\u00e9sents sur cette murale cr\u00e9ent un bel effet de perspective qui donne l\u2019impression d\u2019avoir les deux pieds dans une for\u00eat.<\/p>\n<p>-La murale comprend des laizes de 18\u2033 (45cm) de largeur. Par exemple, une murale de 6\u2032 (1,83m) de largeur a 4 laizes et une murale de 12\u2032 (3,66m) de largeur a 8 laizes.<\/p>\n<p>-Murale en papier\u00a0peint pr\u00e9encoll\u00e9e, lavable, s\u2019enl\u00e8ve \u00e0 sec et r\u00e9utilisable. Facile \u00e0 installer, se pose comme du papier\u00a0peint (tapisserie).<\/p>\n<p>-Photographie de Lars van de Goor. Vous pouvez obtenir plus d&#8217;informations \u00e0 <a href=\"http:\/\/www.larsvandegoor.com\" rel=\"nofollow noopener\" target=\"_blank\">www.larsvandegoor.com<\/a>.<\/p>\n<p>-murale for\u00eat ensoleill\u00e9e, photo murale for\u00eat ensoleill\u00e9e, murale en papier peint for\u00eat ensoleill\u00e9e, murale m\u00e9lodie de la for\u00eat<\/p>\n<p>&nbsp;<\/p>\n","protected":false},"excerpt":{"rendered":"<p>-Magnifique murale en papier peint d&#8217;une for\u00eat enchant\u00e9e. Les contrastes de couleur et les jeux de lumi\u00e8re pr\u00e9sents sur cette murale cr\u00e9ent un bel effet de perspective qui donne l\u2019impression d\u2019avoir les deux pieds dans une for\u00eat. -La murale comprend des laizes de 18\u2033 (45cm) de largeur. Par exemple, une murale de 6\u2032 (1,83m) de [&hellip;]<\/p>\n","protected":false},"featured_media":31700,"template":"","meta":{"_acf_changed":false},"product_brand":[185],"product_cat":[141,305,401],"product_tag":[9478,8864,9431,9019,9219,9261,9137,9429,9767,9770,9428,9467],"class_list":{"0":"post-8216","1":"product","2":"type-product","3":"status-publish","4":"has-post-thumbnail","6":"artist-lars-van-de-goor-fr","7":"product_brand-lars-van-de-goor","8":"product_cat-nature-et-paysages","9":"product_cat-produits-vedettes","10":"product_cat-tous-nos-produits","11":"product_tag-arbres","12":"product_tag-calme","13":"product_tag-ensoleille","14":"product_tag-foret","15":"product_tag-nature-fr","16":"product_tag-paisible","17":"product_tag-paysage","18":"product_tag-rayons-de-soleil","19":"product_tag-rayons-de-soleil-fr","20":"product_tag-rayons-de-soleil-fr-2","21":"product_tag-soleil","22":"product_tag-tranquilite","24":"first","25":"instock","26":"taxable","27":"shipping-taxable","28":"purchasable","29":"product-type-variable","30":"has-default-attributes"},"acf":[],"_links":{"self":[{"href":"https:\/\/www.muralunique.com\/fr\/wp-json\/wp\/v2\/product\/8216","targetHints":{"allow":["GET"]}}],"collection":[{"href":"https:\/\/www.muralunique.com\/fr\/wp-json\/wp\/v2\/product"}],"about":[{"href":"https:\/\/www.muralunique.com\/fr\/wp-json\/wp\/v2\/types\/product"}],"wp:featuredmedia":[{"embeddable":true,"href":"https:\/\/www.muralunique.com\/fr\/wp-json\/wp\/v2\/media\/31700"}],"wp:attachment":[{"href":"https:\/\/www.muralunique.com\/fr\/wp-json\/wp\/v2\/media?parent=8216"}],"wp:term":[{"taxonomy":"product_brand","embeddable":true,"href":"https:\/\/www.muralunique.com\/fr\/wp-json\/wp\/v2\/product_brand?post=8216"},{"taxonomy":"product_cat","embeddable":true,"href":"https:\/\/www.muralunique.com\/fr\/wp-json\/wp\/v2\/product_cat?post=8216"},{"taxonomy":"product_tag","embeddable":true,"href":"https:\/\/www.muralunique.com\/fr\/wp-json\/wp\/v2\/product_tag?post=8216"}],"curies":[{"name":"wp","href":"https:\/\/api.w.org\/{rel}","templated":true}]}}