{"id":82166,"date":"2023-09-15T15:33:34","date_gmt":"2023-09-15T19:33:34","guid":{"rendered":"https:\/\/www.muralunique.com\/?post_type=product&#038;p=82166"},"modified":"2023-09-15T15:52:37","modified_gmt":"2023-09-15T19:52:37","slug":"sommet-de-la-montagne","status":"publish","type":"product","link":"https:\/\/www.muralunique.com\/fr\/produit\/sommet-de-la-montagne\/","title":{"rendered":"Sommet de la Montagne"},"content":{"rendered":"<p>-Tapisserie murale d&#8217;une vue imprenable sur le sommet d&#8217;une montagne enneig\u00e9e dans les Alpes. Une bonne id\u00e9e d\u00e9co pour transformer une partie de votre maison en un espace sp\u00e9cial exempt du tumulte de la vie moderne.<\/p>\n<p>-La murale comprend des laizes de 18\u2033 (45cm) de largeur. Par exemple, une murale de 6\u2032 (1,83m) de largeur a 4 laizes et une murale de 12\u2032 (3,66m) de largeur a 8 laizes.<\/p>\n<p>-Murale en papier\u00a0peint pr\u00e9encoll\u00e9e, lavable, s\u2019enl\u00e8ve \u00e0 sec et r\u00e9utilisable. Facile \u00e0 installer, se pose comme du papier\u00a0peint (tapisserie).<\/p>\n<p>-murale sommet de la montagne, tapisserie murale sommet de la montagne, tapisserie sommet de la montagne, papier peint sommet de la montagne, murale montagne, papier peint montagne, tapisserie montagne, murale en papier peint montagne<\/p>\n","protected":false},"excerpt":{"rendered":"<p>-Tapisserie murale d&#8217;une vue imprenable sur le sommet d&#8217;une montagne enneig\u00e9e dans les Alpes. Une bonne id\u00e9e d\u00e9co pour transformer une partie de votre maison en un espace sp\u00e9cial exempt du tumulte de la vie moderne. -La murale comprend des laizes de 18\u2033 (45cm) de largeur. Par exemple, une murale de 6\u2032 (1,83m) de largeur [&hellip;]<\/p>\n","protected":false},"featured_media":82165,"template":"","meta":{"_acf_changed":false},"product_brand":[],"product_cat":[141,401],"product_tag":[9874,8864,9534,9208,9209,9219,9388,9261,9137,10223,9467,9501],"class_list":{"0":"post-82166","1":"product","2":"type-product","3":"status-publish","4":"has-post-thumbnail","6":"artist-artistes-varies","7":"product_cat-nature-et-paysages","8":"product_cat-tous-nos-produits","9":"product_tag-alpes","10":"product_tag-calme","11":"product_tag-hiver","12":"product_tag-montagne","13":"product_tag-montagnes","14":"product_tag-nature-fr","15":"product_tag-neige","16":"product_tag-paisible","17":"product_tag-paysage","18":"product_tag-sommet","19":"product_tag-tranquilite","20":"product_tag-vallee","22":"first","23":"instock","24":"taxable","25":"shipping-taxable","26":"purchasable","27":"product-type-variable","28":"has-default-attributes"},"acf":[],"_links":{"self":[{"href":"https:\/\/www.muralunique.com\/fr\/wp-json\/wp\/v2\/product\/82166","targetHints":{"allow":["GET"]}}],"collection":[{"href":"https:\/\/www.muralunique.com\/fr\/wp-json\/wp\/v2\/product"}],"about":[{"href":"https:\/\/www.muralunique.com\/fr\/wp-json\/wp\/v2\/types\/product"}],"wp:featuredmedia":[{"embeddable":true,"href":"https:\/\/www.muralunique.com\/fr\/wp-json\/wp\/v2\/media\/82165"}],"wp:attachment":[{"href":"https:\/\/www.muralunique.com\/fr\/wp-json\/wp\/v2\/media?parent=82166"}],"wp:term":[{"taxonomy":"product_brand","embeddable":true,"href":"https:\/\/www.muralunique.com\/fr\/wp-json\/wp\/v2\/product_brand?post=82166"},{"taxonomy":"product_cat","embeddable":true,"href":"https:\/\/www.muralunique.com\/fr\/wp-json\/wp\/v2\/product_cat?post=82166"},{"taxonomy":"product_tag","embeddable":true,"href":"https:\/\/www.muralunique.com\/fr\/wp-json\/wp\/v2\/product_tag?post=82166"}],"curies":[{"name":"wp","href":"https:\/\/api.w.org\/{rel}","templated":true}]}}