{"id":82183,"date":"2023-09-15T16:26:54","date_gmt":"2023-09-15T20:26:54","guid":{"rendered":"https:\/\/www.muralunique.com\/?post_type=product&#038;p=82183"},"modified":"2023-09-15T16:38:06","modified_gmt":"2023-09-15T20:38:06","slug":"vache-des-highlands","status":"publish","type":"product","link":"https:\/\/www.muralunique.com\/fr\/produit\/vache-des-highlands\/","title":{"rendered":"Vache des Highlands"},"content":{"rendered":"<p>-Murale en papier peint d&#8217;une sympathique vache brune des Highlands. Une murale tendance, parfaite pour votre projet de d\u00e9coration int\u00e9rieure.<\/p>\n<p>-La murale comprend des laizes de 18\u2033 (45cm) de largeur. Par exemple, une murale de 6\u2032 (1,83m) de largeur a 4 laizes et une murale de 12\u2032 (3,66m) de largeur a 8 laizes.<\/p>\n<p>-Murale en papier\u00a0peint pr\u00e9encoll\u00e9e, lavable, s\u2019enl\u00e8ve \u00e0 sec et r\u00e9utilisable. Facile \u00e0 installer, se pose comme du papier\u00a0peint (tapisserie).<\/p>\n<p>-murale vache des Highlands, tapisserie vache des Highlands, murale en papier peint vache des Highlands, tapisserie murale vache des Highlands, papier peint vache des Highlands, murale vache, tapisserie vache, papier peint vache<\/p>\n<p>&nbsp;<\/p>\n","protected":false},"excerpt":{"rendered":"<p>-Murale en papier peint d&#8217;une sympathique vache brune des Highlands. Une murale tendance, parfaite pour votre projet de d\u00e9coration int\u00e9rieure. -La murale comprend des laizes de 18\u2033 (45cm) de largeur. Par exemple, une murale de 6\u2032 (1,83m) de largeur a 4 laizes et une murale de 12\u2032 (3,66m) de largeur a 8 laizes. -Murale en [&hellip;]<\/p>\n","protected":false},"featured_media":82182,"template":"","meta":{"_acf_changed":false},"product_brand":[],"product_cat":[134,401],"product_tag":[8768,8769,10219,8986,9009,9010,9006,10221,10222,10218,10220,8931],"class_list":{"0":"post-82183","1":"product","2":"type-product","3":"status-publish","4":"has-post-thumbnail","6":"artist-artistes-varies","7":"product_cat-animaux","8":"product_cat-tous-nos-produits","9":"product_tag-animal","10":"product_tag-animaux","11":"product_tag-betail","12":"product_tag-ferme","13":"product_tag-fleur","14":"product_tag-fleurs","15":"product_tag-floral-fr","16":"product_tag-highland-fr","17":"product_tag-highlands-fr","18":"product_tag-taureau","19":"product_tag-vache","20":"product_tag-vaches","22":"first","23":"instock","24":"taxable","25":"shipping-taxable","26":"purchasable","27":"product-type-variable","28":"has-default-attributes"},"acf":[],"_links":{"self":[{"href":"https:\/\/www.muralunique.com\/fr\/wp-json\/wp\/v2\/product\/82183","targetHints":{"allow":["GET"]}}],"collection":[{"href":"https:\/\/www.muralunique.com\/fr\/wp-json\/wp\/v2\/product"}],"about":[{"href":"https:\/\/www.muralunique.com\/fr\/wp-json\/wp\/v2\/types\/product"}],"wp:featuredmedia":[{"embeddable":true,"href":"https:\/\/www.muralunique.com\/fr\/wp-json\/wp\/v2\/media\/82182"}],"wp:attachment":[{"href":"https:\/\/www.muralunique.com\/fr\/wp-json\/wp\/v2\/media?parent=82183"}],"wp:term":[{"taxonomy":"product_brand","embeddable":true,"href":"https:\/\/www.muralunique.com\/fr\/wp-json\/wp\/v2\/product_brand?post=82183"},{"taxonomy":"product_cat","embeddable":true,"href":"https:\/\/www.muralunique.com\/fr\/wp-json\/wp\/v2\/product_cat?post=82183"},{"taxonomy":"product_tag","embeddable":true,"href":"https:\/\/www.muralunique.com\/fr\/wp-json\/wp\/v2\/product_tag?post=82183"}],"curies":[{"name":"wp","href":"https:\/\/api.w.org\/{rel}","templated":true}]}}