{"id":82219,"date":"2023-09-18T15:12:45","date_gmt":"2023-09-18T19:12:45","guid":{"rendered":"https:\/\/www.muralunique.com\/?post_type=product&#038;p=82219"},"modified":"2023-09-18T15:30:40","modified_gmt":"2023-09-18T19:30:40","slug":"new-york-new-york-sepia","status":"publish","type":"product","link":"https:\/\/www.muralunique.com\/fr\/produit\/new-york-new-york-sepia\/","title":{"rendered":"New York, New York (S\u00e9pia)"},"content":{"rendered":"<p>-Tapisserie murale en s\u00e9pia d&#8217;un building \u00e0 New York aux \u00c9tats-Unis. Si vous cherchez \u00e0 moderniser votre espace, opter pour une murale en papier peint est un moyen simple et efficace de faire bouger les choses.<\/p>\n<p>-La murale comprend des laizes de 18\u2033 (45cm) de largeur. Par exemple, une murale de 6\u2032 (1,83m) de largeur a 4 laizes et une murale de 12\u2032 (3,66m) de largeur a 8 laizes.<\/p>\n<p>-Murale en papier\u00a0peint pr\u00e9encoll\u00e9e, lavable, s\u2019enl\u00e8ve \u00e0 sec et r\u00e9utilisable. Facile \u00e0 installer, se pose comme du papier\u00a0peint (tapisserie).<\/p>\n<p>-murale New York en s\u00e9pia, tapisserie murale New York en s\u00e9pia, papier peint New York en s\u00e9pia, murale en papier peint New York en s\u00e9pia, murale sc\u00e8ne de ville en s\u00e9pia, tapisserie sc\u00e8ne de ville en s\u00e9pia, papier peint sc\u00e8ne de ville en s\u00e9pia<\/p>\n","protected":false},"excerpt":{"rendered":"<p>-Tapisserie murale en s\u00e9pia d&#8217;un building \u00e0 New York aux \u00c9tats-Unis. Si vous cherchez \u00e0 moderniser votre espace, opter pour une murale en papier peint est un moyen simple et efficace de faire bouger les choses. -La murale comprend des laizes de 18\u2033 (45cm) de largeur. Par exemple, une murale de 6\u2032 (1,83m) de largeur [&hellip;]<\/p>\n","protected":false},"featured_media":82383,"template":"","meta":{"_acf_changed":false},"product_brand":[],"product_cat":[166,401],"product_tag":[8780,9634,9499,9170,9226,9230,8902,9500,8741,8901],"class_list":{"0":"post-82219","1":"product","2":"type-product","3":"status-publish","4":"has-post-thumbnail","6":"artist-artistes-varies","7":"product_cat-scenes-urbaines-villes","8":"product_cat-tous-nos-produits","9":"product_tag-architecture-fr","10":"product_tag-edifice","11":"product_tag-etats-unis","12":"product_tag-manhattan-fr","13":"product_tag-new-york-fr","14":"product_tag-nyc-fr","15":"product_tag-paysage-urbain","16":"product_tag-urbain","17":"product_tag-usa-fr","18":"product_tag-ville","20":"first","21":"instock","22":"taxable","23":"shipping-taxable","24":"purchasable","25":"product-type-variable","26":"has-default-attributes"},"acf":[],"_links":{"self":[{"href":"https:\/\/www.muralunique.com\/fr\/wp-json\/wp\/v2\/product\/82219","targetHints":{"allow":["GET"]}}],"collection":[{"href":"https:\/\/www.muralunique.com\/fr\/wp-json\/wp\/v2\/product"}],"about":[{"href":"https:\/\/www.muralunique.com\/fr\/wp-json\/wp\/v2\/types\/product"}],"wp:featuredmedia":[{"embeddable":true,"href":"https:\/\/www.muralunique.com\/fr\/wp-json\/wp\/v2\/media\/82383"}],"wp:attachment":[{"href":"https:\/\/www.muralunique.com\/fr\/wp-json\/wp\/v2\/media?parent=82219"}],"wp:term":[{"taxonomy":"product_brand","embeddable":true,"href":"https:\/\/www.muralunique.com\/fr\/wp-json\/wp\/v2\/product_brand?post=82219"},{"taxonomy":"product_cat","embeddable":true,"href":"https:\/\/www.muralunique.com\/fr\/wp-json\/wp\/v2\/product_cat?post=82219"},{"taxonomy":"product_tag","embeddable":true,"href":"https:\/\/www.muralunique.com\/fr\/wp-json\/wp\/v2\/product_tag?post=82219"}],"curies":[{"name":"wp","href":"https:\/\/api.w.org\/{rel}","templated":true}]}}