{"id":82277,"date":"2023-09-21T12:24:32","date_gmt":"2023-09-21T16:24:32","guid":{"rendered":"https:\/\/www.muralunique.com\/?post_type=product&#038;p=82277"},"modified":"2023-09-21T12:36:32","modified_gmt":"2023-09-21T16:36:32","slug":"sensation-florale","status":"publish","type":"product","link":"https:\/\/www.muralunique.com\/fr\/produit\/sensation-florale\/","title":{"rendered":"Sensation Florale"},"content":{"rendered":"<p id=\"tw-target-text\" class=\"tw-data-text tw-text-large tw-ta\" dir=\"ltr\" data-placeholder=\"Translation\"><span class=\"Y2IQFc\" lang=\"fr\">-Murale en papier peint d&#8217;un motif floral en noir et blanc. Que ce soit pour d\u00e9corer un couloir, un salon, une chambre, une salle \u00e0 manger ou encore pour une salle de bain ; ce papier peint floral est une option d\u00e9co tendance, chic et \u00e9l\u00e9gante.<\/span><\/p>\n<p>-La murale comprend des laizes de 18\u2033 (45cm) de largeur. Par exemple, une murale de 6\u2032 (1,83m) de largeur a 4 laizes et une murale de 12\u2032 (3,66m) de largeur a 8 laizes.<\/p>\n<p>-Murale en papier\u00a0peint pr\u00e9encoll\u00e9e, lavable, s\u2019enl\u00e8ve \u00e0 sec et r\u00e9utilisable. Facile \u00e0 installer, se pose comme du papier\u00a0peint (tapisserie).<\/p>\n<p>-murale sensation florale, murale en papier peint sensation florale, tapisserie murale sensation florale, tapisserie sensation florale, murale florale, tapisserie florale, papier peint floral<\/p>\n","protected":false},"excerpt":{"rendered":"<p>-Murale en papier peint d&#8217;un motif floral en noir et blanc. Que ce soit pour d\u00e9corer un couloir, un salon, une chambre, une salle \u00e0 manger ou encore pour une salle de bain ; ce papier peint floral est une option d\u00e9co tendance, chic et \u00e9l\u00e9gante. -La murale comprend des laizes de 18\u2033 (45cm) de [&hellip;]<\/p>\n","protected":false},"featured_media":82276,"template":"","meta":{"_acf_changed":false},"product_brand":[],"product_cat":[150,401],"product_tag":[9944,9009,9010,9006],"class_list":{"0":"post-82277","1":"product","2":"type-product","3":"status-publish","4":"has-post-thumbnail","6":"artist-artistes-varies","7":"product_cat-fleurs-et-feuillages","8":"product_cat-tous-nos-produits","9":"product_tag-bouquet-fr","10":"product_tag-fleur","11":"product_tag-fleurs","12":"product_tag-floral-fr","14":"first","15":"instock","16":"taxable","17":"shipping-taxable","18":"purchasable","19":"product-type-variable","20":"has-default-attributes"},"acf":[],"_links":{"self":[{"href":"https:\/\/www.muralunique.com\/fr\/wp-json\/wp\/v2\/product\/82277","targetHints":{"allow":["GET"]}}],"collection":[{"href":"https:\/\/www.muralunique.com\/fr\/wp-json\/wp\/v2\/product"}],"about":[{"href":"https:\/\/www.muralunique.com\/fr\/wp-json\/wp\/v2\/types\/product"}],"wp:featuredmedia":[{"embeddable":true,"href":"https:\/\/www.muralunique.com\/fr\/wp-json\/wp\/v2\/media\/82276"}],"wp:attachment":[{"href":"https:\/\/www.muralunique.com\/fr\/wp-json\/wp\/v2\/media?parent=82277"}],"wp:term":[{"taxonomy":"product_brand","embeddable":true,"href":"https:\/\/www.muralunique.com\/fr\/wp-json\/wp\/v2\/product_brand?post=82277"},{"taxonomy":"product_cat","embeddable":true,"href":"https:\/\/www.muralunique.com\/fr\/wp-json\/wp\/v2\/product_cat?post=82277"},{"taxonomy":"product_tag","embeddable":true,"href":"https:\/\/www.muralunique.com\/fr\/wp-json\/wp\/v2\/product_tag?post=82277"}],"curies":[{"name":"wp","href":"https:\/\/api.w.org\/{rel}","templated":true}]}}