{"id":8230,"date":"2016-02-23T11:28:15","date_gmt":"2016-02-23T11:28:15","guid":{"rendered":"https:\/\/muralunique.com\/?post_type=product&#038;p=8230"},"modified":"2022-04-16T19:44:05","modified_gmt":"2022-04-16T23:44:05","slug":"tranches-de-kiwi","status":"publish","type":"product","link":"https:\/\/www.muralunique.com\/fr\/produit\/tranches-de-kiwi\/","title":{"rendered":"Tranches de Kiwi"},"content":{"rendered":"<p>-Murale en papier peint color\u00e9e d&#8217;un plan rapproch\u00e9 de tranches de kiwis.<\/p>\n<p>-La murale comprend des laizes de 18&#8243; (45cm) de largeur. Par exemple, une murale de 6&#8242; (1,83m) de largeur a 4 laizes et une murale de 12&#8242; (3,66m) de largeur a 8 laizes.<\/p>\n<p>-Murale en papier\u00a0peint pr\u00e9encoll\u00e9e, lavable, s&#8217;enl\u00e8ve \u00e0 sec et r\u00e9utilisable. Facile \u00e0 installer, se pose comme du papier\u00a0peint (tapisserie).<\/p>\n<p>-murale tranches de kiwi, photo murale tranches de kiwi, papier peint tranches de kiwi, papier peint fruits, murale fruits<\/p>\n","protected":false},"excerpt":{"rendered":"<p>-Murale en papier peint color\u00e9e d&#8217;un plan rapproch\u00e9 de tranches de kiwis. -La murale comprend des laizes de 18&#8243; (45cm) de largeur. Par exemple, une murale de 6&#8242; (1,83m) de largeur a 4 laizes et une murale de 12&#8242; (3,66m) de largeur a 8 laizes. -Murale en papier\u00a0peint pr\u00e9encoll\u00e9e, lavable, s&#8217;enl\u00e8ve \u00e0 sec et r\u00e9utilisable. [&hellip;]<\/p>\n","protected":false},"featured_media":8231,"template":"","meta":{"_acf_changed":false},"product_brand":[203],"product_cat":[471,401],"product_tag":[9030,9035,9016,9319,9384,9385],"class_list":{"0":"post-8230","1":"product","2":"type-product","3":"status-publish","4":"has-post-thumbnail","6":"product_brand-muralunique-com","7":"product_cat-cuisine-nourriture","8":"product_cat-tous-nos-produits","9":"product_tag-frais","10":"product_tag-fruits-fr","11":"product_tag-nourriture","12":"product_tag-rafraichissant-fr","13":"product_tag-tranche","14":"product_tag-tranches","16":"first","17":"instock","18":"taxable","19":"shipping-taxable","20":"purchasable","21":"product-type-variable","22":"has-default-attributes"},"acf":[],"_links":{"self":[{"href":"https:\/\/www.muralunique.com\/fr\/wp-json\/wp\/v2\/product\/8230","targetHints":{"allow":["GET"]}}],"collection":[{"href":"https:\/\/www.muralunique.com\/fr\/wp-json\/wp\/v2\/product"}],"about":[{"href":"https:\/\/www.muralunique.com\/fr\/wp-json\/wp\/v2\/types\/product"}],"wp:featuredmedia":[{"embeddable":true,"href":"https:\/\/www.muralunique.com\/fr\/wp-json\/wp\/v2\/media\/8231"}],"wp:attachment":[{"href":"https:\/\/www.muralunique.com\/fr\/wp-json\/wp\/v2\/media?parent=8230"}],"wp:term":[{"taxonomy":"product_brand","embeddable":true,"href":"https:\/\/www.muralunique.com\/fr\/wp-json\/wp\/v2\/product_brand?post=8230"},{"taxonomy":"product_cat","embeddable":true,"href":"https:\/\/www.muralunique.com\/fr\/wp-json\/wp\/v2\/product_cat?post=8230"},{"taxonomy":"product_tag","embeddable":true,"href":"https:\/\/www.muralunique.com\/fr\/wp-json\/wp\/v2\/product_tag?post=8230"}],"curies":[{"name":"wp","href":"https:\/\/api.w.org\/{rel}","templated":true}]}}