{"id":8243,"date":"2016-03-18T13:36:47","date_gmt":"2016-03-18T13:36:47","guid":{"rendered":"https:\/\/muralunique.com\/?post_type=product&#038;p=8243"},"modified":"2022-04-16T19:44:13","modified_gmt":"2022-04-16T23:44:13","slug":"collection-de-billets-de-banque","status":"publish","type":"product","link":"https:\/\/www.muralunique.com\/fr\/produit\/collection-de-billets-de-banque\/","title":{"rendered":"Collection de Billets de Banque"},"content":{"rendered":"<p>-Murale en papier peint originale de billets de banque de diff\u00e9rents pays. La qualit\u00e9 (r\u00e9solution) de cette image est exceptionnelle (625 M\u00e9gaPixels). Une murale parfaite pour une salle de jeu pour adultes comme une salle de machines \u00e0 sous ou une salle de poker.<\/p>\n<p>-La murale comprend des laizes de 18&#8243; (45cm) de largeur. Par exemple, une murale de 6&#8242; (1,83m) de largeur a 4 laizes et une murale de 12&#8242; (3,66m) de largeur a 8 laizes.<\/p>\n<p>-Murale en papier\u00a0peint pr\u00e9encoll\u00e9e, lavable, s&#8217;enl\u00e8ve \u00e0 sec et r\u00e9utilisable. Facile \u00e0 installer, se pose comme du papier\u00a0peint (tapisserie).<\/p>\n<p>-Photographie de Donn Petelka. Vous pouvez obtenir plus d&#8217;informations \u00e0 cette adresse:\u00a0<u><a style=\"color: #1155cc; font-family: verdana, sans-serif; font-size: large;\" href=\"mailto:donnpetelka@gmail.com\" target=\"_blank\" rel=\"noopener noreferrer\">donnpetelka@gmail.com<\/a><\/u>.<\/p>\n<p>-murale billets de banque, papier peint billets de banque, tapisserie billets de banque, murale avec billets, papier peint avec billets<\/p>\n","protected":false},"excerpt":{"rendered":"<p>-Murale en papier peint originale de billets de banque de diff\u00e9rents pays. La qualit\u00e9 (r\u00e9solution) de cette image est exceptionnelle (625 M\u00e9gaPixels). Une murale parfaite pour une salle de jeu pour adultes comme une salle de machines \u00e0 sous ou une salle de poker. -La murale comprend des laizes de 18&#8243; (45cm) de largeur. Par [&hellip;]<\/p>\n","protected":false},"featured_media":8244,"template":"","meta":{"_acf_changed":false},"product_brand":[197],"product_cat":[169,401,427],"product_tag":[],"class_list":{"0":"post-8243","1":"product","2":"type-product","3":"status-publish","4":"has-post-thumbnail","6":"artist-donn-petelka-fr","7":"product_brand-donn-petelka-2","8":"product_cat-textures-2","9":"product_cat-tous-nos-produits","10":"product_cat-ultra-haute-d-finition-photos","12":"first","13":"instock","14":"taxable","15":"shipping-taxable","16":"purchasable","17":"product-type-variable","18":"has-default-attributes"},"acf":[],"_links":{"self":[{"href":"https:\/\/www.muralunique.com\/fr\/wp-json\/wp\/v2\/product\/8243","targetHints":{"allow":["GET"]}}],"collection":[{"href":"https:\/\/www.muralunique.com\/fr\/wp-json\/wp\/v2\/product"}],"about":[{"href":"https:\/\/www.muralunique.com\/fr\/wp-json\/wp\/v2\/types\/product"}],"wp:featuredmedia":[{"embeddable":true,"href":"https:\/\/www.muralunique.com\/fr\/wp-json\/wp\/v2\/media\/8244"}],"wp:attachment":[{"href":"https:\/\/www.muralunique.com\/fr\/wp-json\/wp\/v2\/media?parent=8243"}],"wp:term":[{"taxonomy":"product_brand","embeddable":true,"href":"https:\/\/www.muralunique.com\/fr\/wp-json\/wp\/v2\/product_brand?post=8243"},{"taxonomy":"product_cat","embeddable":true,"href":"https:\/\/www.muralunique.com\/fr\/wp-json\/wp\/v2\/product_cat?post=8243"},{"taxonomy":"product_tag","embeddable":true,"href":"https:\/\/www.muralunique.com\/fr\/wp-json\/wp\/v2\/product_tag?post=8243"}],"curies":[{"name":"wp","href":"https:\/\/api.w.org\/{rel}","templated":true}]}}