{"id":82497,"date":"2023-09-27T15:40:13","date_gmt":"2023-09-27T19:40:13","guid":{"rendered":"https:\/\/www.muralunique.com\/?post_type=product&#038;p=82497"},"modified":"2023-09-27T16:14:08","modified_gmt":"2023-09-27T20:14:08","slug":"lac-dans-la-brume","status":"publish","type":"product","link":"https:\/\/www.muralunique.com\/fr\/produit\/lac-dans-la-brume\/","title":{"rendered":"Lac dans la Brume"},"content":{"rendered":"<p id=\"tw-target-text\" class=\"tw-data-text tw-text-large tw-ta\" dir=\"ltr\" data-placeholder=\"Translation\"><span class=\"Y2IQFc\" lang=\"fr\">-Murale en papier peint repr\u00e9sentant un lac et quelques arbres dans la brume. Une murale myst\u00e9rieuse et \u00e9l\u00e9gante, parfaite pour cr\u00e9er un espace chaleureux et accueillant. Parfaite pour n\u2019importe quel espace de votre maison : une salle de bain, une chambre, un salon ou m\u00eame un bureau.<\/span><\/p>\n<p>-La murale comprend des laizes de 18\u2033 (45cm) de largeur. Par exemple, une murale de 6\u2032 (1,83m) de largeur a 4 laizes et une murale de 12\u2032 (3,66m) de largeur a 8 laizes.<\/p>\n<p>-Murale en papier\u00a0peint pr\u00e9encoll\u00e9e, lavable, s\u2019enl\u00e8ve \u00e0 sec et r\u00e9utilisable. Facile \u00e0 installer, se pose comme du papier\u00a0peint (tapisserie).<\/p>\n<p>-murale lac dans la brume, murale en papier peint lac dans la brume, tapisserie lac dans la brume, murale de paysage, papier peint de paysage, tapisserie de paysage, murale de la nature, tapisserie de la nature<\/p>\n","protected":false},"excerpt":{"rendered":"<p>-Murale en papier peint repr\u00e9sentant un lac et quelques arbres dans la brume. Une murale myst\u00e9rieuse et \u00e9l\u00e9gante, parfaite pour cr\u00e9er un espace chaleureux et accueillant. Parfaite pour n\u2019importe quel espace de votre maison : une salle de bain, une chambre, un salon ou m\u00eame un bureau. -La murale comprend des laizes de 18\u2033 (45cm) [&hellip;]<\/p>\n","protected":false},"featured_media":82496,"template":"","meta":{"_acf_changed":false},"product_brand":[],"product_cat":[153,141,303,401],"product_tag":[9477,9478,9013,9186,9012,9011,9517,9019,9135,9219,9137,9330],"class_list":{"0":"post-82497","1":"product","2":"type-product","3":"status-publish","4":"has-post-thumbnail","6":"artist-artistes-varies","7":"product_cat-eau-et-plages","8":"product_cat-nature-et-paysages","9":"product_cat-nouveautes","10":"product_cat-tous-nos-produits","11":"product_tag-arbre","12":"product_tag-arbres","13":"product_tag-brouillard","14":"product_tag-bruine","15":"product_tag-brumailles","16":"product_tag-brumeux","17":"product_tag-eau","18":"product_tag-foret","19":"product_tag-lac","20":"product_tag-nature-fr","21":"product_tag-paysage","22":"product_tag-riviere","24":"first","25":"instock","26":"taxable","27":"shipping-taxable","28":"purchasable","29":"product-type-variable","30":"has-default-attributes"},"acf":[],"_links":{"self":[{"href":"https:\/\/www.muralunique.com\/fr\/wp-json\/wp\/v2\/product\/82497","targetHints":{"allow":["GET"]}}],"collection":[{"href":"https:\/\/www.muralunique.com\/fr\/wp-json\/wp\/v2\/product"}],"about":[{"href":"https:\/\/www.muralunique.com\/fr\/wp-json\/wp\/v2\/types\/product"}],"wp:featuredmedia":[{"embeddable":true,"href":"https:\/\/www.muralunique.com\/fr\/wp-json\/wp\/v2\/media\/82496"}],"wp:attachment":[{"href":"https:\/\/www.muralunique.com\/fr\/wp-json\/wp\/v2\/media?parent=82497"}],"wp:term":[{"taxonomy":"product_brand","embeddable":true,"href":"https:\/\/www.muralunique.com\/fr\/wp-json\/wp\/v2\/product_brand?post=82497"},{"taxonomy":"product_cat","embeddable":true,"href":"https:\/\/www.muralunique.com\/fr\/wp-json\/wp\/v2\/product_cat?post=82497"},{"taxonomy":"product_tag","embeddable":true,"href":"https:\/\/www.muralunique.com\/fr\/wp-json\/wp\/v2\/product_tag?post=82497"}],"curies":[{"name":"wp","href":"https:\/\/api.w.org\/{rel}","templated":true}]}}