{"id":83252,"date":"2023-10-26T16:53:26","date_gmt":"2023-10-26T20:53:26","guid":{"rendered":"https:\/\/www.muralunique.com\/?post_type=product&#038;p=83252"},"modified":"2023-10-26T17:08:28","modified_gmt":"2023-10-26T21:08:28","slug":"nyc","status":"publish","type":"product","link":"https:\/\/www.muralunique.com\/fr\/produit\/nyc\/","title":{"rendered":"NYC"},"content":{"rendered":"<p>-Murale d&#8217;une vue int\u00e9ressante d&#8217;une rue de New York. Si vous cherchez \u00e0 moderniser votre espace, opter pour une murale en papier peint de New York est un moyen simple et efficace de faire bouger les choses.<\/p>\n<p>-La murale comprend des laizes de 18\u2033 (45cm) de largeur. Par exemple, une murale de 6\u2032 (1,83m) de largeur a 4 laizes et une murale de 12\u2032 (3,66m) de largeur a 8 laizes.<\/p>\n<p>-Murale en papier\u00a0peint pr\u00e9encoll\u00e9e, lavable, s\u2019enl\u00e8ve \u00e0 sec et r\u00e9utilisable. Facile \u00e0 installer, se pose comme du papier\u00a0peint (tapisserie).<\/p>\n<p>-murale NYC, murale en papier peint NYC, tapisserie NYC, murale new york, murale en papier peint new york, tapisserie murale new york, murale sc\u00e8ne urbaine, papier peint sc\u00e8ne urbaine, tapisserie sc\u00e8ne urbaine<\/p>\n","protected":false},"excerpt":{"rendered":"<p>-Murale d&#8217;une vue int\u00e9ressante d&#8217;une rue de New York. Si vous cherchez \u00e0 moderniser votre espace, opter pour une murale en papier peint de New York est un moyen simple et efficace de faire bouger les choses. -La murale comprend des laizes de 18\u2033 (45cm) de largeur. Par exemple, une murale de 6\u2032 (1,83m) de [&hellip;]<\/p>\n","protected":false},"featured_media":83251,"template":"","meta":{"_acf_changed":false},"product_brand":[],"product_cat":[131,166,401],"product_tag":[9441,9901,9442,9499,9382,9381,9151,9152,9170,9226,9227,9230,8902,9423,8903,9500,8741,8901],"class_list":{"0":"post-83252","1":"product","2":"type-product","3":"status-publish","4":"has-post-thumbnail","6":"artist-artistes-varies","7":"product_cat-adolescents","8":"product_cat-scenes-urbaines-villes","9":"product_cat-tous-nos-produits","10":"product_tag-ado","11":"product_tag-adolescent","12":"product_tag-adolescents","13":"product_tag-etats-unis","14":"product_tag-grattes-ciels","15":"product_tag-horizon","16":"product_tag-lumiere","17":"product_tag-lumieres","18":"product_tag-manhattan-fr","19":"product_tag-new-york-fr","20":"product_tag-nuit","21":"product_tag-nyc-fr","22":"product_tag-paysage-urbain","23":"product_tag-rue","24":"product_tag-scene-urbaine","25":"product_tag-urbain","26":"product_tag-usa-fr","27":"product_tag-ville","29":"first","30":"instock","31":"taxable","32":"shipping-taxable","33":"purchasable","34":"product-type-variable","35":"has-default-attributes"},"acf":[],"_links":{"self":[{"href":"https:\/\/www.muralunique.com\/fr\/wp-json\/wp\/v2\/product\/83252","targetHints":{"allow":["GET"]}}],"collection":[{"href":"https:\/\/www.muralunique.com\/fr\/wp-json\/wp\/v2\/product"}],"about":[{"href":"https:\/\/www.muralunique.com\/fr\/wp-json\/wp\/v2\/types\/product"}],"wp:featuredmedia":[{"embeddable":true,"href":"https:\/\/www.muralunique.com\/fr\/wp-json\/wp\/v2\/media\/83251"}],"wp:attachment":[{"href":"https:\/\/www.muralunique.com\/fr\/wp-json\/wp\/v2\/media?parent=83252"}],"wp:term":[{"taxonomy":"product_brand","embeddable":true,"href":"https:\/\/www.muralunique.com\/fr\/wp-json\/wp\/v2\/product_brand?post=83252"},{"taxonomy":"product_cat","embeddable":true,"href":"https:\/\/www.muralunique.com\/fr\/wp-json\/wp\/v2\/product_cat?post=83252"},{"taxonomy":"product_tag","embeddable":true,"href":"https:\/\/www.muralunique.com\/fr\/wp-json\/wp\/v2\/product_tag?post=83252"}],"curies":[{"name":"wp","href":"https:\/\/api.w.org\/{rel}","templated":true}]}}