{"id":83336,"date":"2023-10-30T14:03:30","date_gmt":"2023-10-30T18:03:30","guid":{"rendered":"https:\/\/www.muralunique.com\/?post_type=product&#038;p=83336"},"modified":"2023-10-30T14:19:20","modified_gmt":"2023-10-30T18:19:20","slug":"feuillage-sorbier-des-oiseaux","status":"publish","type":"product","link":"https:\/\/www.muralunique.com\/fr\/produit\/feuillage-sorbier-des-oiseaux\/","title":{"rendered":"Feuillage Sorbier des Oiseaux"},"content":{"rendered":"<p>-Murale d&#8217;un feuillage d&#8217;arbre qui s&#8217;appelle sorbier des oiseaux. Une murale paisible et rafraichissante, parfaite pour verdir votre espace int\u00e9rieur. Convient \u00e0 n&#8217;importe quel espace de votre maison: salle de bain, salon, chambre \u00e0 coucher ou autre.<\/p>\n<p>-La murale comprend des laizes de 18\u2033 (45cm) de largeur. Par exemple, une murale de 6\u2032 (1,83m) de largeur a 4 laizes et une murale de 12\u2032 (3,66m) de largeur a 8 laizes.<\/p>\n<p>-Murale en papier\u00a0peint pr\u00e9encoll\u00e9e, lavable, s\u2019enl\u00e8ve \u00e0 sec et r\u00e9utilisable. Facile \u00e0 installer, se pose comme du papier\u00a0peint (tapisserie).<\/p>\n<p>-murale feuillage sorbier des oiseaux, tapisserie murale feuillage sorbier des oiseaux, murale en papier peint feuillage sorbier des oiseaux, papier peint feuillage vert, murale feuillage vert, tapisserie feuillage vert<\/p>\n","protected":false},"excerpt":{"rendered":"<p>-Murale d&#8217;un feuillage d&#8217;arbre qui s&#8217;appelle sorbier des oiseaux. Une murale paisible et rafraichissante, parfaite pour verdir votre espace int\u00e9rieur. Convient \u00e0 n&#8217;importe quel espace de votre maison: salle de bain, salon, chambre \u00e0 coucher ou autre. -La murale comprend des laizes de 18\u2033 (45cm) de largeur. Par exemple, une murale de 6\u2032 (1,83m) de [&hellip;]<\/p>\n","protected":false},"featured_media":83334,"template":"","meta":{"_acf_changed":false},"product_brand":[],"product_cat":[150,401],"product_tag":[9477,8841,8842,10051,9014,10205,9144,10249],"class_list":{"0":"post-83336","1":"product","2":"type-product","3":"status-publish","4":"has-post-thumbnail","6":"artist-artistes-varies","7":"product_cat-fleurs-et-feuillages","8":"product_cat-tous-nos-produits","9":"product_tag-arbre","10":"product_tag-branche","11":"product_tag-branches-fr","12":"product_tag-canopee","13":"product_tag-feuillage","14":"product_tag-feuille-fr-2","15":"product_tag-feuilles","16":"product_tag-sorbier-des-oiseaux","18":"first","19":"instock","20":"taxable","21":"shipping-taxable","22":"purchasable","23":"product-type-variable","24":"has-default-attributes"},"acf":[],"_links":{"self":[{"href":"https:\/\/www.muralunique.com\/fr\/wp-json\/wp\/v2\/product\/83336","targetHints":{"allow":["GET"]}}],"collection":[{"href":"https:\/\/www.muralunique.com\/fr\/wp-json\/wp\/v2\/product"}],"about":[{"href":"https:\/\/www.muralunique.com\/fr\/wp-json\/wp\/v2\/types\/product"}],"wp:featuredmedia":[{"embeddable":true,"href":"https:\/\/www.muralunique.com\/fr\/wp-json\/wp\/v2\/media\/83334"}],"wp:attachment":[{"href":"https:\/\/www.muralunique.com\/fr\/wp-json\/wp\/v2\/media?parent=83336"}],"wp:term":[{"taxonomy":"product_brand","embeddable":true,"href":"https:\/\/www.muralunique.com\/fr\/wp-json\/wp\/v2\/product_brand?post=83336"},{"taxonomy":"product_cat","embeddable":true,"href":"https:\/\/www.muralunique.com\/fr\/wp-json\/wp\/v2\/product_cat?post=83336"},{"taxonomy":"product_tag","embeddable":true,"href":"https:\/\/www.muralunique.com\/fr\/wp-json\/wp\/v2\/product_tag?post=83336"}],"curies":[{"name":"wp","href":"https:\/\/api.w.org\/{rel}","templated":true}]}}