{"id":83391,"date":"2023-11-01T16:45:43","date_gmt":"2023-11-01T20:45:43","guid":{"rendered":"https:\/\/www.muralunique.com\/?post_type=product&#038;p=83391"},"modified":"2023-11-01T17:08:14","modified_gmt":"2023-11-01T21:08:14","slug":"feuilles-de-palmier","status":"publish","type":"product","link":"https:\/\/www.muralunique.com\/fr\/produit\/feuilles-de-palmier\/","title":{"rendered":"Feuilles de Palmier"},"content":{"rendered":"<p><span class=\"Y2IQFc\" lang=\"fr\">-Murale verticale repr\u00e9sentant un plan rapproch\u00e9 de feuilles de palmier. Sublimez votre espace avec cette magnifique murale en papier peint de feuillage.<\/span><\/p>\n<p>-La murale comprend des laizes de 18\u2033 (45cm) de largeur. Par exemple, une murale de 6\u2032 (1,83m) de largeur a 4 laizes et une murale de 12\u2032 (3,66m) de largeur a 8 laizes.<\/p>\n<p>-Murale en papier\u00a0peint pr\u00e9encoll\u00e9e, lavable, s\u2019enl\u00e8ve \u00e0 sec et r\u00e9utilisable. Facile \u00e0 installer, se pose comme du papier\u00a0peint (tapisserie).<\/p>\n<p>-murale feuilles de palmier, tapisserie murale feuilles de palmier, tapisserie feuilles de palmier, papier peint feuilles de palmier, murale feuillage, tapisserie murale feuillage, papier peint feuillage<\/p>\n","protected":false},"excerpt":{"rendered":"<p>-Murale verticale repr\u00e9sentant un plan rapproch\u00e9 de feuilles de palmier. Sublimez votre espace avec cette magnifique murale en papier peint de feuillage. -La murale comprend des laizes de 18\u2033 (45cm) de largeur. Par exemple, une murale de 6\u2032 (1,83m) de largeur a 4 laizes et une murale de 12\u2032 (3,66m) de largeur a 8 laizes. [&hellip;]<\/p>\n","protected":false},"featured_media":83394,"template":"","meta":{"_acf_changed":false},"product_brand":[],"product_cat":[150,303,401],"product_tag":[8841,9014,9142,9144,9567,9167,9702,8905,9486],"class_list":{"0":"post-83391","1":"product","2":"type-product","3":"status-publish","4":"has-post-thumbnail","6":"artist-artistes-varies","7":"product_cat-fleurs-et-feuillages","8":"product_cat-nouveautes","9":"product_cat-tous-nos-produits","10":"product_tag-branche","11":"product_tag-feuillage","12":"product_tag-feuille","13":"product_tag-feuilles","14":"product_tag-feuilles-de-palmier","15":"product_tag-macro-fr","16":"product_tag-palmier","17":"product_tag-plan-rapproche","18":"product_tag-tropical-fr","20":"first","21":"instock","22":"taxable","23":"shipping-taxable","24":"purchasable","25":"product-type-variable","26":"has-default-attributes"},"acf":[],"_links":{"self":[{"href":"https:\/\/www.muralunique.com\/fr\/wp-json\/wp\/v2\/product\/83391","targetHints":{"allow":["GET"]}}],"collection":[{"href":"https:\/\/www.muralunique.com\/fr\/wp-json\/wp\/v2\/product"}],"about":[{"href":"https:\/\/www.muralunique.com\/fr\/wp-json\/wp\/v2\/types\/product"}],"wp:featuredmedia":[{"embeddable":true,"href":"https:\/\/www.muralunique.com\/fr\/wp-json\/wp\/v2\/media\/83394"}],"wp:attachment":[{"href":"https:\/\/www.muralunique.com\/fr\/wp-json\/wp\/v2\/media?parent=83391"}],"wp:term":[{"taxonomy":"product_brand","embeddable":true,"href":"https:\/\/www.muralunique.com\/fr\/wp-json\/wp\/v2\/product_brand?post=83391"},{"taxonomy":"product_cat","embeddable":true,"href":"https:\/\/www.muralunique.com\/fr\/wp-json\/wp\/v2\/product_cat?post=83391"},{"taxonomy":"product_tag","embeddable":true,"href":"https:\/\/www.muralunique.com\/fr\/wp-json\/wp\/v2\/product_tag?post=83391"}],"curies":[{"name":"wp","href":"https:\/\/api.w.org\/{rel}","templated":true}]}}