{"id":83468,"date":"2023-11-02T14:36:28","date_gmt":"2023-11-02T18:36:28","guid":{"rendered":"https:\/\/www.muralunique.com\/?post_type=product&#038;p=83468"},"modified":"2023-11-02T14:58:11","modified_gmt":"2023-11-02T18:58:11","slug":"lignes-abstraites","status":"publish","type":"product","link":"https:\/\/www.muralunique.com\/fr\/produit\/lignes-abstraites\/","title":{"rendered":"Lignes Abstraites"},"content":{"rendered":"<p><span class=\"Y2IQFc\" lang=\"fr\">-Tapisserie murale d&#8217;un design moderne avec des lignes abstraites. Si vous cherchez \u00e0 moderniser votre espace, opter pour une murale en papier peint est un moyen simple et efficace de faire bouger les choses.\u00a0<\/span><\/p>\n<p>-La murale comprend des laizes de 18\u2033 (45cm) de largeur. Par exemple, une murale de 6\u2032 (1,83m) de largeur a 4 laizes et une murale de 12\u2032 (3,66m) de largeur a 8 laizes.<\/p>\n<p>-Murale en papier\u00a0peint pr\u00e9encoll\u00e9e, lavable, s\u2019enl\u00e8ve \u00e0 sec et r\u00e9utilisable. Facile \u00e0 installer, se pose comme du papier\u00a0peint (tapisserie).<\/p>\n<p>-murale lignes abstraites, tapisserie murale lignes abstraites, murale en papier peint lignes abstraites, papier peint lignes abstraites, murale moderne, tapisserie moderne, papier peint moderne, murale abstraite, papier peint abstrait<\/p>\n<p>&nbsp;<\/p>\n","protected":false},"excerpt":{"rendered":"<p>-Tapisserie murale d&#8217;un design moderne avec des lignes abstraites. Si vous cherchez \u00e0 moderniser votre espace, opter pour une murale en papier peint est un moyen simple et efficace de faire bouger les choses.\u00a0 -La murale comprend des laizes de 18\u2033 (45cm) de largeur. Par exemple, une murale de 6\u2032 (1,83m) de largeur a 4 [&hellip;]<\/p>\n","protected":false},"featured_media":83467,"template":"","meta":{"_acf_changed":false},"product_brand":[],"product_cat":[125,303,401],"product_tag":[8751,8942,9047,9049,10194,9877],"class_list":{"0":"post-83468","1":"product","2":"type-product","3":"status-publish","4":"has-post-thumbnail","6":"artist-artistes-varies","7":"product_cat-abstrait-et-geometrie","8":"product_cat-nouveautes","9":"product_cat-tous-nos-produits","10":"product_tag-abstrait","11":"product_tag-design-fr","12":"product_tag-geometrie","13":"product_tag-geometrique","14":"product_tag-ligne","15":"product_tag-lignes","17":"first","18":"instock","19":"taxable","20":"shipping-taxable","21":"purchasable","22":"product-type-variable","23":"has-default-attributes"},"acf":[],"_links":{"self":[{"href":"https:\/\/www.muralunique.com\/fr\/wp-json\/wp\/v2\/product\/83468","targetHints":{"allow":["GET"]}}],"collection":[{"href":"https:\/\/www.muralunique.com\/fr\/wp-json\/wp\/v2\/product"}],"about":[{"href":"https:\/\/www.muralunique.com\/fr\/wp-json\/wp\/v2\/types\/product"}],"wp:featuredmedia":[{"embeddable":true,"href":"https:\/\/www.muralunique.com\/fr\/wp-json\/wp\/v2\/media\/83467"}],"wp:attachment":[{"href":"https:\/\/www.muralunique.com\/fr\/wp-json\/wp\/v2\/media?parent=83468"}],"wp:term":[{"taxonomy":"product_brand","embeddable":true,"href":"https:\/\/www.muralunique.com\/fr\/wp-json\/wp\/v2\/product_brand?post=83468"},{"taxonomy":"product_cat","embeddable":true,"href":"https:\/\/www.muralunique.com\/fr\/wp-json\/wp\/v2\/product_cat?post=83468"},{"taxonomy":"product_tag","embeddable":true,"href":"https:\/\/www.muralunique.com\/fr\/wp-json\/wp\/v2\/product_tag?post=83468"}],"curies":[{"name":"wp","href":"https:\/\/api.w.org\/{rel}","templated":true}]}}