{"id":8404,"date":"2016-05-16T13:58:59","date_gmt":"2016-05-16T13:58:59","guid":{"rendered":"https:\/\/muralunique.com\/?post_type=product&#038;p=8404"},"modified":"2025-09-30T16:19:55","modified_gmt":"2025-09-30T20:19:55","slug":"letalon-noir","status":"publish","type":"product","link":"https:\/\/www.muralunique.com\/fr\/produit\/letalon-noir\/","title":{"rendered":"L&#8217;\u00c9talon Noir"},"content":{"rendered":"<p>-Murale en papier peint d&#8217;un magnifique \u00e9talon noir dans un pr\u00e9. La photo murale parfaite pour les amoureux des chevaux.<\/p>\n<p>-La murale comprend des laizes de 18&#8243; (45cm) de largeur. Par exemple, une murale de 6&#8242; (1,83m) de largeur a 4 laizes et une murale de 12&#8242; (3,66m) de largeur a 8 laizes.<\/p>\n<p>-Murale en papier\u00a0peint pr\u00e9encoll\u00e9e, lavable, s&#8217;enl\u00e8ve \u00e0 sec et r\u00e9utilisable. Facile \u00e0 installer, se pose comme du papier\u00a0peint (tapisserie).<\/p>\n<p>-murale de cheval, murale \u00e9talon noir, papier peint cheval, papier peint \u00e9talon noir, tapisserie cheval<\/p>\n","protected":false},"excerpt":{"rendered":"<p>-Murale en papier peint d&#8217;un magnifique \u00e9talon noir dans un pr\u00e9. La photo murale parfaite pour les amoureux des chevaux. -La murale comprend des laizes de 18&#8243; (45cm) de largeur. Par exemple, une murale de 6&#8242; (1,83m) de largeur a 4 laizes et une murale de 12&#8242; (3,66m) de largeur a 8 laizes. -Murale en [&hellip;]<\/p>\n","protected":false},"featured_media":8405,"template":"","meta":{"_acf_changed":false},"product_brand":[203],"product_cat":[131,134,173,401],"product_tag":[9442,8769,9094,9095,8894,8895,9125,9524],"class_list":{"0":"post-8404","1":"product","2":"type-product","3":"status-publish","4":"has-post-thumbnail","6":"product_brand-muralunique-com","7":"product_cat-adolescents","8":"product_cat-animaux","9":"product_cat-enfants","10":"product_cat-tous-nos-produits","11":"product_tag-adolescents","12":"product_tag-animaux","13":"product_tag-cheval","14":"product_tag-chevaux","15":"product_tag-enfant","16":"product_tag-enfants","17":"product_tag-gamins","18":"product_tag-sauvage","20":"first","21":"instock","22":"taxable","23":"shipping-taxable","24":"purchasable","25":"product-type-variable"},"acf":[],"_links":{"self":[{"href":"https:\/\/www.muralunique.com\/fr\/wp-json\/wp\/v2\/product\/8404","targetHints":{"allow":["GET"]}}],"collection":[{"href":"https:\/\/www.muralunique.com\/fr\/wp-json\/wp\/v2\/product"}],"about":[{"href":"https:\/\/www.muralunique.com\/fr\/wp-json\/wp\/v2\/types\/product"}],"wp:featuredmedia":[{"embeddable":true,"href":"https:\/\/www.muralunique.com\/fr\/wp-json\/wp\/v2\/media\/8405"}],"wp:attachment":[{"href":"https:\/\/www.muralunique.com\/fr\/wp-json\/wp\/v2\/media?parent=8404"}],"wp:term":[{"taxonomy":"product_brand","embeddable":true,"href":"https:\/\/www.muralunique.com\/fr\/wp-json\/wp\/v2\/product_brand?post=8404"},{"taxonomy":"product_cat","embeddable":true,"href":"https:\/\/www.muralunique.com\/fr\/wp-json\/wp\/v2\/product_cat?post=8404"},{"taxonomy":"product_tag","embeddable":true,"href":"https:\/\/www.muralunique.com\/fr\/wp-json\/wp\/v2\/product_tag?post=8404"}],"curies":[{"name":"wp","href":"https:\/\/api.w.org\/{rel}","templated":true}]}}