{"id":84260,"date":"2023-11-28T14:19:21","date_gmt":"2023-11-28T19:19:21","guid":{"rendered":"https:\/\/www.muralunique.com\/?post_type=product&#038;p=84260"},"modified":"2023-11-28T14:35:02","modified_gmt":"2023-11-28T19:35:02","slug":"lac-paisible","status":"publish","type":"product","link":"https:\/\/www.muralunique.com\/fr\/produit\/lac-paisible\/","title":{"rendered":"Lac Paisible"},"content":{"rendered":"<p>-Murale en papier peint d&#8217;un lac paisible. Transformez une partie de votre maison en un espace sp\u00e9cial exempt du tumulte de la vie moderne.<\/p>\n<p>-La murale comprend des laizes de 18\u2033 (45cm) de largeur. Par exemple, une murale de 6\u2032 (1,83m) de largeur a 4 laizes et une murale de 12\u2032 (3,66m) de largeur a 8 laizes.<\/p>\n<p>-Murale en papier\u00a0peint pr\u00e9encoll\u00e9e, lavable, s\u2019enl\u00e8ve \u00e0 sec et r\u00e9utilisable. Facile \u00e0 installer, se pose comme du papier\u00a0peint (tapisserie).<\/p>\n<p>-murale lac paisible, tapisserie murale lac paisible, tapisserie lac paisible, papier peint lac paisible, murale en papier peint d&#8217;un lac paisible, murale d&#8217;un lac, tapisserie d&#8217;un lac<\/p>\n","protected":false},"excerpt":{"rendered":"<p>-Murale en papier peint d&#8217;un lac paisible. Transformez une partie de votre maison en un espace sp\u00e9cial exempt du tumulte de la vie moderne. -La murale comprend des laizes de 18\u2033 (45cm) de largeur. Par exemple, une murale de 6\u2032 (1,83m) de largeur a 4 laizes et une murale de 12\u2032 (3,66m) de largeur a [&hellip;]<\/p>\n","protected":false},"featured_media":84259,"template":"","meta":{"_acf_changed":false},"product_brand":[],"product_cat":[153,141,303,401,163],"product_tag":[8979,8788,8831,9013,9186,9011,8864,10252,9517,10253,9135,9261,8849,9467],"class_list":{"0":"post-84260","1":"product","2":"type-product","3":"status-publish","4":"has-post-thumbnail","6":"artist-artistes-varies","7":"product_cat-eau-et-plages","8":"product_cat-nature-et-paysages","9":"product_cat-nouveautes","10":"product_cat-tous-nos-produits","11":"product_cat-trompe-loeil","12":"product_tag-automne-fr","13":"product_tag-automne","14":"product_tag-bateau","15":"product_tag-brouillard","16":"product_tag-bruine","17":"product_tag-brumeux","18":"product_tag-calme","19":"product_tag-canot","20":"product_tag-eau","21":"product_tag-jetee","22":"product_tag-lac","23":"product_tag-paisible","24":"product_tag-pont","25":"product_tag-tranquilite","27":"first","28":"instock","29":"taxable","30":"shipping-taxable","31":"purchasable","32":"product-type-variable","33":"has-default-attributes"},"acf":[],"_links":{"self":[{"href":"https:\/\/www.muralunique.com\/fr\/wp-json\/wp\/v2\/product\/84260","targetHints":{"allow":["GET"]}}],"collection":[{"href":"https:\/\/www.muralunique.com\/fr\/wp-json\/wp\/v2\/product"}],"about":[{"href":"https:\/\/www.muralunique.com\/fr\/wp-json\/wp\/v2\/types\/product"}],"wp:featuredmedia":[{"embeddable":true,"href":"https:\/\/www.muralunique.com\/fr\/wp-json\/wp\/v2\/media\/84259"}],"wp:attachment":[{"href":"https:\/\/www.muralunique.com\/fr\/wp-json\/wp\/v2\/media?parent=84260"}],"wp:term":[{"taxonomy":"product_brand","embeddable":true,"href":"https:\/\/www.muralunique.com\/fr\/wp-json\/wp\/v2\/product_brand?post=84260"},{"taxonomy":"product_cat","embeddable":true,"href":"https:\/\/www.muralunique.com\/fr\/wp-json\/wp\/v2\/product_cat?post=84260"},{"taxonomy":"product_tag","embeddable":true,"href":"https:\/\/www.muralunique.com\/fr\/wp-json\/wp\/v2\/product_tag?post=84260"}],"curies":[{"name":"wp","href":"https:\/\/api.w.org\/{rel}","templated":true}]}}