{"id":8439,"date":"2016-05-23T13:07:27","date_gmt":"2016-05-23T13:07:27","guid":{"rendered":"https:\/\/muralunique.com\/?post_type=product&#038;p=8439"},"modified":"2021-07-30T13:32:03","modified_gmt":"2021-07-30T17:32:03","slug":"mur-de-grange-horizontal-beige","status":"publish","type":"product","link":"https:\/\/www.muralunique.com\/fr\/produit\/mur-de-grange-horizontal-beige\/","title":{"rendered":"Mur de Grange Horizontal (Beige)"},"content":{"rendered":"<p>-Photo murale en papier peint d&#8217;un vieux mur de bois horizontal beige. La r\u00e9solution\u00a0de cette image est exceptionnelle (900\u00a0M\u00e9gaPixels).<\/p>\n<p>-La murale comprend des laizes de 18&#8243; (45cm) de largeur. Par exemple, une murale de 6&#8242; (1,83m) de largeur a 4 laizes et une murale de 12&#8242; (3,66m) de largeur a 8 laizes.<\/p>\n<p>-Murale en papier\u00a0peint pr\u00e9encoll\u00e9e, lavable, s&#8217;enl\u00e8ve \u00e0 sec et r\u00e9utilisable. Facile \u00e0 installer, se pose comme du papier\u00a0peint (tapisserie).<\/p>\n<p>-Photographie de Donn Petelka. Vous pouvez obtenir plus d&#8217;informations \u00e0 cette adresse:\u00a0<a href=\"mailto:donnpetelka@gmail.com\" target=\"_blank\" rel=\"noopener noreferrer\">donnpetelka@gmail.com<\/a>.<\/p>\n<p>-murale planches de bois, photo murale planches de bois, papier peint planches de bois, murale mur de grange, papier peint mur de grange<\/p>\n","protected":false},"excerpt":{"rendered":"<p>-Photo murale en papier peint d&#8217;un vieux mur de bois horizontal beige. La r\u00e9solution\u00a0de cette image est exceptionnelle (900\u00a0M\u00e9gaPixels). -La murale comprend des laizes de 18&#8243; (45cm) de largeur. Par exemple, une murale de 6&#8242; (1,83m) de largeur a 4 laizes et une murale de 12&#8242; (3,66m) de largeur a 8 laizes. -Murale en papier\u00a0peint [&hellip;]<\/p>\n","protected":false},"featured_media":43373,"template":"","meta":{"_acf_changed":false},"product_brand":[197],"product_cat":[169,401,427],"product_tag":[9538,9362,8986,8801,9515,9282,9283,9447,9448],"class_list":{"0":"post-8439","1":"product","2":"type-product","3":"status-publish","4":"has-post-thumbnail","6":"artist-donn-petelka-fr","7":"product_brand-donn-petelka-2","8":"product_cat-textures-2","9":"product_cat-tous-nos-produits","10":"product_cat-ultra-haute-d-finition-photos","11":"product_tag-bois","12":"product_tag-cabanon","13":"product_tag-ferme","14":"product_tag-grange","15":"product_tag-mur","16":"product_tag-planche","17":"product_tag-planches","18":"product_tag-texture-fr","19":"product_tag-texture-fr-2","21":"first","22":"instock","23":"taxable","24":"shipping-taxable","25":"purchasable","26":"product-type-variable","27":"has-default-attributes"},"acf":[],"_links":{"self":[{"href":"https:\/\/www.muralunique.com\/fr\/wp-json\/wp\/v2\/product\/8439","targetHints":{"allow":["GET"]}}],"collection":[{"href":"https:\/\/www.muralunique.com\/fr\/wp-json\/wp\/v2\/product"}],"about":[{"href":"https:\/\/www.muralunique.com\/fr\/wp-json\/wp\/v2\/types\/product"}],"wp:featuredmedia":[{"embeddable":true,"href":"https:\/\/www.muralunique.com\/fr\/wp-json\/wp\/v2\/media\/43373"}],"wp:attachment":[{"href":"https:\/\/www.muralunique.com\/fr\/wp-json\/wp\/v2\/media?parent=8439"}],"wp:term":[{"taxonomy":"product_brand","embeddable":true,"href":"https:\/\/www.muralunique.com\/fr\/wp-json\/wp\/v2\/product_brand?post=8439"},{"taxonomy":"product_cat","embeddable":true,"href":"https:\/\/www.muralunique.com\/fr\/wp-json\/wp\/v2\/product_cat?post=8439"},{"taxonomy":"product_tag","embeddable":true,"href":"https:\/\/www.muralunique.com\/fr\/wp-json\/wp\/v2\/product_tag?post=8439"}],"curies":[{"name":"wp","href":"https:\/\/api.w.org\/{rel}","templated":true}]}}