{"id":8462,"date":"2016-05-26T09:47:43","date_gmt":"2016-05-26T09:47:43","guid":{"rendered":"https:\/\/muralunique.com\/?post_type=product&#038;p=8462"},"modified":"2025-09-30T16:17:30","modified_gmt":"2025-09-30T20:17:30","slug":"geometrie-des-annees-70","status":"publish","type":"product","link":"https:\/\/www.muralunique.com\/fr\/produit\/geometrie-des-annees-70\/","title":{"rendered":"G\u00e9om\u00e9trie des ann\u00e9es 70"},"content":{"rendered":"<p>-Murale en papier peint de carr\u00e9s abstraits du style des ann\u00e9es 70. Murale en haute r\u00e9solution.<\/p>\n<p>-La murale comprend des laizes de 18&#8243; (45cm) de largeur. Par exemple, une murale de 6&#8242; (1,83m) de largeur a 4 laizes et une murale de 12&#8242; (3,66m) de largeur a 8 laizes.<\/p>\n<p>-Murale en papier\u00a0peint pr\u00e9encoll\u00e9e, lavable, s&#8217;enl\u00e8ve \u00e0 sec et r\u00e9utilisable. Facile \u00e0 installer, se pose comme du papier\u00a0peint (tapisserie).<\/p>\n<p>-murale g\u00e9om\u00e9trie ann\u00e9es 70, murale g\u00e9om\u00e9trique, murale g\u00e9om\u00e9trique r\u00e9tro, papier peint g\u00e9om\u00e9trique, papier peint r\u00e9tro<\/p>\n<p>&nbsp;<\/p>\n","protected":false},"excerpt":{"rendered":"<p>-Murale en papier peint de carr\u00e9s abstraits du style des ann\u00e9es 70. Murale en haute r\u00e9solution. -La murale comprend des laizes de 18&#8243; (45cm) de largeur. Par exemple, une murale de 6&#8242; (1,83m) de largeur a 4 laizes et une murale de 12&#8242; (3,66m) de largeur a 8 laizes. -Murale en papier\u00a0peint pr\u00e9encoll\u00e9e, lavable, s&#8217;enl\u00e8ve [&hellip;]<\/p>\n","protected":false},"featured_media":90333,"template":"","meta":{"_acf_changed":false},"product_brand":[203],"product_cat":[125,401,163,425],"product_tag":[8751,9403,9047,9049,9068,9482,9485],"class_list":{"0":"post-8462","1":"product","2":"type-product","3":"status-publish","4":"has-post-thumbnail","6":"product_brand-muralunique-com","7":"product_cat-abstrait-et-geometrie","8":"product_cat-tous-nos-produits","9":"product_cat-trompe-loeil","10":"product_cat-ultra-haute-d-finition-art","11":"product_tag-abstrait","12":"product_tag-carres","13":"product_tag-geometrie","14":"product_tag-geometrique","15":"product_tag-grunge-fr","16":"product_tag-trompe-loeil","17":"product_tag-trompe-oeil-fr","19":"first","20":"instock","21":"taxable","22":"shipping-taxable","23":"purchasable","24":"product-type-variable"},"acf":[],"_links":{"self":[{"href":"https:\/\/www.muralunique.com\/fr\/wp-json\/wp\/v2\/product\/8462","targetHints":{"allow":["GET"]}}],"collection":[{"href":"https:\/\/www.muralunique.com\/fr\/wp-json\/wp\/v2\/product"}],"about":[{"href":"https:\/\/www.muralunique.com\/fr\/wp-json\/wp\/v2\/types\/product"}],"wp:featuredmedia":[{"embeddable":true,"href":"https:\/\/www.muralunique.com\/fr\/wp-json\/wp\/v2\/media\/90333"}],"wp:attachment":[{"href":"https:\/\/www.muralunique.com\/fr\/wp-json\/wp\/v2\/media?parent=8462"}],"wp:term":[{"taxonomy":"product_brand","embeddable":true,"href":"https:\/\/www.muralunique.com\/fr\/wp-json\/wp\/v2\/product_brand?post=8462"},{"taxonomy":"product_cat","embeddable":true,"href":"https:\/\/www.muralunique.com\/fr\/wp-json\/wp\/v2\/product_cat?post=8462"},{"taxonomy":"product_tag","embeddable":true,"href":"https:\/\/www.muralunique.com\/fr\/wp-json\/wp\/v2\/product_tag?post=8462"}],"curies":[{"name":"wp","href":"https:\/\/api.w.org\/{rel}","templated":true}]}}