{"id":8474,"date":"2016-05-26T14:30:32","date_gmt":"2016-05-26T14:30:32","guid":{"rendered":"https:\/\/muralunique.com\/?post_type=product&#038;p=8474"},"modified":"2022-04-16T19:43:58","modified_gmt":"2022-04-16T23:43:58","slug":"time-square-la-nuit","status":"publish","type":"product","link":"https:\/\/www.muralunique.com\/fr\/produit\/time-square-la-nuit\/","title":{"rendered":"Time Square la Nuit"},"content":{"rendered":"<p>-Murale en papier peint tr\u00e8s tendance d&#8217;une sc\u00e8ne de Time Square \u00e0 New York en noir et blanc. Murale en haute r\u00e9solution.<\/p>\n<p>-La murale comprend des laizes de 18\u2033 (45cm) de largeur. Par exemple, une murale de 6\u2032 (1,83m) de largeur a 4 laizes et une murale de 12\u2032 (3,66m) de largeur a 8 laizes.<\/p>\n<p>-Murale en papier\u00a0peint pr\u00e9encoll\u00e9e, lavable, s\u2019enl\u00e8ve \u00e0 sec et r\u00e9utilisable. Facile \u00e0 installer, se pose comme du papier\u00a0peint (tapisserie).<\/p>\n<p>-murale Time Square la nuit, murale en papier peint Time Square la nuit, papier peint Time Square la nuit, murale New York, tapisserie Time Square<\/p>\n","protected":false},"excerpt":{"rendered":"<p>-Murale en papier peint tr\u00e8s tendance d&#8217;une sc\u00e8ne de Time Square \u00e0 New York en noir et blanc. Murale en haute r\u00e9solution. -La murale comprend des laizes de 18\u2033 (45cm) de largeur. Par exemple, une murale de 6\u2032 (1,83m) de largeur a 4 laizes et une murale de 12\u2032 (3,66m) de largeur a 8 laizes. [&hellip;]<\/p>\n","protected":false},"featured_media":8475,"template":"","meta":{"_acf_changed":false},"product_brand":[203],"product_cat":[131,305,166,401,425],"product_tag":[8921,9499,9170,9226,9227,9230,8902,9500,8901],"class_list":{"0":"post-8474","1":"product","2":"type-product","3":"status-publish","4":"has-post-thumbnail","6":"product_brand-muralunique-com","7":"product_cat-adolescents","8":"product_cat-produits-vedettes","9":"product_cat-scenes-urbaines-villes","10":"product_cat-tous-nos-produits","11":"product_cat-ultra-haute-d-finition-art","12":"product_tag-contemporain","13":"product_tag-etats-unis","14":"product_tag-manhattan-fr","15":"product_tag-new-york-fr","16":"product_tag-nuit","17":"product_tag-nyc-fr","18":"product_tag-paysage-urbain","19":"product_tag-urbain","20":"product_tag-ville","22":"first","23":"instock","24":"taxable","25":"shipping-taxable","26":"purchasable","27":"product-type-variable","28":"has-default-attributes"},"acf":[],"_links":{"self":[{"href":"https:\/\/www.muralunique.com\/fr\/wp-json\/wp\/v2\/product\/8474","targetHints":{"allow":["GET"]}}],"collection":[{"href":"https:\/\/www.muralunique.com\/fr\/wp-json\/wp\/v2\/product"}],"about":[{"href":"https:\/\/www.muralunique.com\/fr\/wp-json\/wp\/v2\/types\/product"}],"wp:featuredmedia":[{"embeddable":true,"href":"https:\/\/www.muralunique.com\/fr\/wp-json\/wp\/v2\/media\/8475"}],"wp:attachment":[{"href":"https:\/\/www.muralunique.com\/fr\/wp-json\/wp\/v2\/media?parent=8474"}],"wp:term":[{"taxonomy":"product_brand","embeddable":true,"href":"https:\/\/www.muralunique.com\/fr\/wp-json\/wp\/v2\/product_brand?post=8474"},{"taxonomy":"product_cat","embeddable":true,"href":"https:\/\/www.muralunique.com\/fr\/wp-json\/wp\/v2\/product_cat?post=8474"},{"taxonomy":"product_tag","embeddable":true,"href":"https:\/\/www.muralunique.com\/fr\/wp-json\/wp\/v2\/product_tag?post=8474"}],"curies":[{"name":"wp","href":"https:\/\/api.w.org\/{rel}","templated":true}]}}