{"id":8504,"date":"2016-06-19T20:22:13","date_gmt":"2016-06-19T20:22:13","guid":{"rendered":"https:\/\/muralunique.com\/?post_type=product&#038;p=8504"},"modified":"2022-04-16T19:44:14","modified_gmt":"2022-04-16T23:44:14","slug":"brins-de-folie","status":"publish","type":"product","link":"https:\/\/www.muralunique.com\/fr\/produit\/brins-de-folie\/","title":{"rendered":"Brins de Folie"},"content":{"rendered":"<p>-Photo murale en papier peint d&#8217;un plan rapproch\u00e9 de tiges color\u00e9es floues.<\/p>\n<p>-La murale comprend des laizes de 18\u2033 (45cm) de largeur. Par exemple, une murale de 6\u2032 (1,83m) de largeur a 4 laizes et une murale de 12\u2032 (3,66m) de largeur a 8 laizes.<\/p>\n<p>-Murale en papier\u00a0peint pr\u00e9encoll\u00e9e, lavable, s\u2019enl\u00e8ve \u00e0 sec et r\u00e9utilisable. Facile \u00e0 installer, se pose comme du papier\u00a0peint (tapisserie).<\/p>\n<p>-Photographie de Irene Miller. Vous pouvez obtenir plus d&#8217;informations \u00e0 <a href=\"http:\/\/www.imillerphoto.com\" rel=\"nofollow noopener\" target=\"_blank\">www.imillerphoto.com<\/a>.<\/p>\n<p>-murale tiges floues, papier peint abstrait, murale abstraite, photo murale abstraite, photo murale tiges floues<\/p>\n<p>&nbsp;<\/p>\n","protected":false},"excerpt":{"rendered":"<p>-Photo murale en papier peint d&#8217;un plan rapproch\u00e9 de tiges color\u00e9es floues. -La murale comprend des laizes de 18\u2033 (45cm) de largeur. Par exemple, une murale de 6\u2032 (1,83m) de largeur a 4 laizes et une murale de 12\u2032 (3,66m) de largeur a 8 laizes. -Murale en papier\u00a0peint pr\u00e9encoll\u00e9e, lavable, s\u2019enl\u00e8ve \u00e0 sec et r\u00e9utilisable. [&hellip;]<\/p>\n","protected":false},"featured_media":8505,"template":"","meta":{"_acf_changed":false},"product_brand":[171],"product_cat":[125,150,401],"product_tag":[8751,8905,9413],"class_list":{"0":"post-8504","1":"product","2":"type-product","3":"status-publish","4":"has-post-thumbnail","6":"artist-irene-miller-fr","7":"product_brand-irene-miller-2","8":"product_cat-abstrait-et-geometrie","9":"product_cat-fleurs-et-feuillages","10":"product_cat-tous-nos-produits","11":"product_tag-abstrait","12":"product_tag-plan-rapproche","13":"product_tag-tige","15":"first","16":"instock","17":"taxable","18":"shipping-taxable","19":"purchasable","20":"product-type-variable","21":"has-default-attributes"},"acf":[],"_links":{"self":[{"href":"https:\/\/www.muralunique.com\/fr\/wp-json\/wp\/v2\/product\/8504","targetHints":{"allow":["GET"]}}],"collection":[{"href":"https:\/\/www.muralunique.com\/fr\/wp-json\/wp\/v2\/product"}],"about":[{"href":"https:\/\/www.muralunique.com\/fr\/wp-json\/wp\/v2\/types\/product"}],"wp:featuredmedia":[{"embeddable":true,"href":"https:\/\/www.muralunique.com\/fr\/wp-json\/wp\/v2\/media\/8505"}],"wp:attachment":[{"href":"https:\/\/www.muralunique.com\/fr\/wp-json\/wp\/v2\/media?parent=8504"}],"wp:term":[{"taxonomy":"product_brand","embeddable":true,"href":"https:\/\/www.muralunique.com\/fr\/wp-json\/wp\/v2\/product_brand?post=8504"},{"taxonomy":"product_cat","embeddable":true,"href":"https:\/\/www.muralunique.com\/fr\/wp-json\/wp\/v2\/product_cat?post=8504"},{"taxonomy":"product_tag","embeddable":true,"href":"https:\/\/www.muralunique.com\/fr\/wp-json\/wp\/v2\/product_tag?post=8504"}],"curies":[{"name":"wp","href":"https:\/\/api.w.org\/{rel}","templated":true}]}}