{"id":8518,"date":"2016-07-07T10:44:08","date_gmt":"2016-07-07T10:44:08","guid":{"rendered":"https:\/\/muralunique.com\/?post_type=product&#038;p=8518"},"modified":"2022-04-16T19:44:24","modified_gmt":"2022-04-16T23:44:24","slug":"pont-dans-un-parc-pres-de-mua-cave-a-ninh-binh-vietnam","status":"publish","type":"product","link":"https:\/\/www.muralunique.com\/fr\/produit\/pont-dans-un-parc-pres-de-mua-cave-a-ninh-binh-vietnam\/","title":{"rendered":"Pont dans un Parc pr\u00e8s de Mua Cave \u00e0 Ninh Binh, Vietnam"},"content":{"rendered":"<p>-Murale trompe l&#8217;oeil d&#8217;un pont dans un magnifique parc\u00a0au Vietnam.\u00a0Cette murale\u00a0donnera de la profondeur et de la perspective \u00e0 votre pi\u00e8ce.<\/p>\n<p>-La murale comprend des laizes de 18&#8243; (45cm) de largeur. Par exemple, une murale de 6&#8242; (1,83m) de largeur a 4 laizes et une murale de 12&#8242; (3,66m) de largeur a 8 laizes.<\/p>\n<p>-Murale en papier\u00a0peint pr\u00e9encoll\u00e9e, lavable, s&#8217;enl\u00e8ve \u00e0 sec et r\u00e9utilisable. Facile \u00e0 installer, se pose comme du papier\u00a0peint (tapisserie).<\/p>\n<p>-murale trompe l&#8217;oeil, murale en papier peint trompe l&#8217;oeil, murale d&#8217;un pont, papier peint d&#8217;un pont, murale du Vietnam<\/p>\n","protected":false},"excerpt":{"rendered":"<p>-Murale trompe l&#8217;oeil d&#8217;un pont dans un magnifique parc\u00a0au Vietnam.\u00a0Cette murale\u00a0donnera de la profondeur et de la perspective \u00e0 votre pi\u00e8ce. -La murale comprend des laizes de 18&#8243; (45cm) de largeur. Par exemple, une murale de 6&#8242; (1,83m) de largeur a 4 laizes et une murale de 12&#8242; (3,66m) de largeur a 8 laizes. -Murale [&hellip;]<\/p>\n","protected":false},"featured_media":8519,"template":"","meta":{"_acf_changed":false},"product_brand":[203],"product_cat":[141,138,401,163],"product_tag":[9478,8864,9019,9219,9238,9261,9252,9137,8849,9467,9612,9485],"class_list":{"0":"post-8518","1":"product","2":"type-product","3":"status-publish","4":"has-post-thumbnail","6":"product_brand-muralunique-com","7":"product_cat-nature-et-paysages","8":"product_cat-oriental-religion-spiritualite","9":"product_cat-tous-nos-produits","10":"product_cat-trompe-loeil","11":"product_tag-arbres","12":"product_tag-calme","13":"product_tag-foret","14":"product_tag-nature-fr","15":"product_tag-oriental-fr","16":"product_tag-paisible","17":"product_tag-parc","18":"product_tag-paysage","19":"product_tag-pont","20":"product_tag-tranquilite","21":"product_tag-trompe-loeil-fr","22":"product_tag-trompe-oeil-fr","24":"first","25":"instock","26":"taxable","27":"shipping-taxable","28":"purchasable","29":"product-type-variable","30":"has-default-attributes"},"acf":[],"_links":{"self":[{"href":"https:\/\/www.muralunique.com\/fr\/wp-json\/wp\/v2\/product\/8518","targetHints":{"allow":["GET"]}}],"collection":[{"href":"https:\/\/www.muralunique.com\/fr\/wp-json\/wp\/v2\/product"}],"about":[{"href":"https:\/\/www.muralunique.com\/fr\/wp-json\/wp\/v2\/types\/product"}],"wp:featuredmedia":[{"embeddable":true,"href":"https:\/\/www.muralunique.com\/fr\/wp-json\/wp\/v2\/media\/8519"}],"wp:attachment":[{"href":"https:\/\/www.muralunique.com\/fr\/wp-json\/wp\/v2\/media?parent=8518"}],"wp:term":[{"taxonomy":"product_brand","embeddable":true,"href":"https:\/\/www.muralunique.com\/fr\/wp-json\/wp\/v2\/product_brand?post=8518"},{"taxonomy":"product_cat","embeddable":true,"href":"https:\/\/www.muralunique.com\/fr\/wp-json\/wp\/v2\/product_cat?post=8518"},{"taxonomy":"product_tag","embeddable":true,"href":"https:\/\/www.muralunique.com\/fr\/wp-json\/wp\/v2\/product_tag?post=8518"}],"curies":[{"name":"wp","href":"https:\/\/api.w.org\/{rel}","templated":true}]}}