{"id":8538,"date":"2016-07-09T09:00:51","date_gmt":"2016-07-09T09:00:51","guid":{"rendered":"https:\/\/muralunique.com\/?post_type=product&#038;p=8538"},"modified":"2022-01-13T12:00:43","modified_gmt":"2022-01-13T17:00:43","slug":"vieilles-briques-decolorees","status":"publish","type":"product","link":"https:\/\/www.muralunique.com\/fr\/produit\/vieilles-briques-decolorees\/","title":{"rendered":"Vieilles Briques D\u00e9color\u00e9es"},"content":{"rendered":"<p>-Murale en papier peint d&#8217;un vieux mur de briques d\u00e9color\u00e9es. Photo murale.<\/p>\n<p>-La murale comprend des laizes de 18\u2033 (45cm) de largeur. Par exemple, une murale de 6\u2032 (1,83m) de largeur a 4 laizes et une murale de 12\u2032 (3,66m) de largeur a 8 laizes.<\/p>\n<p>-Murale en papier\u00a0peint pr\u00e9encoll\u00e9e, lavable, s\u2019enl\u00e8ve \u00e0 sec et r\u00e9utilisable. Facile \u00e0 installer, se pose comme du papier\u00a0peint (tapisserie).<\/p>\n<p>-murale vieux mur de briques multicolores, papier peint vieux mur de briques multicolores, photo murale vieux mur de briques multicolores, murale briques, papier peint briques<\/p>\n<p>&nbsp;<\/p>\n","protected":false},"excerpt":{"rendered":"<p>-Murale en papier peint d&#8217;un vieux mur de briques d\u00e9color\u00e9es. Photo murale. -La murale comprend des laizes de 18\u2033 (45cm) de largeur. Par exemple, une murale de 6\u2032 (1,83m) de largeur a 4 laizes et une murale de 12\u2032 (3,66m) de largeur a 8 laizes. -Murale en papier\u00a0peint pr\u00e9encoll\u00e9e, lavable, s\u2019enl\u00e8ve \u00e0 sec et r\u00e9utilisable. [&hellip;]<\/p>\n","protected":false},"featured_media":8539,"template":"","meta":{"_acf_changed":false},"product_brand":[203],"product_cat":[169,401],"product_tag":[8846,8847,9068,9515,9447,9448,9234],"class_list":{"0":"post-8538","1":"product","2":"type-product","3":"status-publish","4":"has-post-thumbnail","6":"product_brand-muralunique-com","7":"product_cat-textures-2","8":"product_cat-tous-nos-produits","9":"product_tag-brique","10":"product_tag-briques","11":"product_tag-grunge-fr","12":"product_tag-mur","13":"product_tag-texture-fr","14":"product_tag-texture-fr-2","15":"product_tag-vieux","17":"first","18":"instock","19":"taxable","20":"shipping-taxable","21":"purchasable","22":"product-type-variable","23":"has-default-attributes"},"acf":[],"_links":{"self":[{"href":"https:\/\/www.muralunique.com\/fr\/wp-json\/wp\/v2\/product\/8538","targetHints":{"allow":["GET"]}}],"collection":[{"href":"https:\/\/www.muralunique.com\/fr\/wp-json\/wp\/v2\/product"}],"about":[{"href":"https:\/\/www.muralunique.com\/fr\/wp-json\/wp\/v2\/types\/product"}],"wp:featuredmedia":[{"embeddable":true,"href":"https:\/\/www.muralunique.com\/fr\/wp-json\/wp\/v2\/media\/8539"}],"wp:attachment":[{"href":"https:\/\/www.muralunique.com\/fr\/wp-json\/wp\/v2\/media?parent=8538"}],"wp:term":[{"taxonomy":"product_brand","embeddable":true,"href":"https:\/\/www.muralunique.com\/fr\/wp-json\/wp\/v2\/product_brand?post=8538"},{"taxonomy":"product_cat","embeddable":true,"href":"https:\/\/www.muralunique.com\/fr\/wp-json\/wp\/v2\/product_cat?post=8538"},{"taxonomy":"product_tag","embeddable":true,"href":"https:\/\/www.muralunique.com\/fr\/wp-json\/wp\/v2\/product_tag?post=8538"}],"curies":[{"name":"wp","href":"https:\/\/api.w.org\/{rel}","templated":true}]}}