{"id":8550,"date":"2016-07-11T12:19:30","date_gmt":"2016-07-11T12:19:30","guid":{"rendered":"https:\/\/muralunique.com\/?post_type=product&#038;p=8550"},"modified":"2021-07-29T19:04:52","modified_gmt":"2021-07-29T23:04:52","slug":"roses-jaunes","status":"publish","type":"product","link":"https:\/\/www.muralunique.com\/fr\/produit\/roses-jaunes\/","title":{"rendered":"Roses Jaunes"},"content":{"rendered":"<p>-Magnifique photo murale d&#8217;un plan rapproch\u00e9 de roses jaunes.\u00a0La qualit\u00e9 (r\u00e9solution) de cette image est exceptionnelle (363\u00a0M\u00e9gaPixels).<\/p>\n<p>-La murale comprend des laizes de 18\u2033 (45cm) de largeur. Par exemple, une murale de 6\u2032 (1,83m) de largeur a 4 laizes et une murale de 12\u2032 (3,66m) de largeur a 8 laizes.<\/p>\n<p>-Murale en papier\u00a0peint pr\u00e9encoll\u00e9e, lavable, s\u2019enl\u00e8ve \u00e0 sec et r\u00e9utilisable. Facile \u00e0 installer, se pose comme du papier\u00a0peint (tapisserie).<\/p>\n<p>-Photographie de Donn Petelka. Vous pouvez obtenir plus d&#8217;informations \u00e0 cette adresse:\u00a0<a href=\"mailto:donnpetelka@gmail.com\" target=\"_blank\" rel=\"noopener noreferrer\">donnpetelka@gmail.com<\/a>.<\/p>\n<p>-murale roses jaunes, murale en papier peint roses jaunes, photo murale roses jaunes, tapisserie roses jaunes, murale roses<\/p>\n","protected":false},"excerpt":{"rendered":"<p>-Magnifique photo murale d&#8217;un plan rapproch\u00e9 de roses jaunes.\u00a0La qualit\u00e9 (r\u00e9solution) de cette image est exceptionnelle (363\u00a0M\u00e9gaPixels). -La murale comprend des laizes de 18\u2033 (45cm) de largeur. Par exemple, une murale de 6\u2032 (1,83m) de largeur a 4 laizes et une murale de 12\u2032 (3,66m) de largeur a 8 laizes. -Murale en papier\u00a0peint pr\u00e9encoll\u00e9e, lavable, [&hellip;]<\/p>\n","protected":false},"featured_media":8551,"template":"","meta":{"_acf_changed":false},"product_brand":[197],"product_cat":[150,401,427],"product_tag":[9009,9010,9006,8905,9341],"class_list":{"0":"post-8550","1":"product","2":"type-product","3":"status-publish","4":"has-post-thumbnail","6":"artist-donn-petelka-fr","7":"product_brand-donn-petelka-2","8":"product_cat-fleurs-et-feuillages","9":"product_cat-tous-nos-produits","10":"product_cat-ultra-haute-d-finition-photos","11":"product_tag-fleur","12":"product_tag-fleurs","13":"product_tag-floral-fr","14":"product_tag-plan-rapproche","15":"product_tag-roses-fr","17":"first","18":"instock","19":"taxable","20":"shipping-taxable","21":"purchasable","22":"product-type-variable","23":"has-default-attributes"},"acf":[],"_links":{"self":[{"href":"https:\/\/www.muralunique.com\/fr\/wp-json\/wp\/v2\/product\/8550","targetHints":{"allow":["GET"]}}],"collection":[{"href":"https:\/\/www.muralunique.com\/fr\/wp-json\/wp\/v2\/product"}],"about":[{"href":"https:\/\/www.muralunique.com\/fr\/wp-json\/wp\/v2\/types\/product"}],"wp:featuredmedia":[{"embeddable":true,"href":"https:\/\/www.muralunique.com\/fr\/wp-json\/wp\/v2\/media\/8551"}],"wp:attachment":[{"href":"https:\/\/www.muralunique.com\/fr\/wp-json\/wp\/v2\/media?parent=8550"}],"wp:term":[{"taxonomy":"product_brand","embeddable":true,"href":"https:\/\/www.muralunique.com\/fr\/wp-json\/wp\/v2\/product_brand?post=8550"},{"taxonomy":"product_cat","embeddable":true,"href":"https:\/\/www.muralunique.com\/fr\/wp-json\/wp\/v2\/product_cat?post=8550"},{"taxonomy":"product_tag","embeddable":true,"href":"https:\/\/www.muralunique.com\/fr\/wp-json\/wp\/v2\/product_tag?post=8550"}],"curies":[{"name":"wp","href":"https:\/\/api.w.org\/{rel}","templated":true}]}}