{"id":85740,"date":"2023-12-19T17:05:09","date_gmt":"2023-12-19T22:05:09","guid":{"rendered":"https:\/\/www.muralunique.com\/?post_type=product&#038;p=85740"},"modified":"2023-12-19T17:26:31","modified_gmt":"2023-12-19T22:26:31","slug":"bienvenue-a-las-vegas-sepia","status":"publish","type":"product","link":"https:\/\/www.muralunique.com\/fr\/produit\/bienvenue-a-las-vegas-sepia\/","title":{"rendered":"Bienvenue \u00e0 Las Vegas (S\u00e9pia)"},"content":{"rendered":"<p>-Murale en couleur s\u00e9pia du c\u00e9l\u00e8bre panneau de bienvenue de Las Vegas. Ce signe est un monument touristique tr\u00e8s populaire de Las Vegas, Nevada, \u00c9tats-Unis.<\/p>\n<p>-La murale comprend des laizes de 18\u2033 (45cm) de largeur. Par exemple, une murale de 6\u2032 (1,83m) de largeur a 4 laizes et une murale de 12\u2032 (3,66m) de largeur a 8 laizes.<\/p>\n<p>-Murale en papier\u00a0peint pr\u00e9encoll\u00e9e, lavable, s\u2019enl\u00e8ve \u00e0 sec et r\u00e9utilisable. Facile \u00e0 installer, se pose comme du papier\u00a0peint (tapisserie).<\/p>\n<p>-murale Las Vegas en s\u00e9pia, tapisserie murale Las Vegas en s\u00e9pia, papier peint Las Vegas en s\u00e9pia, murale en papier peint Las Vegas en s\u00e9pia<\/p>\n","protected":false},"excerpt":{"rendered":"<p>-Murale en couleur s\u00e9pia du c\u00e9l\u00e8bre panneau de bienvenue de Las Vegas. Ce signe est un monument touristique tr\u00e8s populaire de Las Vegas, Nevada, \u00c9tats-Unis. -La murale comprend des laizes de 18\u2033 (45cm) de largeur. Par exemple, une murale de 6\u2032 (1,83m) de largeur a 4 laizes et une murale de 12\u2032 (3,66m) de largeur [&hellip;]<\/p>\n","protected":false},"featured_media":85746,"template":"","meta":{"_acf_changed":false},"product_brand":[],"product_cat":[166,401,163],"product_tag":[8982,9499,8713,8902,9500,8741,8901],"class_list":{"0":"post-85740","1":"product","2":"type-product","3":"status-publish","4":"has-post-thumbnail","6":"product_cat-scenes-urbaines-villes","7":"product_cat-tous-nos-produits","8":"product_cat-trompe-loeil","9":"product_tag-celebre","10":"product_tag-etats-unis","11":"product_tag-nevada-fr","12":"product_tag-paysage-urbain","13":"product_tag-urbain","14":"product_tag-usa-fr","15":"product_tag-ville","17":"first","18":"instock","19":"taxable","20":"shipping-taxable","21":"purchasable","22":"product-type-variable","23":"has-default-attributes"},"acf":[],"_links":{"self":[{"href":"https:\/\/www.muralunique.com\/fr\/wp-json\/wp\/v2\/product\/85740","targetHints":{"allow":["GET"]}}],"collection":[{"href":"https:\/\/www.muralunique.com\/fr\/wp-json\/wp\/v2\/product"}],"about":[{"href":"https:\/\/www.muralunique.com\/fr\/wp-json\/wp\/v2\/types\/product"}],"wp:featuredmedia":[{"embeddable":true,"href":"https:\/\/www.muralunique.com\/fr\/wp-json\/wp\/v2\/media\/85746"}],"wp:attachment":[{"href":"https:\/\/www.muralunique.com\/fr\/wp-json\/wp\/v2\/media?parent=85740"}],"wp:term":[{"taxonomy":"product_brand","embeddable":true,"href":"https:\/\/www.muralunique.com\/fr\/wp-json\/wp\/v2\/product_brand?post=85740"},{"taxonomy":"product_cat","embeddable":true,"href":"https:\/\/www.muralunique.com\/fr\/wp-json\/wp\/v2\/product_cat?post=85740"},{"taxonomy":"product_tag","embeddable":true,"href":"https:\/\/www.muralunique.com\/fr\/wp-json\/wp\/v2\/product_tag?post=85740"}],"curies":[{"name":"wp","href":"https:\/\/api.w.org\/{rel}","templated":true}]}}