{"id":85773,"date":"2023-12-20T11:17:35","date_gmt":"2023-12-20T16:17:35","guid":{"rendered":"https:\/\/www.muralunique.com\/?post_type=product&#038;p=85773"},"modified":"2023-12-20T11:35:46","modified_gmt":"2023-12-20T16:35:46","slug":"voie-celeste","status":"publish","type":"product","link":"https:\/\/www.muralunique.com\/fr\/produit\/voie-celeste\/","title":{"rendered":"Voie C\u00e9leste"},"content":{"rendered":"<p>-Murale trompe l&#8217;\u0153il d&#8217;un petit pont en bois dans une for\u00eat paisible. Une tapisserie murale d\u2019un pont qui s\u2019ouvre sur le paysage d\u2019une for\u00eat cr\u00e9e une atmosph\u00e8re des plus accueillantes. Dans la philosophie zen, l\u2019image d\u2019un pont symbolise le passage entre le monde des hommes et celui de la nature.<\/p>\n<p>-La murale comprend des laizes de 18\u2033 (45cm) de largeur. Par exemple, une murale de 6\u2032 (1,83m) de largeur a 4 laizes et une murale de 12\u2032 (3,66m) de largeur a 8 laizes.<\/p>\n<p>-Murale en papier\u00a0peint pr\u00e9encoll\u00e9e, lavable, s\u2019enl\u00e8ve \u00e0 sec et r\u00e9utilisable. Facile \u00e0 installer, se pose comme du papier\u00a0peint (tapisserie).<\/p>\n<p>-murale voie c\u00e9leste, murale en papier peint voie c\u00e9leste, tapisserie murale voie c\u00e9leste, murale pont dans une for\u00eat, tapisserie murale pont dans une for\u00eat, murale en papier peint pont dans une for\u00eat<\/p>\n","protected":false},"excerpt":{"rendered":"<p>-Murale trompe l&#8217;\u0153il d&#8217;un petit pont en bois dans une for\u00eat paisible. Une tapisserie murale d\u2019un pont qui s\u2019ouvre sur le paysage d\u2019une for\u00eat cr\u00e9e une atmosph\u00e8re des plus accueillantes. Dans la philosophie zen, l\u2019image d\u2019un pont symbolise le passage entre le monde des hommes et celui de la nature. -La murale comprend des laizes [&hellip;]<\/p>\n","protected":false},"featured_media":85772,"template":"","meta":{"_acf_changed":false},"product_brand":[],"product_cat":[153,141,303,401,163],"product_tag":[8864,9517,9019,9219,9261,9137,8849,10278,9467,9483,9482,9485,9552],"class_list":{"0":"post-85773","1":"product","2":"type-product","3":"status-publish","4":"has-post-thumbnail","6":"product_cat-eau-et-plages","7":"product_cat-nature-et-paysages","8":"product_cat-nouveautes","9":"product_cat-tous-nos-produits","10":"product_cat-trompe-loeil","11":"product_tag-calme","12":"product_tag-eau","13":"product_tag-foret","14":"product_tag-nature-fr","15":"product_tag-paisible","16":"product_tag-paysage","17":"product_tag-pont","18":"product_tag-ruisseau","19":"product_tag-tranquilite","20":"product_tag-trompe-l-oeil","21":"product_tag-trompe-loeil","22":"product_tag-trompe-oeil-fr","23":"product_tag-zen-fr","25":"first","26":"instock","27":"taxable","28":"shipping-taxable","29":"purchasable","30":"product-type-variable","31":"has-default-attributes"},"acf":[],"_links":{"self":[{"href":"https:\/\/www.muralunique.com\/fr\/wp-json\/wp\/v2\/product\/85773","targetHints":{"allow":["GET"]}}],"collection":[{"href":"https:\/\/www.muralunique.com\/fr\/wp-json\/wp\/v2\/product"}],"about":[{"href":"https:\/\/www.muralunique.com\/fr\/wp-json\/wp\/v2\/types\/product"}],"wp:featuredmedia":[{"embeddable":true,"href":"https:\/\/www.muralunique.com\/fr\/wp-json\/wp\/v2\/media\/85772"}],"wp:attachment":[{"href":"https:\/\/www.muralunique.com\/fr\/wp-json\/wp\/v2\/media?parent=85773"}],"wp:term":[{"taxonomy":"product_brand","embeddable":true,"href":"https:\/\/www.muralunique.com\/fr\/wp-json\/wp\/v2\/product_brand?post=85773"},{"taxonomy":"product_cat","embeddable":true,"href":"https:\/\/www.muralunique.com\/fr\/wp-json\/wp\/v2\/product_cat?post=85773"},{"taxonomy":"product_tag","embeddable":true,"href":"https:\/\/www.muralunique.com\/fr\/wp-json\/wp\/v2\/product_tag?post=85773"}],"curies":[{"name":"wp","href":"https:\/\/api.w.org\/{rel}","templated":true}]}}