{"id":85845,"date":"2023-12-21T16:28:44","date_gmt":"2023-12-21T21:28:44","guid":{"rendered":"https:\/\/www.muralunique.com\/?post_type=product&#038;p=85845"},"modified":"2023-12-28T09:42:01","modified_gmt":"2023-12-28T14:42:01","slug":"cristal","status":"publish","type":"product","link":"https:\/\/www.muralunique.com\/fr\/produit\/cristal\/","title":{"rendered":"Cristal"},"content":{"rendered":"<p id=\"tw-target-text\" class=\"tw-data-text tw-text-large tw-ta\" dir=\"ltr\" data-placeholder=\"Translation\" data-ved=\"2ahUKEwiE76L4p7KDAxX5pIkEHUQfCG0Q3ewLegQICRAQ\"><span class=\"Y2IQFc\" lang=\"fr\">-Murale en papier peint vibrante d\u2019un design de cristal. Cette murale originale est un excellent moyen d&#8217;\u00e9gayer votre espace de vie et de vous aider \u00e0 adopter un \u00e9tat d&#8217;esprit positif.<\/span><\/p>\n<p>-La murale comprend des laizes de 18\u2033 (45cm) de largeur. Par exemple, une murale de 6\u2032 (1,83m) de largeur a 4 laizes et une murale de 12\u2032 (3,66m) de largeur a 8 laizes.<\/p>\n<p>-Murale en papier\u00a0peint pr\u00e9encoll\u00e9e, lavable, s\u2019enl\u00e8ve \u00e0 sec et r\u00e9utilisable. Facile \u00e0 installer, se pose comme du papier\u00a0peint (tapisserie).<\/p>\n<p>-murale d&#8217;un design de cristal, murale cristal, tapisserie murale d&#8217;un design de cristal, tapisserie murale cristal, papier peint d&#8217;un design de cristal, papier peint cristal<\/p>\n","protected":false},"excerpt":{"rendered":"<p>-Murale en papier peint vibrante d\u2019un design de cristal. Cette murale originale est un excellent moyen d&#8217;\u00e9gayer votre espace de vie et de vous aider \u00e0 adopter un \u00e9tat d&#8217;esprit positif. -La murale comprend des laizes de 18\u2033 (45cm) de largeur. Par exemple, une murale de 6\u2032 (1,83m) de largeur a 4 laizes et une [&hellip;]<\/p>\n","protected":false},"featured_media":85844,"template":"","meta":{"_acf_changed":false},"product_brand":[],"product_cat":[125,10434,303,401,163],"product_tag":[8751,10270,10271,10272,10273,10274,10275,9047,9049,10276,10277,9416,9417,9483,9482,9485],"class_list":{"0":"post-85845","1":"product","2":"type-product","3":"status-publish","4":"has-post-thumbnail","6":"product_cat-abstrait-et-geometrie","7":"product_cat-images-panoramiques","8":"product_cat-nouveautes","9":"product_cat-tous-nos-produits","10":"product_cat-trompe-loeil","11":"product_tag-abstrait","12":"product_tag-cristal","13":"product_tag-cristals","14":"product_tag-diamant","15":"product_tag-diamants","16":"product_tag-gemme","17":"product_tag-gemmes-fr","18":"product_tag-geometrie","19":"product_tag-geometrique","20":"product_tag-joyau","21":"product_tag-joyaux","22":"product_tag-pierre","23":"product_tag-pierres","24":"product_tag-trompe-l-oeil","25":"product_tag-trompe-loeil","26":"product_tag-trompe-oeil-fr","28":"first","29":"instock","30":"taxable","31":"shipping-taxable","32":"purchasable","33":"product-type-variable","34":"has-default-attributes"},"acf":[],"_links":{"self":[{"href":"https:\/\/www.muralunique.com\/fr\/wp-json\/wp\/v2\/product\/85845","targetHints":{"allow":["GET"]}}],"collection":[{"href":"https:\/\/www.muralunique.com\/fr\/wp-json\/wp\/v2\/product"}],"about":[{"href":"https:\/\/www.muralunique.com\/fr\/wp-json\/wp\/v2\/types\/product"}],"wp:featuredmedia":[{"embeddable":true,"href":"https:\/\/www.muralunique.com\/fr\/wp-json\/wp\/v2\/media\/85844"}],"wp:attachment":[{"href":"https:\/\/www.muralunique.com\/fr\/wp-json\/wp\/v2\/media?parent=85845"}],"wp:term":[{"taxonomy":"product_brand","embeddable":true,"href":"https:\/\/www.muralunique.com\/fr\/wp-json\/wp\/v2\/product_brand?post=85845"},{"taxonomy":"product_cat","embeddable":true,"href":"https:\/\/www.muralunique.com\/fr\/wp-json\/wp\/v2\/product_cat?post=85845"},{"taxonomy":"product_tag","embeddable":true,"href":"https:\/\/www.muralunique.com\/fr\/wp-json\/wp\/v2\/product_tag?post=85845"}],"curies":[{"name":"wp","href":"https:\/\/api.w.org\/{rel}","templated":true}]}}